{"id":18314,"date":"2024-03-23T10:11:56","date_gmt":"2024-03-23T10:11:56","guid":{"rendered":"https:\/\/skinstudio.ee\/?post_type=product&#038;p=18314"},"modified":"2025-11-12T13:23:34","modified_gmt":"2025-11-12T13:23:34","slug":"c-tetra-travel-size-8ml","status":"publish","type":"product","link":"https:\/\/skinstudio.ee\/en\/kataloog\/medik8\/c-tetra-travel-size-8ml\/","title":{"rendered":"C-Tetra\u00ae Travel-size 8ml"},"content":{"rendered":"<p data-start=\"2242\" data-end=\"2541\">Kasutades <strong data-start=\"2269\" data-end=\"2290\">C- ja E-vitamiini<\/strong> antioks\u00fcdantset j\u00f5udu, muudab <strong data-start=\"2321\" data-end=\"2333\">C-Tetra\u00ae<\/strong> seerum naha tooni \u00fchtlasemaks ja s\u00e4ravamaks, neutraliseerides vabu radikaale ja v\u00e4hendades n\u00e4htavaid vananemism\u00e4rke. Selle kerge, kiiresti imenduv tekstuur j\u00e4tab naha pehmeks, siledaks ja kaunilt kumavaks.<\/p>\n<p data-start=\"2543\" data-end=\"2865\">Unikaalne <strong data-start=\"2553\" data-end=\"2572\">veevaba koostis<\/strong> tagab C-vitamiini 100% stabiilsuse kogu s\u00e4ilivusaja v\u00e4ltel, s\u00e4ilitades selle maksimaalse efektiivsuse igal kasutuskorral. T\u00e4iuslik valik neile, kes alles alustavad C-vitamiini kasutamist, v\u00f5i soovivad liikuda sammu edasi p\u00e4rast <strong data-start=\"2801\" data-end=\"2818\">C-Tetra Cream<\/strong> v\u00f5i <strong data-start=\"2823\" data-end=\"2851\">Daily Radiance Vitamin C<\/strong> kasutamist.<\/p>\n<p data-start=\"2867\" data-end=\"3260\"><strong data-start=\"2867\" data-end=\"2893\">Aktiivsed koostisosad:<\/strong><br data-start=\"2893\" data-end=\"2896\" \/>\u2013 <strong data-start=\"2898\" data-end=\"2930\">Tetraheks\u00fc\u00fcldek\u00fc\u00fclastsorbaat<\/strong> \u2013 rasvlahustuv C-vitamiini vorm, mis pakub erakordset antioks\u00fcdantset kaitset ja stimuleerib kollageeni tootmist, andes nahale noorusliku ja s\u00e4rava v\u00e4limuse.<br data-start=\"3088\" data-end=\"3091\" \/>\u2013 <strong data-start=\"3093\" data-end=\"3107\">E-vitamiin<\/strong> \u2013 rasvlahustuv antioks\u00fcdant, mis esineb loomulikult nahas, kaitseb vabadest radikaalidest ning taastub C-vitamiini abil, et suurendada selle t\u00f5husust.<\/p>\n<p data-start=\"3262\" data-end=\"3279\"><strong data-start=\"3262\" data-end=\"3271\">Maht:<\/strong> 8 ml<\/p>\n<p>&nbsp;<\/p>\n","protected":false},"excerpt":{"rendered":"<p data-start=\"1855\" data-end=\"1902\">\u00dclikerge igap\u00e4evane C-vitamiini seerum<\/p>\n<h2 data-start=\"1904\" data-end=\"2204\"><strong data-start=\"1904\" data-end=\"1934\">MEDIK8 &#8211; C-Tetra\u00ae omadused<\/strong><\/h2>\n<p data-start=\"1904\" data-end=\"2204\">\u2714\ufe0f Kaitseb nahka vabade radikaalide, p\u00e4ikesekahjustuste ja saaste eest<br data-start=\"2007\" data-end=\"2010\" \/>\u2714\ufe0f Stimuleerib kollageeni ja elastiini tootmist<br data-start=\"2057\" data-end=\"2060\" \/>\u2714\ufe0f \u00dchtlustab ja muudab naha tooni s\u00e4ravamaks<br data-start=\"2104\" data-end=\"2107\" \/>\u2714\ufe0f Taastab naha sileduse ja loomuliku s\u00e4ra<br data-start=\"2149\" data-end=\"2152\" \/>\u2714\ufe0f Tagab v\u00f5imsa antioks\u00fcdantse kaitse kogu p\u00e4evaks<\/p>\n<p><span style=\"text-decoration: underline; color: #0000ff;\"><span style=\"font-weight: 400;\"><a style=\"color: #0000ff; text-decoration: underline;\" href=\"https:\/\/skinstudio.ee\/toode\/medik8\/c-tetra\/\">Saadaval C-Tetra Full-Size 30ml<\/a><\/span><\/span><\/p>\n","protected":false},"featured_media":18313,"template":"","meta":[],"pwb-brand":[572],"product_brand":[],"product_cat":[190,226,114],"product_tag":[],"giftcard-category":[],"class_list":{"0":"post-18314","1":"product","2":"type-product","3":"status-publish","4":"has-post-thumbnail","6":"pwb-brand-medik8","7":"product_cat-kuiv-nahk","8":"product_cat-travel-size-et","9":"product_cat-vitamiin-","11":"first","12":"instock","13":"taxable","14":"shipping-taxable","15":"purchasable","16":"product-type-simple"},"acf":[],"brands":[{"id":572,"name":"Medik8","slug":"medik8"}],"_links":{"self":[{"href":"https:\/\/skinstudio.ee\/en\/wp-json\/wp\/v2\/product\/18314","targetHints":{"allow":["GET"]}}],"collection":[{"href":"https:\/\/skinstudio.ee\/en\/wp-json\/wp\/v2\/product"}],"about":[{"href":"https:\/\/skinstudio.ee\/en\/wp-json\/wp\/v2\/types\/product"}],"version-history":[{"count":0,"href":"https:\/\/skinstudio.ee\/en\/wp-json\/wp\/v2\/product\/18314\/revisions"}],"wp:featuredmedia":[{"embeddable":true,"href":"https:\/\/skinstudio.ee\/en\/wp-json\/wp\/v2\/media\/18313"}],"wp:attachment":[{"href":"https:\/\/skinstudio.ee\/en\/wp-json\/wp\/v2\/media?parent=18314"}],"wp:term":[{"taxonomy":"pwb-brand","embeddable":true,"href":"https:\/\/skinstudio.ee\/en\/wp-json\/wp\/v2\/pwb-brand?post=18314"},{"taxonomy":"product_brand","embeddable":true,"href":"https:\/\/skinstudio.ee\/en\/wp-json\/wp\/v2\/product_brand?post=18314"},{"taxonomy":"product_cat","embeddable":true,"href":"https:\/\/skinstudio.ee\/en\/wp-json\/wp\/v2\/product_cat?post=18314"},{"taxonomy":"product_tag","embeddable":true,"href":"https:\/\/skinstudio.ee\/en\/wp-json\/wp\/v2\/product_tag?post=18314"},{"taxonomy":"giftcard-category","embeddable":true,"href":"https:\/\/skinstudio.ee\/en\/wp-json\/wp\/v2\/giftcard-category?post=18314"}],"curies":[{"name":"wp","href":"https:\/\/api.w.org\/{rel}","templated":true}]}}