{"id":22991,"date":"2024-11-06T16:10:43","date_gmt":"2024-11-06T16:10:43","guid":{"rendered":"https:\/\/skinstudio.ee\/?post_type=product&#038;p=22991"},"modified":"2025-09-18T13:37:22","modified_gmt":"2025-09-18T13:37:22","slug":"sunscreen-primer-spf-30-travel-size","status":"publish","type":"product","link":"https:\/\/skinstudio.ee\/en\/kataloog\/zo-skin-health\/sunscreen-primer-spf-30-travel-size\/","title":{"rendered":"Sunscreen + Primer SPF 30 Travel-size"},"content":{"rendered":"<p class=\"p1\">See ZOX12\u00ae kompleksiga kahetoimeline p\u00e4ikesekaitsekreem kaitseb UVA\/UVB kiirguse ja IR-kiirguse ning HEV-valguse kahjulike m\u00f5jude eest.<br \/>\nNiisutab ja toimib jumestuskreemina, mis j\u00e4tab naha matiks ja v\u00e4hendab nahadefekte.<\/p>\n<p><strong>Peamised koostisosad<\/strong><br \/>\nTitaandioksiid (1%)- laia spektriga UVA\/UVB kaitse.<br \/>\nLooduslik melaniin- looduslikud fotokaitsvad \u00fchendid ja vabade radikaalide blokeerijad.<br \/>\nVitamiin E- antioks\u00fcdantiivsed omadused.<br \/>\nSilikoonid- valmistab naha meikimiseks ette, tulemuseks on pehme ja siidine nahk.<\/p>\n<p>Suurus: 15ml<\/p>\n","protected":false},"excerpt":{"rendered":"<p><span style=\"color: #ff0000;\">NB! Toodet saab osta ainult p\u00e4rast spetsialistiga konsulteerimist. Helistage meile numbril \u00a0<a href=\"http:\/\/+37258500171\/\">+372 58 500 171<\/a>\u00a0 v\u00f5i j\u00e4tke oma p\u00e4ring aadressile <a href=\"mailto:info@skinstudio.ee\">info@skinstudio.ee.<\/a> Meie konsultandid aitavad teid selle br\u00e4ndi ostmisel.<\/span><\/p>\n<p class=\"p1\">ZOX12\u00ae kompleksiga kahetoimeline p\u00e4ikesekaitsekreem<\/p>\n<h2><strong>ZO\u00ae SKIN HEALTH &#8211; Sunscreen + Primer omadused<\/strong><\/h2>\n<p>\u2714\ufe0f 2-in-1: p\u00e4ikesekaitse ja primer<br data-start=\"2569\" data-end=\"2572\" \/>\u2714\ufe0f J\u00e4tab mati l\u00f5pptulemuse<br data-start=\"2599\" data-end=\"2602\" \/>\u2714\ufe0f Kaitseb UVA\/UVB kiirguse eest<br data-start=\"2635\" data-end=\"2638\" \/>\u2714\ufe0f Sobib meigi alla<br data-start=\"2658\" data-end=\"2661\" \/>\u2714\ufe0f Mittekomedogeenne koostis<\/p>\n<p><span style=\"text-decoration: underline; color: #0000ff;\"><a style=\"color: #0000ff; text-decoration: underline;\" href=\"https:\/\/skinstudio.ee\/toode\/sunscreen-primer-spf-30-2\/?preview_id=8226&amp;preview_nonce=eb8bde4437&amp;_thumbnail_id=7078&amp;preview=true\">Saadaval Sunscreen + Primer SPF30 30ml Full-Size<\/a><\/span><\/p>\n","protected":false},"featured_media":22938,"template":"","meta":[],"pwb-brand":[570],"product_brand":[],"product_cat":[198,98,226,277],"product_tag":[],"giftcard-category":[],"class_list":{"0":"post-22991","1":"product","2":"type-product","3":"status-publish","4":"has-post-thumbnail","6":"pwb-brand-zo-skin-health","7":"product_cat-meik","8":"product_cat-spf-kaitse","9":"product_cat-travel-size-et","10":"product_cat-zo-skin-health-et","12":"first","13":"instock","14":"sale","15":"taxable","16":"shipping-taxable","17":"purchasable","18":"product-type-simple"},"acf":[],"brands":[{"id":570,"name":"ZO\u00ae SKIN HEALTH","slug":"zo-skin-health"}],"_links":{"self":[{"href":"https:\/\/skinstudio.ee\/en\/wp-json\/wp\/v2\/product\/22991","targetHints":{"allow":["GET"]}}],"collection":[{"href":"https:\/\/skinstudio.ee\/en\/wp-json\/wp\/v2\/product"}],"about":[{"href":"https:\/\/skinstudio.ee\/en\/wp-json\/wp\/v2\/types\/product"}],"version-history":[{"count":0,"href":"https:\/\/skinstudio.ee\/en\/wp-json\/wp\/v2\/product\/22991\/revisions"}],"wp:featuredmedia":[{"embeddable":true,"href":"https:\/\/skinstudio.ee\/en\/wp-json\/wp\/v2\/media\/22938"}],"wp:attachment":[{"href":"https:\/\/skinstudio.ee\/en\/wp-json\/wp\/v2\/media?parent=22991"}],"wp:term":[{"taxonomy":"pwb-brand","embeddable":true,"href":"https:\/\/skinstudio.ee\/en\/wp-json\/wp\/v2\/pwb-brand?post=22991"},{"taxonomy":"product_brand","embeddable":true,"href":"https:\/\/skinstudio.ee\/en\/wp-json\/wp\/v2\/product_brand?post=22991"},{"taxonomy":"product_cat","embeddable":true,"href":"https:\/\/skinstudio.ee\/en\/wp-json\/wp\/v2\/product_cat?post=22991"},{"taxonomy":"product_tag","embeddable":true,"href":"https:\/\/skinstudio.ee\/en\/wp-json\/wp\/v2\/product_tag?post=22991"},{"taxonomy":"giftcard-category","embeddable":true,"href":"https:\/\/skinstudio.ee\/en\/wp-json\/wp\/v2\/giftcard-category?post=22991"}],"curies":[{"name":"wp","href":"https:\/\/api.w.org\/{rel}","templated":true}]}}