{"id":7786,"date":"2023-05-24T17:56:27","date_gmt":"2023-05-24T17:56:27","guid":{"rendered":"https:\/\/dev.skinstudio.ee\/product\/neckperfect-complex-2\/"},"modified":"2025-09-15T15:21:20","modified_gmt":"2025-09-15T15:21:20","slug":"neckperfect-complex-2","status":"publish","type":"product","link":"https:\/\/skinstudio.ee\/en\/kataloog\/is-clinical\/neckperfect-complex-2\/","title":{"rendered":"NeckPerfect Complex"},"content":{"rendered":"<p><span style=\"font-weight: 400;\">Revolutsiooniline vananemisvastane valem <strong>NeckPerfect Complex<\/strong> muudab (pinguldab) kaela ja dekoltee nahka.<br \/>\nBotaanilised ekstraktid (kinoa, valge paju, magus mandel, mustikas), h\u00fcaluroonhape, akaatsia senegalikumm, riisiproteiin ja teised v\u00f5imsad koostisained pakuvad \u00f5rnale nahale \u00fcli\u00f5rna hooldust.<\/span><\/p>\n<p><span style=\"font-weight: 400;\">Maht: 50g<\/span><\/p>\n<p>&nbsp;<\/p>\n","protected":false},"excerpt":{"rendered":"<p><span style=\"font-weight: 400;\">Intensiivne anti-age kreem kaelale\u00a0<\/span><\/p>\n<h2><strong>IS CLINCIAL &#8211; NeckPerfect Complex omadused<\/strong><\/h2>\n<p>\u2714\ufe0f Tugevdab ja pinguldab kaela- ja dekolteenahka<br data-start=\"691\" data-end=\"694\" \/>\u2714\ufe0f Silub kortse ja parandab naha tekstuuri<br data-start=\"736\" data-end=\"739\" \/>\u2714\ufe0f Suurendab elastsust ja tugevust<br data-start=\"773\" data-end=\"776\" \/>\u2714\ufe0f Sisaldab antioks\u00fcdante vananemise vastu<br data-start=\"818\" data-end=\"821\" \/>\u2714\ufe0f Sobib k\u00f5ikidele nahat\u00fc\u00fcpidele, sh k\u00fcpsele nahale<\/p>\n","protected":false},"featured_media":6037,"template":"","meta":[],"pwb-brand":[582],"product_brand":[],"product_cat":[234,100,222],"product_tag":[],"giftcard-category":[],"class_list":{"0":"post-7786","1":"product","2":"type-product","3":"status-publish","4":"has-post-thumbnail","6":"pwb-brand-is-clinical","7":"product_cat-dekoltee","8":"product_cat-kehahooldus","9":"product_cat-vananemisvastane","11":"first","12":"instock","13":"taxable","14":"shipping-taxable","15":"purchasable","16":"product-type-simple"},"acf":[],"brands":[{"id":582,"name":"IS CLINICAL","slug":"is-clinical"}],"_links":{"self":[{"href":"https:\/\/skinstudio.ee\/en\/wp-json\/wp\/v2\/product\/7786","targetHints":{"allow":["GET"]}}],"collection":[{"href":"https:\/\/skinstudio.ee\/en\/wp-json\/wp\/v2\/product"}],"about":[{"href":"https:\/\/skinstudio.ee\/en\/wp-json\/wp\/v2\/types\/product"}],"version-history":[{"count":0,"href":"https:\/\/skinstudio.ee\/en\/wp-json\/wp\/v2\/product\/7786\/revisions"}],"wp:featuredmedia":[{"embeddable":true,"href":"https:\/\/skinstudio.ee\/en\/wp-json\/wp\/v2\/media\/6037"}],"wp:attachment":[{"href":"https:\/\/skinstudio.ee\/en\/wp-json\/wp\/v2\/media?parent=7786"}],"wp:term":[{"taxonomy":"pwb-brand","embeddable":true,"href":"https:\/\/skinstudio.ee\/en\/wp-json\/wp\/v2\/pwb-brand?post=7786"},{"taxonomy":"product_brand","embeddable":true,"href":"https:\/\/skinstudio.ee\/en\/wp-json\/wp\/v2\/product_brand?post=7786"},{"taxonomy":"product_cat","embeddable":true,"href":"https:\/\/skinstudio.ee\/en\/wp-json\/wp\/v2\/product_cat?post=7786"},{"taxonomy":"product_tag","embeddable":true,"href":"https:\/\/skinstudio.ee\/en\/wp-json\/wp\/v2\/product_tag?post=7786"},{"taxonomy":"giftcard-category","embeddable":true,"href":"https:\/\/skinstudio.ee\/en\/wp-json\/wp\/v2\/giftcard-category?post=7786"}],"curies":[{"name":"wp","href":"https:\/\/api.w.org\/{rel}","templated":true}]}}