{"id":18483,"date":"2024-03-25T13:11:40","date_gmt":"2024-03-25T13:11:40","guid":{"rendered":"https:\/\/skinstudio.ee\/?post_type=product&#038;p=18483"},"modified":"2025-09-18T13:51:25","modified_gmt":"2025-09-18T13:51:25","slug":"surface-radiance-cleanse-travel-size-50ml","status":"publish","type":"product","link":"https:\/\/skinstudio.ee\/lt\/kataloog\/medik8\/surface-radiance-cleanse-travel-size-50ml\/","title":{"rendered":"Surface Radiance Cleanse Travel-size"},"content":{"rendered":"<p>Puhastusvahend <strong>Surface Radiance Cleanse<\/strong>\u00a0sisaldab koorivat h\u00fcdroks\u00fchapete kompleksi: mandli-, piima- ja salits\u00fc\u00fclhappeid, samas ka gl\u00fctseriini, pooride s\u00fcgavpuhastamiseks, ilma punetust ja kuivust.<br \/>\nSuurus 40ml<\/p>\n","protected":false},"excerpt":{"rendered":"<p>See igap\u00e4evane puhastusvahend v\u00e4rskendab ja puhastab nahka \u00f5rnalt s\u00e4rava jume saamiseks<\/p>\n<h2><strong>MEDIK8 &#8211; Surface Radiance Cleanse omadused<\/strong><\/h2>\n<p>\u2714\ufe0fEemaldab liigse rasu ja mustuse<br \/>\n\u2714\ufe0fPuhastab poorid<br \/>\n\u2714\ufe0fRahustab ja leevendab naha\u00e4rritust<\/p>\n<p><span style=\"text-decoration: underline; color: #0000ff;\"><span style=\"text-decoration: underline;\"><a style=\"color: #0000ff; text-decoration: underline;\" href=\"https:\/\/skinstudio.ee\/toode\/medik8\/surface-radiance-cleanse\/\">Saadaval Surface Radiance Cleanse 150ml<\/a><\/span><\/span><\/p>\n","protected":false},"featured_media":18482,"template":"","meta":[],"pwb-brand":[572],"product_brand":[],"product_cat":[109,226],"product_tag":[],"giftcard-category":[],"class_list":{"0":"post-18483","1":"product","2":"type-product","3":"status-publish","4":"has-post-thumbnail","6":"pwb-brand-medik8","7":"product_cat-puhastamine","8":"product_cat-travel-size-et","10":"first","11":"instock","12":"taxable","13":"shipping-taxable","14":"purchasable","15":"product-type-simple"},"acf":[],"brands":[{"id":572,"name":"Medik8","slug":"medik8"}],"_links":{"self":[{"href":"https:\/\/skinstudio.ee\/lt\/wp-json\/wp\/v2\/product\/18483","targetHints":{"allow":["GET"]}}],"collection":[{"href":"https:\/\/skinstudio.ee\/lt\/wp-json\/wp\/v2\/product"}],"about":[{"href":"https:\/\/skinstudio.ee\/lt\/wp-json\/wp\/v2\/types\/product"}],"version-history":[{"count":0,"href":"https:\/\/skinstudio.ee\/lt\/wp-json\/wp\/v2\/product\/18483\/revisions"}],"wp:featuredmedia":[{"embeddable":true,"href":"https:\/\/skinstudio.ee\/lt\/wp-json\/wp\/v2\/media\/18482"}],"wp:attachment":[{"href":"https:\/\/skinstudio.ee\/lt\/wp-json\/wp\/v2\/media?parent=18483"}],"wp:term":[{"taxonomy":"pwb-brand","embeddable":true,"href":"https:\/\/skinstudio.ee\/lt\/wp-json\/wp\/v2\/pwb-brand?post=18483"},{"taxonomy":"product_brand","embeddable":true,"href":"https:\/\/skinstudio.ee\/lt\/wp-json\/wp\/v2\/product_brand?post=18483"},{"taxonomy":"product_cat","embeddable":true,"href":"https:\/\/skinstudio.ee\/lt\/wp-json\/wp\/v2\/product_cat?post=18483"},{"taxonomy":"product_tag","embeddable":true,"href":"https:\/\/skinstudio.ee\/lt\/wp-json\/wp\/v2\/product_tag?post=18483"},{"taxonomy":"giftcard-category","embeddable":true,"href":"https:\/\/skinstudio.ee\/lt\/wp-json\/wp\/v2\/giftcard-category?post=18483"}],"curies":[{"name":"wp","href":"https:\/\/api.w.org\/{rel}","templated":true}]}}