{"id":34569,"date":"2025-07-04T09:46:42","date_gmt":"2025-07-04T09:46:42","guid":{"rendered":"https:\/\/skinstudio.ee\/?post_type=product&#038;p=34569"},"modified":"2026-04-07T13:34:29","modified_gmt":"2026-04-07T13:34:29","slug":"discovery-sheer-matte-moisturiser-spf-30","status":"publish","type":"product","link":"https:\/\/skinstudio.ee\/lt\/kataloog\/image-skincare\/discovery-sheer-matte-moisturiser-spf-30\/","title":{"rendered":"Discovery Sheer Matte Moisturiser SPF 30"},"content":{"rendered":"<p data-start=\"1846\" data-end=\"2164\">Discovery Sheer Matte Moisturiser SPF 30 on matistava toimega p\u00e4evakreem, mis pakub topeltkaitset, s\u00fcgavat niisutust ja \u00fchtlast, l\u00e4iketa jumet kogu p\u00e4eva v\u00e4ltel.<br data-start=\"2011\" data-end=\"2014\" \/>Ker\u00adge koostis sobib suurep\u00e4raselt rasusele ja aknele kalduvale nahale, aidates v\u00e4hendada liigset l\u00e4iget, \u00fchtlustada tekstuuri ja hoida naha v\u00e4rskena.<\/p>\n<p data-start=\"2166\" data-end=\"2503\">Kreem sisaldab l\u00e4bipaistvat tsinkoksiidi &#8211; \u00fcht k\u00f5ige ohutumat ja t\u00f5husamat mineraalset filtrit &#8211; ning <strong data-start=\"2268\" data-end=\"2290\">XOSM\u2122 tehnoloogiat<\/strong>, mis tugevdab antioks\u00fcdantset kaitset ja aitab v\u00e4ltida UV-kiirgusest ja sinisest valgusest tingitud kahjustusi.<br data-start=\"2402\" data-end=\"2405\" \/>Neutraalne toon sulandub nahale m\u00e4rkamatu viimistlusega, ei j\u00e4ta j\u00e4\u00e4ke ja sobib h\u00e4sti ka meestele.<\/p>\n<p data-start=\"2505\" data-end=\"2521\"><strong data-start=\"2505\" data-end=\"2514\">Maht:<\/strong> 28 g<\/p>\n","protected":false},"excerpt":{"rendered":"<p data-start=\"2835\" data-end=\"2868\">Niisutav ja matistav p\u00e4evakreem<\/p>\n<h2 data-start=\"2870\" data-end=\"3214\"><strong data-start=\"2870\" data-end=\"2947\">IMAGE Skincare &#8211; Discovery Sheer Matte Moisturiser SPF 30 Omadused<\/strong><\/h2>\n<p data-start=\"2870\" data-end=\"3214\">\u2714\ufe0f Siidine tekstuur pehme, mati viimistlusega<br data-start=\"2995\" data-end=\"2998\" \/>\u2714\ufe0f Kontrollib l\u00e4iget ja \u00fchtlustab naha v\u00e4limust<br data-start=\"3045\" data-end=\"3048\" \/>\u2714\ufe0f Aitab kaitsta UV-kiirte ja sinise valguse eest<br data-start=\"3097\" data-end=\"3100\" \/>\u2714\ufe0f Sisaldab l\u00e4bipaistvat tsinkoksiidi k\u00f5rge ohutusprofiiliga<br data-start=\"3160\" data-end=\"3163\" \/>\u2714\ufe0f \u00dchtlane tulemus ilma j\u00e4\u00e4kide v\u00f5i valge kirmeta<\/p>\n<p><span style=\"text-decoration: underline; color: #0000ff;\"><a style=\"color: #0000ff; text-decoration: underline;\" href=\"https:\/\/skinstudio.ee\/toode\/image-skincare\/daily-prevention-sheer-matte-moisturizer-spf-30\/\">Saadaval Sheer Matte Moisturiser SPF 30 full-Size 73g<\/a><\/span><\/p>\n","protected":false},"featured_media":34545,"template":"","meta":[],"pwb-brand":[604],"product_brand":[],"product_cat":[98,226],"product_tag":[],"giftcard-category":[],"class_list":{"0":"post-34569","1":"product","2":"type-product","3":"status-publish","4":"has-post-thumbnail","6":"pwb-brand-image-skincare","7":"product_cat-spf-kaitse","8":"product_cat-travel-size-et","10":"first","11":"instock","12":"sale","13":"taxable","14":"shipping-taxable","15":"purchasable","16":"product-type-simple"},"acf":[],"brands":[{"id":604,"name":"Image Skincare","slug":"image-skincare"}],"_links":{"self":[{"href":"https:\/\/skinstudio.ee\/lt\/wp-json\/wp\/v2\/product\/34569","targetHints":{"allow":["GET"]}}],"collection":[{"href":"https:\/\/skinstudio.ee\/lt\/wp-json\/wp\/v2\/product"}],"about":[{"href":"https:\/\/skinstudio.ee\/lt\/wp-json\/wp\/v2\/types\/product"}],"version-history":[{"count":1,"href":"https:\/\/skinstudio.ee\/lt\/wp-json\/wp\/v2\/product\/34569\/revisions"}],"predecessor-version":[{"id":89718,"href":"https:\/\/skinstudio.ee\/lt\/wp-json\/wp\/v2\/product\/34569\/revisions\/89718"}],"wp:featuredmedia":[{"embeddable":true,"href":"https:\/\/skinstudio.ee\/lt\/wp-json\/wp\/v2\/media\/34545"}],"wp:attachment":[{"href":"https:\/\/skinstudio.ee\/lt\/wp-json\/wp\/v2\/media?parent=34569"}],"wp:term":[{"taxonomy":"pwb-brand","embeddable":true,"href":"https:\/\/skinstudio.ee\/lt\/wp-json\/wp\/v2\/pwb-brand?post=34569"},{"taxonomy":"product_brand","embeddable":true,"href":"https:\/\/skinstudio.ee\/lt\/wp-json\/wp\/v2\/product_brand?post=34569"},{"taxonomy":"product_cat","embeddable":true,"href":"https:\/\/skinstudio.ee\/lt\/wp-json\/wp\/v2\/product_cat?post=34569"},{"taxonomy":"product_tag","embeddable":true,"href":"https:\/\/skinstudio.ee\/lt\/wp-json\/wp\/v2\/product_tag?post=34569"},{"taxonomy":"giftcard-category","embeddable":true,"href":"https:\/\/skinstudio.ee\/lt\/wp-json\/wp\/v2\/giftcard-category?post=34569"}],"curies":[{"name":"wp","href":"https:\/\/api.w.org\/{rel}","templated":true}]}}