{"id":34574,"date":"2025-07-04T09:44:57","date_gmt":"2025-07-04T09:44:57","guid":{"rendered":"https:\/\/skinstudio.ee\/?post_type=product&#038;p=34574"},"modified":"2026-04-07T13:34:29","modified_gmt":"2026-04-07T13:34:29","slug":"discovery-hydrating-moisturiser-spf-30","status":"publish","type":"product","link":"https:\/\/skinstudio.ee\/lt\/kataloog\/image-skincare\/discovery-hydrating-moisturiser-spf-30\/","title":{"rendered":"Discovery Hydrating Moisturiser SPF 30"},"content":{"rendered":"<p data-start=\"1725\" data-end=\"2049\">Discovery Hydrating Moisturiser on s\u00fcgavniisutav p\u00e4evakreem mineraalse p\u00e4ikesekaitsega. See sobib ideaalselt normaalsele ja kuivale nahale ning neile, kes veedavad palju aega \u00f5ues v\u00f5i elavad aktiivset eluviisi. Kerge tekstuur imendub kiiresti, \u00fchtlustub loomulikult iga nahatooniga ega j\u00e4ta valget kihti.<\/p>\n<p data-start=\"2051\" data-end=\"2288\">Lisaks laia spektriga UV-kaitsele aitab kreem kaitsta ka sinise valguse ja infrapunakiirguse eest, mida kiirgavad ekraanid ja keskkonnategurid. Kreem jaotub \u00fchtlaselt, luues mugava niisutava kihi, mis sobib suurep\u00e4raselt ka meigialuseks.<\/p>\n<p data-start=\"2290\" data-end=\"2523\">XOSM\u00ae tehnoloogia koos h\u00fcaluroonhappe ja C-vitamiiniga tagab intensiivse niisutuse, tugevdab naha kaitsebarj\u00e4\u00e4ri ning aitab hoida naha s\u00e4ravana, pehmena ja elastsemana. See tagab p\u00e4eva jooksul stabiilse niiskustaseme ja mugavustunde.<\/p>\n<p data-start=\"2525\" data-end=\"2539\"><strong data-start=\"2525\" data-end=\"2534\">Maht:<\/strong> 28 g<\/p>\n","protected":false},"excerpt":{"rendered":"<p data-start=\"2801\" data-end=\"2823\">Niisutav mineraalkreem<\/p>\n<h2 data-start=\"2825\" data-end=\"2906\"><strong data-start=\"2825\" data-end=\"2906\">Image Skincare &#8211; Discovery Hydrating Moisturiser Omadused<\/strong><\/h2>\n<p data-start=\"2908\" data-end=\"3102\">\u2714\ufe0f Imendub kiiresti ilma valge kihita<br data-start=\"2945\" data-end=\"2948\" \/>\u2714\ufe0f Niisutab s\u00fcgavuti ja pehmendab nahka<br data-start=\"2987\" data-end=\"2990\" \/>\u2714\ufe0f Kaitseb UV ja sinise valguse eest<br data-start=\"3026\" data-end=\"3029\" \/>\u2714\ufe0f Parandab mugavust ja siledust<br data-start=\"3061\" data-end=\"3064\" \/>\u2714\ufe0f Toetab elastsust ja naha barj\u00e4\u00e4ri<\/p>\n<p><span style=\"text-decoration: underline; color: #0000ff;\"><a style=\"color: #0000ff; text-decoration: underline;\" href=\"https:\/\/skinstudio.ee\/toode\/image-skincare\/daily-prevention-pure-mineral-hydrating-moisturiser-spf-30\/\">Saadaval Hydrating Moisturiser SPF 30 Full-Size 73g<\/a><\/span><\/p>\n","protected":false},"featured_media":34538,"template":"","meta":[],"pwb-brand":[604],"product_brand":[],"product_cat":[98,226],"product_tag":[],"giftcard-category":[],"class_list":{"0":"post-34574","1":"product","2":"type-product","3":"status-publish","4":"has-post-thumbnail","6":"pwb-brand-image-skincare","7":"product_cat-spf-kaitse","8":"product_cat-travel-size-et","10":"first","11":"instock","12":"sale","13":"taxable","14":"shipping-taxable","15":"purchasable","16":"product-type-simple"},"acf":[],"brands":[{"id":604,"name":"Image Skincare","slug":"image-skincare"}],"_links":{"self":[{"href":"https:\/\/skinstudio.ee\/lt\/wp-json\/wp\/v2\/product\/34574","targetHints":{"allow":["GET"]}}],"collection":[{"href":"https:\/\/skinstudio.ee\/lt\/wp-json\/wp\/v2\/product"}],"about":[{"href":"https:\/\/skinstudio.ee\/lt\/wp-json\/wp\/v2\/types\/product"}],"version-history":[{"count":1,"href":"https:\/\/skinstudio.ee\/lt\/wp-json\/wp\/v2\/product\/34574\/revisions"}],"predecessor-version":[{"id":89719,"href":"https:\/\/skinstudio.ee\/lt\/wp-json\/wp\/v2\/product\/34574\/revisions\/89719"}],"wp:featuredmedia":[{"embeddable":true,"href":"https:\/\/skinstudio.ee\/lt\/wp-json\/wp\/v2\/media\/34538"}],"wp:attachment":[{"href":"https:\/\/skinstudio.ee\/lt\/wp-json\/wp\/v2\/media?parent=34574"}],"wp:term":[{"taxonomy":"pwb-brand","embeddable":true,"href":"https:\/\/skinstudio.ee\/lt\/wp-json\/wp\/v2\/pwb-brand?post=34574"},{"taxonomy":"product_brand","embeddable":true,"href":"https:\/\/skinstudio.ee\/lt\/wp-json\/wp\/v2\/product_brand?post=34574"},{"taxonomy":"product_cat","embeddable":true,"href":"https:\/\/skinstudio.ee\/lt\/wp-json\/wp\/v2\/product_cat?post=34574"},{"taxonomy":"product_tag","embeddable":true,"href":"https:\/\/skinstudio.ee\/lt\/wp-json\/wp\/v2\/product_tag?post=34574"},{"taxonomy":"giftcard-category","embeddable":true,"href":"https:\/\/skinstudio.ee\/lt\/wp-json\/wp\/v2\/giftcard-category?post=34574"}],"curies":[{"name":"wp","href":"https:\/\/api.w.org\/{rel}","templated":true}]}}