{"id":34622,"date":"2025-07-04T13:02:21","date_gmt":"2025-07-04T13:02:21","guid":{"rendered":"https:\/\/skinstudio.ee\/?post_type=product&#038;p=34622"},"modified":"2026-04-07T13:34:29","modified_gmt":"2026-04-07T13:34:29","slug":"discovery-ageless-retinol-creme-12","status":"publish","type":"product","link":"https:\/\/skinstudio.ee\/lt\/kataloog\/image-skincare\/discovery-ageless-retinol-creme-12\/","title":{"rendered":"Discovery Ageless+ Retinol Creme 1,2%"},"content":{"rendered":"<p data-start=\"1495\" data-end=\"1776\">Discovery Ageless+ Retinol Creme 1.2% on intensiivne \u00f6\u00f6kreem, mis on loodud k\u00fcpsele, tihedale nahale selgete vananemism\u00e4rkidega ja eba\u00fchtlase tekstuuriga. K\u00f5rge retinoolisisaldus toetab naha s\u00fcgavamat uuenemist, t\u00f5stab elastsust ja silub naha pinda, andes nooruslikuma ja \u00fchtlasema v\u00e4limuse.<\/p>\n<p data-start=\"1778\" data-end=\"2167\">Koostis toimib nahka taastava \u00f6\u00f6ts\u00fckli ajal s\u00fcnergiliselt:<br data-start=\"1836\" data-end=\"1839\" \/>\u2022 <strong data-start=\"1841\" data-end=\"1858\">1,2% retinool<\/strong> kiirendab rakkude uuenemist ja stimuleerib kollageeni tootmist, aidates v\u00e4hendada kortsude s\u00fcgavust.<br data-start=\"1959\" data-end=\"1962\" \/>\u2022 <strong data-start=\"1964\" data-end=\"1982\">Antioks\u00fcdandid<\/strong> kaitsevad nahka ja toetavad \u00fchtlasemat, tasakaalukamat jumet.<br data-start=\"2044\" data-end=\"2047\" \/>\u2022 <strong data-start=\"2049\" data-end=\"2071\">Taimsed ekstraktid<\/strong> pehmendavad retinoidi m\u00f5ju, tugevdavad naha kaitsebarj\u00e4\u00e4ri ja muudavad kasutamise mugavamaks.<\/p>\n<p data-start=\"2169\" data-end=\"2294\">Juba m\u00f5ne kasutuskorra j\u00e4rel n\u00e4eb nahk v\u00e4lja siledam, tugevam ja \u00fchtlasem, parandades nii naha tihedust kui ka nooruslikkust.<\/p>\n<p data-start=\"2296\" data-end=\"2311\"><strong data-start=\"2296\" data-end=\"2305\">Maht: <\/strong>14,2g<\/p>\n","protected":false},"excerpt":{"rendered":"<p data-start=\"2355\" data-end=\"2374\">Retinool 1,2% kreem<\/p>\n<h2 data-start=\"2376\" data-end=\"2428\"><strong data-start=\"2376\" data-end=\"2428\">Image Skincare &#8211; Discovery Ageless+ Retinol Creme Omadused<\/strong><\/h2>\n<p data-start=\"2430\" data-end=\"2627\">\u2714\ufe0f Tugevalt stimuleerib rakkude uuenemist<br data-start=\"2471\" data-end=\"2474\" \/>\u2714\ufe0f Silub kortse ja \u00fchtlustab tekstuuri<br data-start=\"2512\" data-end=\"2515\" \/>\u2714\ufe0f Aitab v\u00e4hendada pigmentatsiooni<br data-start=\"2549\" data-end=\"2552\" \/>\u2714\ufe0f Parandab naha elastsust ja tihedust<br data-start=\"2590\" data-end=\"2593\" \/>\u2714\ufe0f \u00dchtlustab jumet ja lisab s\u00e4ra<\/p>\n<p><span style=\"text-decoration: underline; color: #0000ff;\"><a style=\"color: #0000ff; text-decoration: underline;\" href=\"https:\/\/skinstudio.ee\/toode\/image-skincare\/ageless-retinol-cream-12\/\">Saadaval Ageless+ Retinol Creme 1,2% Full-Size 28,5g\u00a0<\/a><\/span><\/p>\n","protected":false},"featured_media":62574,"template":"","meta":[],"pwb-brand":[604],"product_brand":[],"product_cat":[226,111],"product_tag":[],"giftcard-category":[],"class_list":{"0":"post-34622","1":"product","2":"type-product","3":"status-publish","4":"has-post-thumbnail","6":"pwb-brand-image-skincare","7":"product_cat-travel-size-et","8":"product_cat-vitamiin-a-retinool","10":"first","11":"instock","12":"taxable","13":"shipping-taxable","14":"purchasable","15":"product-type-simple"},"acf":[],"brands":[{"id":604,"name":"Image Skincare","slug":"image-skincare"}],"_links":{"self":[{"href":"https:\/\/skinstudio.ee\/lt\/wp-json\/wp\/v2\/product\/34622","targetHints":{"allow":["GET"]}}],"collection":[{"href":"https:\/\/skinstudio.ee\/lt\/wp-json\/wp\/v2\/product"}],"about":[{"href":"https:\/\/skinstudio.ee\/lt\/wp-json\/wp\/v2\/types\/product"}],"version-history":[{"count":1,"href":"https:\/\/skinstudio.ee\/lt\/wp-json\/wp\/v2\/product\/34622\/revisions"}],"predecessor-version":[{"id":83211,"href":"https:\/\/skinstudio.ee\/lt\/wp-json\/wp\/v2\/product\/34622\/revisions\/83211"}],"wp:featuredmedia":[{"embeddable":true,"href":"https:\/\/skinstudio.ee\/lt\/wp-json\/wp\/v2\/media\/62574"}],"wp:attachment":[{"href":"https:\/\/skinstudio.ee\/lt\/wp-json\/wp\/v2\/media?parent=34622"}],"wp:term":[{"taxonomy":"pwb-brand","embeddable":true,"href":"https:\/\/skinstudio.ee\/lt\/wp-json\/wp\/v2\/pwb-brand?post=34622"},{"taxonomy":"product_brand","embeddable":true,"href":"https:\/\/skinstudio.ee\/lt\/wp-json\/wp\/v2\/product_brand?post=34622"},{"taxonomy":"product_cat","embeddable":true,"href":"https:\/\/skinstudio.ee\/lt\/wp-json\/wp\/v2\/product_cat?post=34622"},{"taxonomy":"product_tag","embeddable":true,"href":"https:\/\/skinstudio.ee\/lt\/wp-json\/wp\/v2\/product_tag?post=34622"},{"taxonomy":"giftcard-category","embeddable":true,"href":"https:\/\/skinstudio.ee\/lt\/wp-json\/wp\/v2\/giftcard-category?post=34622"}],"curies":[{"name":"wp","href":"https:\/\/api.w.org\/{rel}","templated":true}]}}