{"id":40463,"date":"2025-08-01T07:57:26","date_gmt":"2025-08-01T07:57:26","guid":{"rendered":"https:\/\/skinstudio.ee\/?post_type=product&#038;p=40463"},"modified":"2026-01-21T13:57:30","modified_gmt":"2026-01-21T13:57:30","slug":"couperose-therapy-serum-2","status":"publish","type":"product","link":"https:\/\/skinstudio.ee\/lt\/catalog\/reviderm\/couperose-therapy-serum-2\/","title":{"rendered":"Couperose Therapy Serum 2"},"content":{"rendered":"<p data-start=\"1205\" data-end=\"1634\">\u0160is serumas be kvapikli\u0173 intensyviai ramina od\u0105 ir stiprina kapiliarus. Neurokosmetiniai ingredientai greitai suteikia komforto jausm\u0105, ypa\u010d tiems, kuriems paraudimas pasirei\u0161kia d\u0117l nervingumo. Kuperozinei odai b\u016bdingas i\u0161plit\u0119s paraudimas tam tikrose srityse, matomi kapiliarai ir kraujagysli\u0173 tinklas.<br data-start=\"1509\" data-end=\"1512\" \/>Aktyvus ingredientas VEGF-stop slopina kapiliar\u0173 tinklo plitim\u0105, padeda stabilizuoti odos atspalv\u012f ir suma\u017einti paraudim\u0105.<\/p>\n<p data-start=\"1636\" data-end=\"1852\"><strong data-start=\"1636\" data-end=\"1652\">T\u016bris: 30 ml<\/strong><\/p>\n","protected":false},"excerpt":{"rendered":"<p data-start=\"1854\" data-end=\"1894\">Balansuojamasis serumas odai su kuperoze<\/p>\n<h2 data-start=\"1896\" data-end=\"2241\"><strong data-start=\"1896\" data-end=\"1942\">Reviderm &#8211; Couperose Therapy Serum 2 savyb\u0117s<\/strong><\/h2>\n<p data-start=\"1896\" data-end=\"2241\">\u2714\ufe0f Stiprina kraujagysli\u0173 sieneles ir suma\u017eina matom\u0173 kapiliar\u0173 kiek\u012f<br data-start=\"2013\" data-end=\"2016\" \/>\u2714\ufe0f Ma\u017eina l\u0117tin\u012f paraudim\u0105 ir sudirgim\u0105<br data-start=\"2055\" data-end=\"2058\" \/>\u2714\ufe0f Didina odos atsparum\u0105 temperat\u016bros ir aplinkos poveikiui<br data-start=\"2117\" data-end=\"2120\" \/>\u2714\ufe0f Ramina jautri\u0105, reaguojan\u010di\u0105 od\u0105 ir ma\u017eina deginimo poj\u016bt\u012f<br data-start=\"2181\" data-end=\"2184\" \/>\u2714\ufe0f I\u0161lygina odos atspalv\u012f ir pagerina bendr\u0105 odos b\u016bkl\u0119<\/p>\n","protected":false},"featured_media":40454,"template":"","meta":[],"pwb-brand":[704],"product_brand":[],"product_cat":[742,738,752,750,724],"product_tag":[],"giftcard-category":[],"class_list":{"0":"post-40463","1":"product","2":"type-product","3":"status-publish","4":"has-post-thumbnail","6":"pwb-brand-reviderm","7":"product_cat-berimai","8":"product_cat-drekinimas","9":"product_cat-pigmentacija-lt","10":"product_cat-senstanti-oda","11":"product_cat-serumai","13":"first","14":"instock","15":"taxable","16":"shipping-taxable","17":"purchasable","18":"product-type-simple"},"acf":[],"brands":[{"id":704,"name":"Reviderm","slug":"reviderm"}],"_links":{"self":[{"href":"https:\/\/skinstudio.ee\/lt\/wp-json\/wp\/v2\/product\/40463","targetHints":{"allow":["GET"]}}],"collection":[{"href":"https:\/\/skinstudio.ee\/lt\/wp-json\/wp\/v2\/product"}],"about":[{"href":"https:\/\/skinstudio.ee\/lt\/wp-json\/wp\/v2\/types\/product"}],"version-history":[{"count":1,"href":"https:\/\/skinstudio.ee\/lt\/wp-json\/wp\/v2\/product\/40463\/revisions"}],"predecessor-version":[{"id":73193,"href":"https:\/\/skinstudio.ee\/lt\/wp-json\/wp\/v2\/product\/40463\/revisions\/73193"}],"wp:featuredmedia":[{"embeddable":true,"href":"https:\/\/skinstudio.ee\/lt\/wp-json\/wp\/v2\/media\/40454"}],"wp:attachment":[{"href":"https:\/\/skinstudio.ee\/lt\/wp-json\/wp\/v2\/media?parent=40463"}],"wp:term":[{"taxonomy":"pwb-brand","embeddable":true,"href":"https:\/\/skinstudio.ee\/lt\/wp-json\/wp\/v2\/pwb-brand?post=40463"},{"taxonomy":"product_brand","embeddable":true,"href":"https:\/\/skinstudio.ee\/lt\/wp-json\/wp\/v2\/product_brand?post=40463"},{"taxonomy":"product_cat","embeddable":true,"href":"https:\/\/skinstudio.ee\/lt\/wp-json\/wp\/v2\/product_cat?post=40463"},{"taxonomy":"product_tag","embeddable":true,"href":"https:\/\/skinstudio.ee\/lt\/wp-json\/wp\/v2\/product_tag?post=40463"},{"taxonomy":"giftcard-category","embeddable":true,"href":"https:\/\/skinstudio.ee\/lt\/wp-json\/wp\/v2\/giftcard-category?post=40463"}],"curies":[{"name":"wp","href":"https:\/\/api.w.org\/{rel}","templated":true}]}}