{"id":40480,"date":"2025-08-01T08:20:19","date_gmt":"2025-08-01T08:20:19","guid":{"rendered":"https:\/\/skinstudio.ee\/?post_type=product&#038;p=40480"},"modified":"2026-01-21T13:57:29","modified_gmt":"2026-01-21T13:57:29","slug":"couperose-therapy-fluid","status":"publish","type":"product","link":"https:\/\/skinstudio.ee\/lt\/catalog\/reviderm\/couperose-therapy-fluid\/","title":{"rendered":"Couperose Therapy Fluid"},"content":{"rendered":"<p data-start=\"1821\" data-end=\"2752\">Ro\u017eine pa\u017eeista oda rodo padid\u0117jus\u012f kraujagysli\u0173 augimo faktori\u0173 kiek\u012f, kuris gali lemti nauj\u0173 nenormali\u0173 kraujagysli\u0173 susidarym\u0105. Veiklioji med\u017eiaga VEGFstop slopina \u0161i\u0173 faktori\u0173 hiperaktyvum\u0105, padeda stabilizuoti veido spalv\u0105 ir suma\u017einti matom\u0105 paraudim\u0105. Formul\u0117je taip pat yra odai identi\u0161k\u0173 lipid\u0173 (derma membrane system DMS), kurie atkuria pa\u017eeist\u0105 odos barjer\u0105, padeda i\u0161laikyti dr\u0117gm\u0119 ir didina atsparum\u0105 i\u0161oriniams dirgikliams. Produktas intensyviai pri\u017ei\u016bri od\u0105, nesukeldamas sunkumo poj\u016b\u010dio. Neurokosmetinis antistresinis ingredientas (atogr\u0105\u017e\u0173 augalo \u201elaukinio indigo\u201c s\u0117kl\u0173 ekstraktas) ma\u017eina diskomfort\u0105 ir nie\u017e\u0117jim\u0105, b\u016bding\u0105 visiems ro\u017ein\u0117s etapams. OPC (oligoproantocianidinai) yra stipr\u016bs laisv\u0173j\u0173 radikal\u0173 neutralizatoriai, turintys antioksidacin\u012f ir kraujagysles stiprinant\u012f poveik\u012f, stiprina jautri\u0105 od\u0105 ir suteikia ilgalaik\u012f efekt\u0105. Be kvapi\u0173j\u0173 med\u017eiag\u0173 \u2013 intensyvus rezultatas ir puikus suderinamumas su oda.<\/p>\n<p data-start=\"2754\" data-end=\"2870\">Rekomenduojama normaliai ir riebiai odai su teleangiektazija bei kaip papildoma priemon\u0117 gydant 1\u20133 stadijos ro\u017ein\u0119.<\/p>\n<p data-start=\"2872\" data-end=\"2888\"><strong data-start=\"2872\" data-end=\"2888\">T\u016bris: 50 ml<\/strong><\/p>\n","protected":false},"excerpt":{"rendered":"<p data-start=\"2998\" data-end=\"3066\">Lengvas fluidas kraujagysli\u0173 augimo faktori\u0173 hiperaktyvumui slopinti<\/p>\n<h2 data-start=\"3068\" data-end=\"3361\"><strong data-start=\"3068\" data-end=\"3112\">Reviderm &#8211; Couperose Therapy Fluid savyb\u0117s<\/strong><\/h2>\n<p data-start=\"3068\" data-end=\"3361\">\u2714\ufe0f Ma\u017eina VEGF kraujagysli\u0173 augimo faktoriaus hiperaktyvum\u0105<br data-start=\"3174\" data-end=\"3177\" \/>\u2714\ufe0f Ma\u017eina paraudim\u0105 ir kuperoz\u0119<br data-start=\"3208\" data-end=\"3211\" \/>\u2714\ufe0f Stiprina kapiliarus ir ma\u017eina kraujagysli\u0173 pralaidum\u0105<br data-start=\"3267\" data-end=\"3270\" \/>\u2714\ufe0f Ramina ir ma\u017eina u\u017edegim\u0105<br data-start=\"3298\" data-end=\"3301\" \/>\u2714\ufe0f Palaiko nat\u016bral\u0173 odos barjer\u0105 ir pagerina odos atspalv\u012f<\/p>\n","protected":false},"featured_media":63881,"template":"","meta":[],"pwb-brand":[704],"product_brand":[],"product_cat":[746,750,724,748],"product_tag":[],"giftcard-category":[],"class_list":{"0":"post-40480","1":"product","2":"type-product","3":"status-publish","4":"has-post-thumbnail","6":"pwb-brand-reviderm","7":"product_cat-jautriai-odai","8":"product_cat-senstanti-oda","9":"product_cat-serumai","10":"product_cat-taukainai-adai-lt","12":"first","13":"instock","14":"taxable","15":"shipping-taxable","16":"purchasable","17":"product-type-simple"},"acf":[],"brands":[{"id":704,"name":"Reviderm","slug":"reviderm"}],"_links":{"self":[{"href":"https:\/\/skinstudio.ee\/lt\/wp-json\/wp\/v2\/product\/40480","targetHints":{"allow":["GET"]}}],"collection":[{"href":"https:\/\/skinstudio.ee\/lt\/wp-json\/wp\/v2\/product"}],"about":[{"href":"https:\/\/skinstudio.ee\/lt\/wp-json\/wp\/v2\/types\/product"}],"version-history":[{"count":1,"href":"https:\/\/skinstudio.ee\/lt\/wp-json\/wp\/v2\/product\/40480\/revisions"}],"predecessor-version":[{"id":73192,"href":"https:\/\/skinstudio.ee\/lt\/wp-json\/wp\/v2\/product\/40480\/revisions\/73192"}],"wp:featuredmedia":[{"embeddable":true,"href":"https:\/\/skinstudio.ee\/lt\/wp-json\/wp\/v2\/media\/63881"}],"wp:attachment":[{"href":"https:\/\/skinstudio.ee\/lt\/wp-json\/wp\/v2\/media?parent=40480"}],"wp:term":[{"taxonomy":"pwb-brand","embeddable":true,"href":"https:\/\/skinstudio.ee\/lt\/wp-json\/wp\/v2\/pwb-brand?post=40480"},{"taxonomy":"product_brand","embeddable":true,"href":"https:\/\/skinstudio.ee\/lt\/wp-json\/wp\/v2\/product_brand?post=40480"},{"taxonomy":"product_cat","embeddable":true,"href":"https:\/\/skinstudio.ee\/lt\/wp-json\/wp\/v2\/product_cat?post=40480"},{"taxonomy":"product_tag","embeddable":true,"href":"https:\/\/skinstudio.ee\/lt\/wp-json\/wp\/v2\/product_tag?post=40480"},{"taxonomy":"giftcard-category","embeddable":true,"href":"https:\/\/skinstudio.ee\/lt\/wp-json\/wp\/v2\/giftcard-category?post=40480"}],"curies":[{"name":"wp","href":"https:\/\/api.w.org\/{rel}","templated":true}]}}