{"id":40497,"date":"2025-08-01T08:36:58","date_gmt":"2025-08-01T08:36:58","guid":{"rendered":"https:\/\/skinstudio.ee\/?post_type=product&#038;p=40497"},"modified":"2026-01-21T13:57:29","modified_gmt":"2026-01-21T13:57:29","slug":"couperose-therapy-cream","status":"publish","type":"product","link":"https:\/\/skinstudio.ee\/lt\/catalog\/reviderm\/couperose-therapy-cream\/","title":{"rendered":"Couperose Therapy Cream"},"content":{"rendered":"<p data-start=\"1629\" data-end=\"2443\">Kuperozei b\u016bdinga padid\u0117jusi paraudimo zona bei matomas kapiliar\u0173 tinklas ir kraujagysli\u0173 \u017evaig\u017edut\u0117s odos pavir\u0161iuje. Aktyvusis ingredientas VEGF-stop slopina kapiliar\u0173 tinklo plitim\u0105, padeda stabilizuoti odos atspalv\u012f ir suma\u017eina paraudim\u0105.<br data-start=\"1926\" data-end=\"1929\" \/>Kremo formul\u0117 veiksmingai atkuria pa\u017eeist\u0105 odos barjer\u0105. Oda i\u0161laiko dr\u0117gm\u0119 ir tampa atsparesn\u0117 i\u0161oriniams dirgikliams. D\u0117l lengvos tekst\u016bros kremas puikiai \u012fsigeria.<br data-start=\"2095\" data-end=\"2098\" \/>Neurokosmetin\u0117 antistresin\u0117 med\u017eiaga \u2013 laukinio indigo s\u0117kl\u0173 ekstraktas \u2013 ma\u017eina nie\u017e\u0117jim\u0105 ir diskomfort\u0105.<br data-start=\"2204\" data-end=\"2207\" \/>OPC (oligoproantocianidinai) \u2013 stipr\u016bs laisv\u0173j\u0173 radikal\u0173 neutralizatoriai, turintys ilgalaik\u012f antioksidacin\u012f ir kraujagysles stabilizuojant\u012f poveik\u012f, stiprina jautri\u0105 od\u0105.<br data-start=\"2378\" data-end=\"2381\" \/>Formul\u0117je n\u0117ra kvapi\u0173j\u0173 med\u017eiag\u0173, ji puikiai toleruojama odos.<\/p>\n<p data-start=\"2445\" data-end=\"2461\"><strong data-start=\"2445\" data-end=\"2461\">T\u016bris: 50 ml<\/strong><\/p>\n","protected":false},"excerpt":{"rendered":"<p data-start=\"156\" data-end=\"211\">Stiprinantis kremas su prie\u0161u\u017edegiminiu poveikiu<\/p>\n<h2 data-start=\"156\" data-end=\"211\"><strong data-start=\"2613\" data-end=\"2657\">Reviderm &#8211; Couperose Therapy Cream savyb\u0117s<\/strong><\/h2>\n<p data-start=\"156\" data-end=\"211\">\u2714\ufe0f Stiprina kapiliarus ir ma\u017eina kraujagysli\u0173 pralaidum\u0105<br data-start=\"2716\" data-end=\"2719\" \/>\u2714\ufe0f Ma\u017eina paraudim\u0105 ir sudirginim\u0105<br data-start=\"2753\" data-end=\"2756\" \/>\u2714\ufe0f Slopina kraujagysli\u0173 augimo faktori\u0173 aktyvum\u0105<br data-start=\"2804\" data-end=\"2807\" \/>\u2714\ufe0f Stiprina odos barjer\u0105 ir apsaugo nuo i\u0161orini\u0173 veiksni\u0173<br data-start=\"2864\" data-end=\"2867\" \/>\u2714\ufe0f Sud\u0117tyje yra neurokosmetini\u0173 komponent\u0173 nie\u017euliui ir diskomfortui ma\u017einti<br data-start=\"2943\" data-end=\"2946\" \/>\u2714\ufe0f Suteikia antioksidacin\u0119 apsaug\u0105 jautriai odai<\/p>\n","protected":false},"featured_media":63876,"template":"","meta":[],"pwb-brand":[704],"product_brand":[],"product_cat":[738,746,740,750],"product_tag":[],"giftcard-category":[],"class_list":{"0":"post-40497","1":"product","2":"type-product","3":"status-publish","4":"has-post-thumbnail","6":"pwb-brand-reviderm","7":"product_cat-drekinimas","8":"product_cat-jautriai-odai","9":"product_cat-sausai-odai","10":"product_cat-senstanti-oda","12":"first","13":"instock","14":"taxable","15":"shipping-taxable","16":"purchasable","17":"product-type-simple"},"acf":[],"brands":[{"id":704,"name":"Reviderm","slug":"reviderm"}],"_links":{"self":[{"href":"https:\/\/skinstudio.ee\/lt\/wp-json\/wp\/v2\/product\/40497","targetHints":{"allow":["GET"]}}],"collection":[{"href":"https:\/\/skinstudio.ee\/lt\/wp-json\/wp\/v2\/product"}],"about":[{"href":"https:\/\/skinstudio.ee\/lt\/wp-json\/wp\/v2\/types\/product"}],"version-history":[{"count":1,"href":"https:\/\/skinstudio.ee\/lt\/wp-json\/wp\/v2\/product\/40497\/revisions"}],"predecessor-version":[{"id":73191,"href":"https:\/\/skinstudio.ee\/lt\/wp-json\/wp\/v2\/product\/40497\/revisions\/73191"}],"wp:featuredmedia":[{"embeddable":true,"href":"https:\/\/skinstudio.ee\/lt\/wp-json\/wp\/v2\/media\/63876"}],"wp:attachment":[{"href":"https:\/\/skinstudio.ee\/lt\/wp-json\/wp\/v2\/media?parent=40497"}],"wp:term":[{"taxonomy":"pwb-brand","embeddable":true,"href":"https:\/\/skinstudio.ee\/lt\/wp-json\/wp\/v2\/pwb-brand?post=40497"},{"taxonomy":"product_brand","embeddable":true,"href":"https:\/\/skinstudio.ee\/lt\/wp-json\/wp\/v2\/product_brand?post=40497"},{"taxonomy":"product_cat","embeddable":true,"href":"https:\/\/skinstudio.ee\/lt\/wp-json\/wp\/v2\/product_cat?post=40497"},{"taxonomy":"product_tag","embeddable":true,"href":"https:\/\/skinstudio.ee\/lt\/wp-json\/wp\/v2\/product_tag?post=40497"},{"taxonomy":"giftcard-category","embeddable":true,"href":"https:\/\/skinstudio.ee\/lt\/wp-json\/wp\/v2\/giftcard-category?post=40497"}],"curies":[{"name":"wp","href":"https:\/\/api.w.org\/{rel}","templated":true}]}}