{"id":40514,"date":"2025-08-01T08:49:56","date_gmt":"2025-08-01T08:49:56","guid":{"rendered":"https:\/\/skinstudio.ee\/?post_type=product&#038;p=40514"},"modified":"2026-01-21T13:57:30","modified_gmt":"2026-01-21T13:57:30","slug":"couperose-therapy-mask","status":"publish","type":"product","link":"https:\/\/skinstudio.ee\/lt\/catalog\/reviderm\/couperose-therapy-mask\/","title":{"rendered":"Couperose Therapy Mask"},"content":{"rendered":"<p data-start=\"1459\" data-end=\"2178\">Oda, paveikta kuperoz\u0117s, pasi\u017eymi padid\u0117jusiu paraudimu tam tikrose vietose bei matomais i\u0161sipl\u0117tusiais kapiliarais ir kraujagysli\u0173 tinkleliu odos pavir\u0161iuje. Aktyvusis ingredientas VEGF-stop slopina kapiliar\u0173 tinklo plitim\u0105, padeda stabilizuoti odos atspalv\u012f ir suma\u017eina paraudim\u0105. Unikali \u0161ios kauk\u0117s savyb\u0117 kuperoz\u0117s terapijoje \u2013 neurokosmetinis peptidas Acetyl Tetrapeptide-15, kuris \u201eprisijungia\u201c prie nerv\u0173 gal\u016bni\u0173 receptori\u0173 ir slopina u\u017edegiminius signalus. Tai padeda suma\u017einti odos jautrum\u0105 i\u0161oriniams dirgikliams ir sustiprina nat\u016bral\u0173 atsparum\u0105. Saldymed\u017eio \u0161aknies ekstraktas papildo kauk\u0119 prie\u0161u\u017edegiminiu poveikiu. \u0160velni kremin\u0117-gelin\u0117 tekst\u016bra be kvapikli\u0173 u\u017etikrina intensyvi\u0105 prie\u017ei\u016br\u0105 jautriai odai.<\/p>\n<p data-start=\"2180\" data-end=\"2196\"><strong data-start=\"2180\" data-end=\"2190\">T\u016bris:<\/strong> 50 ml<\/p>\n","protected":false},"excerpt":{"rendered":"<p data-start=\"2398\" data-end=\"2460\">Raminamoji intensyvi kauk\u0117 jautriai odai su kuperoze ir ro\u017eine<\/p>\n<h2 data-start=\"2462\" data-end=\"2775\"><strong data-start=\"2462\" data-end=\"2505\">Reviderm &#8211; Couperose Therapy Mask <\/strong><strong data-start=\"2020\" data-end=\"2062\">Savyb\u0117s<\/strong><\/h2>\n<p data-start=\"2462\" data-end=\"2775\">\u2714\ufe0f Ma\u017eina paraudim\u0105 ir deginimo poj\u016bt\u012f<br data-start=\"2546\" data-end=\"2549\" \/>\u2714\ufe0f Mal\u0161ina sudirginim\u0105 ir nie\u017e\u0117jim\u0105<br data-start=\"2584\" data-end=\"2587\" \/>\u2714\ufe0f Stiprina kapiliarus ir ma\u017eina j\u0173 pralaidum\u0105<br data-start=\"2633\" data-end=\"2636\" \/>\u2714\ufe0f Turi antioksidant\u0173 kraujagysli\u0173 apsaugai<br data-start=\"2679\" data-end=\"2682\" \/>\u2714\ufe0f Dr\u0117kina ir atkuria odos apsaugin\u012f barjer\u0105<br data-start=\"2726\" data-end=\"2729\" \/>\u2714\ufe0f Be kvapi\u0173j\u0173 med\u017eiag\u0173, tinka jautriai odai<\/p>\n","protected":false},"featured_media":40504,"template":"","meta":[],"pwb-brand":[704],"product_brand":[],"product_cat":[746,726],"product_tag":[],"giftcard-category":[],"class_list":{"0":"post-40514","1":"product","2":"type-product","3":"status-publish","4":"has-post-thumbnail","6":"pwb-brand-reviderm","7":"product_cat-jautriai-odai","8":"product_cat-maskas-lt","10":"first","11":"instock","12":"taxable","13":"shipping-taxable","14":"purchasable","15":"product-type-simple"},"acf":[],"brands":[{"id":704,"name":"Reviderm","slug":"reviderm"}],"_links":{"self":[{"href":"https:\/\/skinstudio.ee\/lt\/wp-json\/wp\/v2\/product\/40514","targetHints":{"allow":["GET"]}}],"collection":[{"href":"https:\/\/skinstudio.ee\/lt\/wp-json\/wp\/v2\/product"}],"about":[{"href":"https:\/\/skinstudio.ee\/lt\/wp-json\/wp\/v2\/types\/product"}],"version-history":[{"count":1,"href":"https:\/\/skinstudio.ee\/lt\/wp-json\/wp\/v2\/product\/40514\/revisions"}],"predecessor-version":[{"id":73190,"href":"https:\/\/skinstudio.ee\/lt\/wp-json\/wp\/v2\/product\/40514\/revisions\/73190"}],"wp:featuredmedia":[{"embeddable":true,"href":"https:\/\/skinstudio.ee\/lt\/wp-json\/wp\/v2\/media\/40504"}],"wp:attachment":[{"href":"https:\/\/skinstudio.ee\/lt\/wp-json\/wp\/v2\/media?parent=40514"}],"wp:term":[{"taxonomy":"pwb-brand","embeddable":true,"href":"https:\/\/skinstudio.ee\/lt\/wp-json\/wp\/v2\/pwb-brand?post=40514"},{"taxonomy":"product_brand","embeddable":true,"href":"https:\/\/skinstudio.ee\/lt\/wp-json\/wp\/v2\/product_brand?post=40514"},{"taxonomy":"product_cat","embeddable":true,"href":"https:\/\/skinstudio.ee\/lt\/wp-json\/wp\/v2\/product_cat?post=40514"},{"taxonomy":"product_tag","embeddable":true,"href":"https:\/\/skinstudio.ee\/lt\/wp-json\/wp\/v2\/product_tag?post=40514"},{"taxonomy":"giftcard-category","embeddable":true,"href":"https:\/\/skinstudio.ee\/lt\/wp-json\/wp\/v2\/giftcard-category?post=40514"}],"curies":[{"name":"wp","href":"https:\/\/api.w.org\/{rel}","templated":true}]}}