{"id":40529,"date":"2025-08-01T09:01:19","date_gmt":"2025-08-01T09:01:19","guid":{"rendered":"https:\/\/skinstudio.ee\/?post_type=product&#038;p=40529"},"modified":"2026-01-21T13:57:31","modified_gmt":"2026-01-21T13:57:31","slug":"hydro2-infusion-mask","status":"publish","type":"product","link":"https:\/\/skinstudio.ee\/lt\/catalog\/reviderm\/hydro2-infusion-mask\/","title":{"rendered":"Hydro2 Infusion Mask"},"content":{"rendered":"<p data-start=\"1470\" data-end=\"2108\">Kremin\u0117-gelin\u0117 kauk\u0117, kuri reguliuoja ir palaiko nat\u016bralius odos dr\u0117kinimo procesus bei papildo juos i\u0161oriniu dr\u0117kinimu.<br data-start=\"1590\" data-end=\"1593\" \/>Aktyvi\u0173j\u0173 med\u017eiag\u0173 kompleksas skatina filagrino baltymo gamyb\u0105 epidermyje. \u0160is baltymas svarbus aminor\u016bg\u0161\u010di\u0173 sintezei, kurios reikalingos nat\u016bralaus dr\u0117kinamojo faktoriaus (NMF) formavimuisi. Daug\u0117jant aminor\u016bg\u0161\u010di\u0173, oda geriau sulaiko dr\u0117gm\u0119.<br data-start=\"1835\" data-end=\"1838\" \/>Biomimetinis aminor\u016bg\u0161\u010di\u0173 kompleksas ir hialurono r\u016bg\u0161tis akimirksniu ir intensyviai dr\u0117kina epiderm\u012f, oda tampa stangresn\u0117 ir gaivesn\u0117.<br data-start=\"1974\" data-end=\"1977\" \/>Pagerintas savireguliacijos mechanizmas ypa\u010d svarbus atopinei odai su genetiniu filagrino tr\u016bkumu, linkusiai \u012f miliumas ar kseroz\u0119.<\/p>\n<p data-start=\"2110\" data-end=\"2126\"><strong data-start=\"2110\" data-end=\"2120\">T\u016bris:<\/strong> 50 ml<\/p>\n","protected":false},"excerpt":{"rendered":"<p data-start=\"2331\" data-end=\"2405\">Dr\u0117kinamoji kremin\u0117-gelin\u0117 kauk\u0117<\/p>\n<h2 data-start=\"2407\" data-end=\"2763\"><strong data-start=\"2407\" data-end=\"2448\">Reviderm &#8211; Hydro2 Infusion Mask <\/strong><strong data-start=\"2020\" data-end=\"2062\">Savyb\u0117s<\/strong><\/h2>\n<p data-start=\"2407\" data-end=\"2763\">\u2714\ufe0f Akimirksniu prisotina od\u0105 dr\u0117gme ir pa\u0161alina dehidratacijos po\u017eymius<br data-start=\"2522\" data-end=\"2525\" \/>\u2714\ufe0f Suma\u017eina tempimo poj\u016bt\u012f ir gr\u0105\u017eina komfort\u0105<br data-start=\"2571\" data-end=\"2574\" \/>\u2714\ufe0f Sustiprina hidrolipidin\u012f barjer\u0105 ir odos apsaugines funkcijas<br data-start=\"2638\" data-end=\"2641\" \/>\u2714\ufe0f Padaro od\u0105 pastebimai \u0161velnesn\u0119, lygesn\u0119 ir elastingesn\u0119<br data-start=\"2700\" data-end=\"2703\" \/>\u2714\ufe0f Suteikia ilgalaik\u0119 dr\u0117gm\u0119 be lipnumo ar pl\u0117vel\u0117s efekto<\/p>\n","protected":false},"featured_media":63871,"template":"","meta":[],"pwb-brand":[704],"product_brand":[],"product_cat":[738,746,726,740,750],"product_tag":[],"giftcard-category":[],"class_list":{"0":"post-40529","1":"product","2":"type-product","3":"status-publish","4":"has-post-thumbnail","6":"pwb-brand-reviderm","7":"product_cat-drekinimas","8":"product_cat-jautriai-odai","9":"product_cat-maskas-lt","10":"product_cat-sausai-odai","11":"product_cat-senstanti-oda","13":"first","14":"instock","15":"taxable","16":"shipping-taxable","17":"purchasable","18":"product-type-simple"},"acf":[],"brands":[{"id":704,"name":"Reviderm","slug":"reviderm"}],"_links":{"self":[{"href":"https:\/\/skinstudio.ee\/lt\/wp-json\/wp\/v2\/product\/40529","targetHints":{"allow":["GET"]}}],"collection":[{"href":"https:\/\/skinstudio.ee\/lt\/wp-json\/wp\/v2\/product"}],"about":[{"href":"https:\/\/skinstudio.ee\/lt\/wp-json\/wp\/v2\/types\/product"}],"version-history":[{"count":1,"href":"https:\/\/skinstudio.ee\/lt\/wp-json\/wp\/v2\/product\/40529\/revisions"}],"predecessor-version":[{"id":73189,"href":"https:\/\/skinstudio.ee\/lt\/wp-json\/wp\/v2\/product\/40529\/revisions\/73189"}],"wp:featuredmedia":[{"embeddable":true,"href":"https:\/\/skinstudio.ee\/lt\/wp-json\/wp\/v2\/media\/63871"}],"wp:attachment":[{"href":"https:\/\/skinstudio.ee\/lt\/wp-json\/wp\/v2\/media?parent=40529"}],"wp:term":[{"taxonomy":"pwb-brand","embeddable":true,"href":"https:\/\/skinstudio.ee\/lt\/wp-json\/wp\/v2\/pwb-brand?post=40529"},{"taxonomy":"product_brand","embeddable":true,"href":"https:\/\/skinstudio.ee\/lt\/wp-json\/wp\/v2\/product_brand?post=40529"},{"taxonomy":"product_cat","embeddable":true,"href":"https:\/\/skinstudio.ee\/lt\/wp-json\/wp\/v2\/product_cat?post=40529"},{"taxonomy":"product_tag","embeddable":true,"href":"https:\/\/skinstudio.ee\/lt\/wp-json\/wp\/v2\/product_tag?post=40529"},{"taxonomy":"giftcard-category","embeddable":true,"href":"https:\/\/skinstudio.ee\/lt\/wp-json\/wp\/v2\/giftcard-category?post=40529"}],"curies":[{"name":"wp","href":"https:\/\/api.w.org\/{rel}","templated":true}]}}