{"id":40544,"date":"2025-08-01T09:16:22","date_gmt":"2025-08-01T09:16:22","guid":{"rendered":"https:\/\/skinstudio.ee\/?post_type=product&#038;p=40544"},"modified":"2026-01-21T13:57:31","modified_gmt":"2026-01-21T13:57:31","slug":"hydro2-infusion-serum","status":"publish","type":"product","link":"https:\/\/skinstudio.ee\/lt\/catalog\/reviderm\/hydro2-infusion-serum\/","title":{"rendered":"Hydro2 Infusion Serum"},"content":{"rendered":"<p data-start=\"1313\" data-end=\"1835\">Veido odos dr\u0117kinimas \u2013 vienas svarbiausi\u0173 bazin\u0117s prie\u017ei\u016bros \u017eingsni\u0173, kurio negalima praleisti. Dehidratuota oda gali gaminti pakankamai lipid\u0173, bet nesugeba i\u0161laikyti dr\u0117gm\u0117s. \u0160is 24 valand\u0173 reguliuojantis dr\u0117kinamasis serumas sukurtas tam, kad palaikyt\u0173 nat\u016bral\u0173 odos dr\u0117kinim\u0105, pad\u0117damas jai sulaikyti i\u0161orin\u0119 dr\u0117gm\u0119. Unikali formul\u0117 skatina aminor\u016bg\u0161\u010di\u0173 kiekio did\u0117jim\u0105 epidermyje, o tai leid\u017eia odai i\u0161likti maksimaliai dr\u0117kinamai. D\u0117l didel\u0117s veikli\u0173j\u0173 med\u017eiag\u0173 koncentracijos serumas veikia intensyviau ir ilgiau.<\/p>\n<p data-start=\"1837\" data-end=\"1853\"><strong data-start=\"1837\" data-end=\"1847\">T\u016bris:<\/strong> 30 ml<\/p>\n","protected":false},"excerpt":{"rendered":"<p data-start=\"1950\" data-end=\"2018\">Koncentruotas dr\u0117kinamasis serumas ilgalaikei dr\u0117gmei ir komfortui<\/p>\n<h2 data-start=\"2020\" data-end=\"2358\"><strong data-start=\"2020\" data-end=\"2062\">Reviderm &#8211; Hydro2 Infusion Serum <\/strong><strong data-start=\"2020\" data-end=\"2062\">Savyb\u0117s<\/strong><\/h2>\n<p data-start=\"2020\" data-end=\"2358\">\u2714\ufe0f Greitai ir giliai prisotina od\u0105 dr\u0117gme<br data-start=\"2106\" data-end=\"2109\" \/>\u2714\ufe0f Pa\u0161alina sausum\u0105 ir tempimo poj\u016bt\u012f jau po pirmo naudojimo<br data-start=\"2169\" data-end=\"2172\" \/>\u2714\ufe0f Padidina odos elastingum\u0105 ir suteikia gaiv\u0173, pri\u017ei\u016br\u0117tos odos \u012fsp\u016bd\u012f<br data-start=\"2243\" data-end=\"2246\" \/>\u2714\ufe0f Atkuria dr\u0117gm\u0117s balans\u0105 ir pagerina dr\u0117gm\u0117s i\u0161laikym\u0105<br data-start=\"2302\" data-end=\"2305\" \/>\u2714\ufe0f Sustiprina tolesni\u0173 prie\u017ei\u016bros priemoni\u0173 poveik\u012f<\/p>\n","protected":false},"featured_media":40536,"template":"","meta":[],"pwb-brand":[704],"product_brand":[],"product_cat":[738,740,750,724],"product_tag":[],"giftcard-category":[],"class_list":{"0":"post-40544","1":"product","2":"type-product","3":"status-publish","4":"has-post-thumbnail","6":"pwb-brand-reviderm","7":"product_cat-drekinimas","8":"product_cat-sausai-odai","9":"product_cat-senstanti-oda","10":"product_cat-serumai","12":"first","13":"instock","14":"taxable","15":"shipping-taxable","16":"purchasable","17":"product-type-simple"},"acf":[],"brands":[{"id":704,"name":"Reviderm","slug":"reviderm"}],"_links":{"self":[{"href":"https:\/\/skinstudio.ee\/lt\/wp-json\/wp\/v2\/product\/40544","targetHints":{"allow":["GET"]}}],"collection":[{"href":"https:\/\/skinstudio.ee\/lt\/wp-json\/wp\/v2\/product"}],"about":[{"href":"https:\/\/skinstudio.ee\/lt\/wp-json\/wp\/v2\/types\/product"}],"version-history":[{"count":1,"href":"https:\/\/skinstudio.ee\/lt\/wp-json\/wp\/v2\/product\/40544\/revisions"}],"predecessor-version":[{"id":73188,"href":"https:\/\/skinstudio.ee\/lt\/wp-json\/wp\/v2\/product\/40544\/revisions\/73188"}],"wp:featuredmedia":[{"embeddable":true,"href":"https:\/\/skinstudio.ee\/lt\/wp-json\/wp\/v2\/media\/40536"}],"wp:attachment":[{"href":"https:\/\/skinstudio.ee\/lt\/wp-json\/wp\/v2\/media?parent=40544"}],"wp:term":[{"taxonomy":"pwb-brand","embeddable":true,"href":"https:\/\/skinstudio.ee\/lt\/wp-json\/wp\/v2\/pwb-brand?post=40544"},{"taxonomy":"product_brand","embeddable":true,"href":"https:\/\/skinstudio.ee\/lt\/wp-json\/wp\/v2\/product_brand?post=40544"},{"taxonomy":"product_cat","embeddable":true,"href":"https:\/\/skinstudio.ee\/lt\/wp-json\/wp\/v2\/product_cat?post=40544"},{"taxonomy":"product_tag","embeddable":true,"href":"https:\/\/skinstudio.ee\/lt\/wp-json\/wp\/v2\/product_tag?post=40544"},{"taxonomy":"giftcard-category","embeddable":true,"href":"https:\/\/skinstudio.ee\/lt\/wp-json\/wp\/v2\/giftcard-category?post=40544"}],"curies":[{"name":"wp","href":"https:\/\/api.w.org\/{rel}","templated":true}]}}