{"id":40563,"date":"2025-08-01T09:33:16","date_gmt":"2025-08-01T09:33:16","guid":{"rendered":"https:\/\/skinstudio.ee\/?post_type=product&#038;p=40563"},"modified":"2026-01-21T13:57:31","modified_gmt":"2026-01-21T13:57:31","slug":"hydro2-infusion-cream","status":"publish","type":"product","link":"https:\/\/skinstudio.ee\/lt\/catalog\/reviderm\/hydro2-infusion-cream\/","title":{"rendered":"Hydro2 Infusion Cream"},"content":{"rendered":"<p data-start=\"1544\" data-end=\"2363\">24 valand\u0173 kremas, kuris reguliuoja ir palaiko nat\u016bralius odos dr\u0117kinimo procesus bei stiprina i\u0161orin\u0117s dr\u0117gm\u0117s i\u0161laikym\u0105.<br data-start=\"1666\" data-end=\"1669\" \/>Soj\u0173 polipeptidai skatina filagrino gamyb\u0105 epidermyje \u2013 \u0161is baltymas svarbus aminor\u016bg\u0161\u010di\u0173 sintezei, kurios b\u016btinos nat\u016bralaus dr\u0117kinamojo faktoriaus (NMF) susidarymui.<br data-start=\"1836\" data-end=\"1839\" \/>Perilos s\u0117kl\u0173 aliejus yra turtingas omega-3 riebal\u0173 r\u016bg\u0161timis, vitaminais ir mineralais \u2013 jis normalizuoja lipidin\u012f barjer\u0105, saugo nuo u\u017edegim\u0173 ir prie\u0161laikinio sen\u0117jimo.<br data-start=\"2009\" data-end=\"2012\" \/>Oda tampa stangresn\u0117, lygesn\u0117 ir vizualiai gaivesn\u0117.<br data-start=\"2064\" data-end=\"2067\" \/>Kremo dvigubas poveikis:<\/p>\n<ul>\n<li data-start=\"1544\" data-end=\"2363\">Jis intensyviai dr\u0117kina ir skatina nat\u016bral\u0173 odos dr\u0117kinim\u0105 i\u0161 vidaus<\/li>\n<li data-start=\"1544\" data-end=\"2363\">Omega-3, vitaminai ir mineralai ma\u017eina tempimo jausm\u0105, mink\u0161tina ir gerina odos elastingum\u0105<\/li>\n<li data-start=\"1544\" data-end=\"2363\">I\u0161lygina sausumo sukeltas smulkias ir gilesnes rauk\u0161les, oda tampa tankesn\u0117, o veido spalva \u2013 tolygesn\u0117.<\/li>\n<\/ul>\n<p data-start=\"2365\" data-end=\"2381\"><strong data-start=\"2365\" data-end=\"2375\">T\u016bris:<\/strong> 50 ml<\/p>\n","protected":false},"excerpt":{"rendered":"<p data-start=\"2466\" data-end=\"2538\">Intensyvus dr\u0117kinamasis kremas<\/p>\n<h2 data-start=\"2540\" data-end=\"2847\"><strong data-start=\"2540\" data-end=\"2582\">Reviderm &#8211; Hydro2 Infusion Cream <\/strong><strong data-start=\"2540\" data-end=\"2582\">Savyb\u0117s<\/strong><\/h2>\n<p data-start=\"2540\" data-end=\"2847\">\u2714\ufe0f Giliai ir ilgai dr\u0117kina od\u0105<br data-start=\"2615\" data-end=\"2618\" \/>\u2714\ufe0f Atkuria nat\u016bral\u0173 dr\u0117gm\u0117s lyg\u012f epidermyje<br data-start=\"2661\" data-end=\"2664\" \/>\u2714\ufe0f Pa\u0161alina sausum\u0105 ir tempim\u0105, gr\u0105\u017eina komfort\u0105<br data-start=\"2712\" data-end=\"2715\" \/>\u2714\ufe0f Padidina odos elastingum\u0105, \u0161velnum\u0105 ir i\u0161lygina mikroreljef\u0105<br data-start=\"2778\" data-end=\"2781\" \/>\u2714\ufe0f Sustiprina apsaugin\u012f odos barjer\u0105 ir saugo nuo dehidratacijos<\/p>\n","protected":false},"featured_media":40551,"template":"","meta":[],"pwb-brand":[704],"product_brand":[],"product_cat":[738,746,740,750],"product_tag":[],"giftcard-category":[],"class_list":{"0":"post-40563","1":"product","2":"type-product","3":"status-publish","4":"has-post-thumbnail","6":"pwb-brand-reviderm","7":"product_cat-drekinimas","8":"product_cat-jautriai-odai","9":"product_cat-sausai-odai","10":"product_cat-senstanti-oda","12":"first","13":"instock","14":"taxable","15":"shipping-taxable","16":"purchasable","17":"product-type-simple"},"acf":[],"brands":[{"id":704,"name":"Reviderm","slug":"reviderm"}],"_links":{"self":[{"href":"https:\/\/skinstudio.ee\/lt\/wp-json\/wp\/v2\/product\/40563","targetHints":{"allow":["GET"]}}],"collection":[{"href":"https:\/\/skinstudio.ee\/lt\/wp-json\/wp\/v2\/product"}],"about":[{"href":"https:\/\/skinstudio.ee\/lt\/wp-json\/wp\/v2\/types\/product"}],"version-history":[{"count":1,"href":"https:\/\/skinstudio.ee\/lt\/wp-json\/wp\/v2\/product\/40563\/revisions"}],"predecessor-version":[{"id":73187,"href":"https:\/\/skinstudio.ee\/lt\/wp-json\/wp\/v2\/product\/40563\/revisions\/73187"}],"wp:featuredmedia":[{"embeddable":true,"href":"https:\/\/skinstudio.ee\/lt\/wp-json\/wp\/v2\/media\/40551"}],"wp:attachment":[{"href":"https:\/\/skinstudio.ee\/lt\/wp-json\/wp\/v2\/media?parent=40563"}],"wp:term":[{"taxonomy":"pwb-brand","embeddable":true,"href":"https:\/\/skinstudio.ee\/lt\/wp-json\/wp\/v2\/pwb-brand?post=40563"},{"taxonomy":"product_brand","embeddable":true,"href":"https:\/\/skinstudio.ee\/lt\/wp-json\/wp\/v2\/product_brand?post=40563"},{"taxonomy":"product_cat","embeddable":true,"href":"https:\/\/skinstudio.ee\/lt\/wp-json\/wp\/v2\/product_cat?post=40563"},{"taxonomy":"product_tag","embeddable":true,"href":"https:\/\/skinstudio.ee\/lt\/wp-json\/wp\/v2\/product_tag?post=40563"},{"taxonomy":"giftcard-category","embeddable":true,"href":"https:\/\/skinstudio.ee\/lt\/wp-json\/wp\/v2\/giftcard-category?post=40563"}],"curies":[{"name":"wp","href":"https:\/\/api.w.org\/{rel}","templated":true}]}}