{"id":40581,"date":"2025-08-01T09:44:04","date_gmt":"2025-08-01T09:44:04","guid":{"rendered":"https:\/\/skinstudio.ee\/?post_type=product&#038;p=40581"},"modified":"2026-01-21T13:57:33","modified_gmt":"2026-01-21T13:57:33","slug":"sicca-control-day","status":"publish","type":"product","link":"https:\/\/skinstudio.ee\/lt\/catalog\/reviderm\/sicca-control-day\/","title":{"rendered":"Sicca Control Day"},"content":{"rendered":"<p data-start=\"1046\" data-end=\"1391\">Kremas pasi\u017eymi apsauginiu poveikiu \u2013 reguliuoja riebal\u0173 i\u0161siskyrim\u0105 ir ramina sudirgimus. Su oda identi\u0161ki lipidai stiprina apsaugin\u012f barjer\u0105 ir didina odos atsparum\u0105. Ektoinas aktyvina nat\u016bralius odos atsinaujinimo mechanizmus ir gerina geb\u0117jim\u0105 i\u0161laikyti dr\u0117gm\u0119. Atkuria nat\u016bral\u0173 balans\u0105. Kremas ramina od\u0105, padaro j\u0105 lygesn\u0119 ir elastingesn\u0119.<\/p>\n<p data-start=\"1393\" data-end=\"1409\"><strong data-start=\"1393\" data-end=\"1403\">T\u016bris:<\/strong> 50 m<\/p>\n","protected":false},"excerpt":{"rendered":"<p data-start=\"1538\" data-end=\"1566\">Dieninis balansinis kremas<\/p>\n<h2 data-start=\"1568\" data-end=\"1887\"><strong data-start=\"1568\" data-end=\"1612\">Reviderm &#8211; Sicca Control Day Cream <\/strong><strong data-start=\"1671\" data-end=\"1717\">Savyb\u0117s<\/strong><\/h2>\n<p data-start=\"1568\" data-end=\"1887\">\u2714\ufe0f Ramina jautri\u0105 ir \u012f u\u017edegim\u0105 linkusi\u0105 od\u0105<br data-start=\"1659\" data-end=\"1662\" \/>\u2714\ufe0f Reguliuoja riebalini\u0173 liauk\u0173 veikl\u0105 ir ma\u017eina blizges\u012f<br data-start=\"1719\" data-end=\"1722\" \/>\u2714\ufe0f U\u017etikrina optimal\u0173 dr\u0117kinim\u0105 visos dienos metu<br data-start=\"1771\" data-end=\"1774\" \/>\u2714\ufe0f Stiprina odos apsaugin\u012f barjer\u0105 ir saugo nuo sudirgim\u0173<br data-start=\"1831\" data-end=\"1834\" \/>\u2714\ufe0f Pagerina odos tekst\u016br\u0105 ir suteikia matin\u012f efekt\u0105<\/p>\n","protected":false},"featured_media":63866,"template":"","meta":[],"pwb-brand":[704],"product_brand":[],"product_cat":[742,738,746,748],"product_tag":[],"giftcard-category":[],"class_list":{"0":"post-40581","1":"product","2":"type-product","3":"status-publish","4":"has-post-thumbnail","6":"pwb-brand-reviderm","7":"product_cat-berimai","8":"product_cat-drekinimas","9":"product_cat-jautriai-odai","10":"product_cat-taukainai-adai-lt","12":"first","13":"instock","14":"taxable","15":"shipping-taxable","16":"purchasable","17":"product-type-simple"},"acf":[],"brands":[{"id":704,"name":"Reviderm","slug":"reviderm"}],"_links":{"self":[{"href":"https:\/\/skinstudio.ee\/lt\/wp-json\/wp\/v2\/product\/40581","targetHints":{"allow":["GET"]}}],"collection":[{"href":"https:\/\/skinstudio.ee\/lt\/wp-json\/wp\/v2\/product"}],"about":[{"href":"https:\/\/skinstudio.ee\/lt\/wp-json\/wp\/v2\/types\/product"}],"version-history":[{"count":1,"href":"https:\/\/skinstudio.ee\/lt\/wp-json\/wp\/v2\/product\/40581\/revisions"}],"predecessor-version":[{"id":73158,"href":"https:\/\/skinstudio.ee\/lt\/wp-json\/wp\/v2\/product\/40581\/revisions\/73158"}],"wp:featuredmedia":[{"embeddable":true,"href":"https:\/\/skinstudio.ee\/lt\/wp-json\/wp\/v2\/media\/63866"}],"wp:attachment":[{"href":"https:\/\/skinstudio.ee\/lt\/wp-json\/wp\/v2\/media?parent=40581"}],"wp:term":[{"taxonomy":"pwb-brand","embeddable":true,"href":"https:\/\/skinstudio.ee\/lt\/wp-json\/wp\/v2\/pwb-brand?post=40581"},{"taxonomy":"product_brand","embeddable":true,"href":"https:\/\/skinstudio.ee\/lt\/wp-json\/wp\/v2\/product_brand?post=40581"},{"taxonomy":"product_cat","embeddable":true,"href":"https:\/\/skinstudio.ee\/lt\/wp-json\/wp\/v2\/product_cat?post=40581"},{"taxonomy":"product_tag","embeddable":true,"href":"https:\/\/skinstudio.ee\/lt\/wp-json\/wp\/v2\/product_tag?post=40581"},{"taxonomy":"giftcard-category","embeddable":true,"href":"https:\/\/skinstudio.ee\/lt\/wp-json\/wp\/v2\/giftcard-category?post=40581"}],"curies":[{"name":"wp","href":"https:\/\/api.w.org\/{rel}","templated":true}]}}