{"id":40596,"date":"2025-08-01T09:59:08","date_gmt":"2025-08-01T09:59:08","guid":{"rendered":"https:\/\/skinstudio.ee\/?post_type=product&#038;p=40596"},"modified":"2026-01-21T13:57:33","modified_gmt":"2026-01-21T13:57:33","slug":"sicca-control-night","status":"publish","type":"product","link":"https:\/\/skinstudio.ee\/lt\/catalog\/reviderm\/sicca-control-night\/","title":{"rendered":"Sicca Control Night"},"content":{"rendered":"<p data-start=\"1346\" data-end=\"1993\">Raminamasis dr\u0117kinamasis kremas atkuria odos barjerin\u0119 funkcij\u0105, ma\u017eina u\u017edegim\u0105 ir jautrum\u0105. Tinka odai, linkusiai \u012f akn\u0119 ar ro\u017ein\u0119. Kremas reguliuoja riebal\u0173 gamyb\u0105, mal\u0161ina sudirgimus ir tempimo jausm\u0105, kovoja su dehidratacija. Lengvos tekst\u016bros formul\u0117 idealiai tinka probleminei odai. Produktas pagerina riebios, i\u0161saus\u0117jusios odos b\u016bkl\u0119, atkuria dr\u0117gm\u0119 ir elastingum\u0105 brand\u017eiai odai.<br data-start=\"1735\" data-end=\"1738\" \/>Kremo pagrindas \u2013 DMS, Derma Membrane Structure (Vokietijos kompanijos KOKO patentas) \u2013 moderniausia lamelin\u0117s emulsijos (MLE) forma. Tai itin veiksminga sudedamoji dalis odos barjerui atkurti ir veikliosioms med\u017eiagoms \u012fsiskverbti \u012f gilesnius sluoksnius.<\/p>\n<p data-start=\"1995\" data-end=\"2011\"><strong data-start=\"1995\" data-end=\"2005\">T\u016bris:<\/strong> 50 ml<\/p>\n","protected":false},"excerpt":{"rendered":"<p data-start=\"2187\" data-end=\"2215\">Naktinis balansinis kremas<\/p>\n<h2 data-start=\"2217\" data-end=\"2517\"><strong data-start=\"2217\" data-end=\"2263\">Reviderm &#8211; Sicca Control Night <\/strong><strong data-start=\"1671\" data-end=\"1717\">Savyb\u0117s<\/strong><\/h2>\n<p data-start=\"2217\" data-end=\"2517\">\u2714\ufe0f Ramina jautri\u0105 od\u0105 ir ma\u017eina u\u017edegim\u0105<br data-start=\"2306\" data-end=\"2309\" \/>\u2714\ufe0f Intensyviai atkuria od\u0105 nakties metu<br data-start=\"2348\" data-end=\"2351\" \/>\u2714\ufe0f Reguliuoja riebal\u0173 i\u0161siskyrim\u0105 ir stiprina apsaugin\u012f barjer\u0105<br data-start=\"2414\" data-end=\"2417\" \/>\u2714\ufe0f Mal\u0161ina sausum\u0105 ir diskomfort\u0105, mink\u0161tina od\u0105<br data-start=\"2465\" data-end=\"2468\" \/>\u2714\ufe0f Gerina elastingum\u0105 ir i\u0161lygina odos tekst\u016br\u0105<\/p>\n","protected":false},"featured_media":40588,"template":"","meta":[],"pwb-brand":[704],"product_brand":[],"product_cat":[742,738,746,740,750],"product_tag":[],"giftcard-category":[],"class_list":{"0":"post-40596","1":"product","2":"type-product","3":"status-publish","4":"has-post-thumbnail","6":"pwb-brand-reviderm","7":"product_cat-berimai","8":"product_cat-drekinimas","9":"product_cat-jautriai-odai","10":"product_cat-sausai-odai","11":"product_cat-senstanti-oda","13":"first","14":"instock","15":"taxable","16":"shipping-taxable","17":"purchasable","18":"product-type-simple"},"acf":[],"brands":[{"id":704,"name":"Reviderm","slug":"reviderm"}],"_links":{"self":[{"href":"https:\/\/skinstudio.ee\/lt\/wp-json\/wp\/v2\/product\/40596","targetHints":{"allow":["GET"]}}],"collection":[{"href":"https:\/\/skinstudio.ee\/lt\/wp-json\/wp\/v2\/product"}],"about":[{"href":"https:\/\/skinstudio.ee\/lt\/wp-json\/wp\/v2\/types\/product"}],"version-history":[{"count":1,"href":"https:\/\/skinstudio.ee\/lt\/wp-json\/wp\/v2\/product\/40596\/revisions"}],"predecessor-version":[{"id":73157,"href":"https:\/\/skinstudio.ee\/lt\/wp-json\/wp\/v2\/product\/40596\/revisions\/73157"}],"wp:featuredmedia":[{"embeddable":true,"href":"https:\/\/skinstudio.ee\/lt\/wp-json\/wp\/v2\/media\/40588"}],"wp:attachment":[{"href":"https:\/\/skinstudio.ee\/lt\/wp-json\/wp\/v2\/media?parent=40596"}],"wp:term":[{"taxonomy":"pwb-brand","embeddable":true,"href":"https:\/\/skinstudio.ee\/lt\/wp-json\/wp\/v2\/pwb-brand?post=40596"},{"taxonomy":"product_brand","embeddable":true,"href":"https:\/\/skinstudio.ee\/lt\/wp-json\/wp\/v2\/product_brand?post=40596"},{"taxonomy":"product_cat","embeddable":true,"href":"https:\/\/skinstudio.ee\/lt\/wp-json\/wp\/v2\/product_cat?post=40596"},{"taxonomy":"product_tag","embeddable":true,"href":"https:\/\/skinstudio.ee\/lt\/wp-json\/wp\/v2\/product_tag?post=40596"},{"taxonomy":"giftcard-category","embeddable":true,"href":"https:\/\/skinstudio.ee\/lt\/wp-json\/wp\/v2\/giftcard-category?post=40596"}],"curies":[{"name":"wp","href":"https:\/\/api.w.org\/{rel}","templated":true}]}}