{"id":40612,"date":"2025-08-01T10:07:27","date_gmt":"2025-08-01T10:07:27","guid":{"rendered":"https:\/\/skinstudio.ee\/?post_type=product&#038;p=40612"},"modified":"2026-01-21T13:57:33","modified_gmt":"2026-01-21T13:57:33","slug":"sicca-calcium-serum","status":"publish","type":"product","link":"https:\/\/skinstudio.ee\/lt\/catalog\/reviderm\/sicca-calcium-serum\/","title":{"rendered":"Sicca Calcium Serum"},"content":{"rendered":"<p data-start=\"847\" data-end=\"1065\">\u0160is specialus serumas su kalciu ir hialurono r\u016bg\u0161timi reguliuoja nat\u016bral\u0173 odos l\u0105steli\u0173 atsinaujinimo proces\u0105 ir padidina atsparum\u0105 i\u0161or\u0117s veiksniams. Oda tampa lygesn\u0117, tolygesn\u0117s tekst\u016bros, \u0161velnesn\u0117 ir elastingesn\u0117.<\/p>\n<p data-start=\"1067\" data-end=\"1083\"><strong data-start=\"1067\" data-end=\"1077\">T\u016bris:<\/strong> 30 ml<\/p>\n","protected":false},"excerpt":{"rendered":"<p data-start=\"1220\" data-end=\"1253\">Stiprinamasis serumas su kalciu<\/p>\n<h2 data-start=\"1255\" data-end=\"1511\"><strong data-start=\"1255\" data-end=\"1295\">Reviderm &#8211; Sicca Calcium Serum <\/strong><strong data-start=\"1671\" data-end=\"1717\">Savyb\u0117s<\/strong><\/h2>\n<p data-start=\"1255\" data-end=\"1511\">\u2714\ufe0f Stiprina nusilpusi\u0105 ir dehidratuot\u0105 od\u0105<br data-start=\"1340\" data-end=\"1343\" \/>\u2714\ufe0f Ramina sudirgimus ir ma\u017eina jautrum\u0105<br data-start=\"1382\" data-end=\"1385\" \/>\u2714\ufe0f Atkuria odos apsaugin\u0119 barjerin\u0119 funkcij\u0105<br data-start=\"1429\" data-end=\"1432\" \/>\u2714\ufe0f Didina atsparum\u0105 i\u0161oriniam stresui<br data-start=\"1469\" data-end=\"1472\" \/>\u2714\ufe0f Paruo\u0161ia od\u0105 tolimesnei prie\u017ei\u016brai<\/p>\n","protected":false},"featured_media":63861,"template":"","meta":[],"pwb-brand":[704],"product_brand":[],"product_cat":[738,746,740,750,724],"product_tag":[],"giftcard-category":[],"class_list":{"0":"post-40612","1":"product","2":"type-product","3":"status-publish","4":"has-post-thumbnail","6":"pwb-brand-reviderm","7":"product_cat-drekinimas","8":"product_cat-jautriai-odai","9":"product_cat-sausai-odai","10":"product_cat-senstanti-oda","11":"product_cat-serumai","13":"first","14":"instock","15":"taxable","16":"shipping-taxable","17":"purchasable","18":"product-type-simple"},"acf":[],"brands":[{"id":704,"name":"Reviderm","slug":"reviderm"}],"_links":{"self":[{"href":"https:\/\/skinstudio.ee\/lt\/wp-json\/wp\/v2\/product\/40612","targetHints":{"allow":["GET"]}}],"collection":[{"href":"https:\/\/skinstudio.ee\/lt\/wp-json\/wp\/v2\/product"}],"about":[{"href":"https:\/\/skinstudio.ee\/lt\/wp-json\/wp\/v2\/types\/product"}],"version-history":[{"count":1,"href":"https:\/\/skinstudio.ee\/lt\/wp-json\/wp\/v2\/product\/40612\/revisions"}],"predecessor-version":[{"id":73156,"href":"https:\/\/skinstudio.ee\/lt\/wp-json\/wp\/v2\/product\/40612\/revisions\/73156"}],"wp:featuredmedia":[{"embeddable":true,"href":"https:\/\/skinstudio.ee\/lt\/wp-json\/wp\/v2\/media\/63861"}],"wp:attachment":[{"href":"https:\/\/skinstudio.ee\/lt\/wp-json\/wp\/v2\/media?parent=40612"}],"wp:term":[{"taxonomy":"pwb-brand","embeddable":true,"href":"https:\/\/skinstudio.ee\/lt\/wp-json\/wp\/v2\/pwb-brand?post=40612"},{"taxonomy":"product_brand","embeddable":true,"href":"https:\/\/skinstudio.ee\/lt\/wp-json\/wp\/v2\/product_brand?post=40612"},{"taxonomy":"product_cat","embeddable":true,"href":"https:\/\/skinstudio.ee\/lt\/wp-json\/wp\/v2\/product_cat?post=40612"},{"taxonomy":"product_tag","embeddable":true,"href":"https:\/\/skinstudio.ee\/lt\/wp-json\/wp\/v2\/product_tag?post=40612"},{"taxonomy":"giftcard-category","embeddable":true,"href":"https:\/\/skinstudio.ee\/lt\/wp-json\/wp\/v2\/giftcard-category?post=40612"}],"curies":[{"name":"wp","href":"https:\/\/api.w.org\/{rel}","templated":true}]}}