{"id":40627,"date":"2025-08-01T10:19:21","date_gmt":"2025-08-01T10:19:21","guid":{"rendered":"https:\/\/skinstudio.ee\/?post_type=product&#038;p=40627"},"modified":"2026-01-21T13:57:31","modified_gmt":"2026-01-21T13:57:31","slug":"neuro-sensitive-de-stress-cleanser","status":"publish","type":"product","link":"https:\/\/skinstudio.ee\/lt\/catalog\/reviderm\/neuro-sensitive-de-stress-cleanser\/","title":{"rendered":"Neuro Sensitive De-Stress Cleanser"},"content":{"rendered":"<p data-start=\"1722\" data-end=\"2620\">Neuro Sensitive De-Stress Cleanser \u2013 tai antistresinis prausiklis-gelis, kuris \u0161velniai, bet veiksmingai valo od\u0105. Jis i\u0161laiko dr\u0117gm\u0119 epidermyje ir puikiai paruo\u0161ia od\u0105 tolesnei prie\u017ei\u016brai. Priemon\u0117s sud\u0117tyje yra \u0161velni\u0173 pavir\u0161inio aktyvumo med\u017eiag\u0173 ir ma\u017eas pH, kuris itin svarbus nat\u016braliai odos apsauginei funkcijai palaikyti.<br data-start=\"2051\" data-end=\"2054\" \/>Neurojautriai ar atopinei odai b\u016bdingas padid\u0117j\u0119s pH, d\u0117l kurio silpn\u0117ja apsauga ir oda tampa jautresn\u0117. Ma\u017eas pH padeda i\u0161laikyti nat\u016bral\u0173 r\u016bg\u0161tin\u012f apsaugin\u012f sluoksn\u012f ir stabilizuoja mikroflor\u0105.<br data-start=\"2249\" data-end=\"2252\" \/>Biomimetinis antistresinis peptidas (palmitoiltripeptidas-8) \u017eymiai suma\u017eina med\u017eiagos P i\u0161siskyrim\u0105, tod\u0117l padeda i\u0161vengti neurogenini\u0173 simptom\u0173 ir suma\u017eina j\u0173 matomum\u0105.<br data-start=\"2422\" data-end=\"2425\" \/>Provitaminas B5 ramina, dr\u0117kina ir skatina odos regeneracij\u0105. Suma\u017e\u0117ja nie\u017eulys, diskomfortas ir paraudimas. Reguliarus naudojimas ma\u017eina odos hiperreaktyvum\u0105 ir gerina jos tolerancijos slenkst\u012f.<\/p>\n<p data-start=\"2622\" data-end=\"2639\"><strong data-start=\"2622\" data-end=\"2632\">T\u016bris:<\/strong> 200 ml<\/p>\n","protected":false},"excerpt":{"rendered":"<p data-start=\"2813\" data-end=\"2868\">Valomasis kremas-gelis<\/p>\n<h2 data-start=\"2870\" data-end=\"3184\"><strong data-start=\"2870\" data-end=\"2925\">Reviderm &#8211; Neuro Sensitive De-Stress Cleanser <\/strong><strong data-start=\"1671\" data-end=\"1717\">Savyb\u0117s<\/strong><\/h2>\n<p data-start=\"2870\" data-end=\"3184\">\u2714\ufe0f \u0160velniai pa\u0161alina ne\u0161varumus ir makia\u017e\u0105, nepa\u017eeisdamas odos barjero<br data-start=\"2998\" data-end=\"3001\" \/>\u2714\ufe0f Ramina jautri\u0105 ir sudirgusi\u0105 od\u0105 jau valymo metu<br data-start=\"3052\" data-end=\"3055\" \/>\u2714\ufe0f Ma\u017eina jautrum\u0105 ir mal\u0161ina deginimo poj\u016bt\u012f<br data-start=\"3100\" data-end=\"3103\" \/>\u2714\ufe0f Palaiko sveik\u0105 pH ir saugo nuo sausumo<br data-start=\"3144\" data-end=\"3147\" \/>\u2714\ufe0f Paruo\u0161ia od\u0105 tolesnei prie\u017ei\u016brai<\/p>\n","protected":false},"featured_media":63855,"template":"","meta":[],"pwb-brand":[704],"product_brand":[],"product_cat":[742,738,746,740,750,718],"product_tag":[],"giftcard-category":[],"class_list":{"0":"post-40627","1":"product","2":"type-product","3":"status-publish","4":"has-post-thumbnail","6":"pwb-brand-reviderm","7":"product_cat-berimai","8":"product_cat-drekinimas","9":"product_cat-jautriai-odai","10":"product_cat-sausai-odai","11":"product_cat-senstanti-oda","12":"product_cat-valymas","14":"first","15":"instock","16":"taxable","17":"shipping-taxable","18":"purchasable","19":"product-type-simple"},"acf":[],"brands":[{"id":704,"name":"Reviderm","slug":"reviderm"}],"_links":{"self":[{"href":"https:\/\/skinstudio.ee\/lt\/wp-json\/wp\/v2\/product\/40627","targetHints":{"allow":["GET"]}}],"collection":[{"href":"https:\/\/skinstudio.ee\/lt\/wp-json\/wp\/v2\/product"}],"about":[{"href":"https:\/\/skinstudio.ee\/lt\/wp-json\/wp\/v2\/types\/product"}],"version-history":[{"count":1,"href":"https:\/\/skinstudio.ee\/lt\/wp-json\/wp\/v2\/product\/40627\/revisions"}],"predecessor-version":[{"id":73155,"href":"https:\/\/skinstudio.ee\/lt\/wp-json\/wp\/v2\/product\/40627\/revisions\/73155"}],"wp:featuredmedia":[{"embeddable":true,"href":"https:\/\/skinstudio.ee\/lt\/wp-json\/wp\/v2\/media\/63855"}],"wp:attachment":[{"href":"https:\/\/skinstudio.ee\/lt\/wp-json\/wp\/v2\/media?parent=40627"}],"wp:term":[{"taxonomy":"pwb-brand","embeddable":true,"href":"https:\/\/skinstudio.ee\/lt\/wp-json\/wp\/v2\/pwb-brand?post=40627"},{"taxonomy":"product_brand","embeddable":true,"href":"https:\/\/skinstudio.ee\/lt\/wp-json\/wp\/v2\/product_brand?post=40627"},{"taxonomy":"product_cat","embeddable":true,"href":"https:\/\/skinstudio.ee\/lt\/wp-json\/wp\/v2\/product_cat?post=40627"},{"taxonomy":"product_tag","embeddable":true,"href":"https:\/\/skinstudio.ee\/lt\/wp-json\/wp\/v2\/product_tag?post=40627"},{"taxonomy":"giftcard-category","embeddable":true,"href":"https:\/\/skinstudio.ee\/lt\/wp-json\/wp\/v2\/giftcard-category?post=40627"}],"curies":[{"name":"wp","href":"https:\/\/api.w.org\/{rel}","templated":true}]}}