{"id":40642,"date":"2025-08-31T19:54:10","date_gmt":"2025-08-31T19:54:10","guid":{"rendered":"https:\/\/skinstudio.ee\/?post_type=product&#038;p=40642"},"modified":"2026-01-21T13:57:31","modified_gmt":"2026-01-21T13:57:31","slug":"neuro-sensitive-de-stress-toner","status":"publish","type":"product","link":"https:\/\/skinstudio.ee\/lt\/catalog\/reviderm\/neuro-sensitive-de-stress-toner\/","title":{"rendered":"Neuro Sensitive De-Stress Toner"},"content":{"rendered":"<p data-start=\"1135\" data-end=\"1647\">\u0160is tonikas pasi\u017eymi itin \u017eemu pH lygiu, kuris padeda i\u0161laikyti nat\u016bral\u0173 odos r\u016bg\u0161tin\u012f apsaugin\u012f sluoksn\u012f ir stabilizuoja mikrobiom\u0105. Biomimetinis antistresinis peptidas ma\u017eina dirginim\u0105, deginim\u0105 ir nie\u017eul\u012f. Galingas Aqua Boost kompleksas skatina vandens kanal\u0173 formavim\u0105si l\u0105steli\u0173 membranose ir \u017eenkliai padidina dr\u0117gm\u0117s lyg\u012f odoje. Tonikas intensyviai dr\u0117kina, stiprina odos atsparum\u0105 ir suteikia \u0161velnumo bei gaivumo poj\u016bt\u012f. Reguliarus naudojimas suma\u017eina odos jautrum\u0105 ir pagerina jos apsaugines funkcijas.<\/p>\n<p data-start=\"1649\" data-end=\"1666\"><strong data-start=\"1649\" data-end=\"1659\">T\u016bris:<\/strong> 200 ml<\/p>\n","protected":false},"excerpt":{"rendered":"<p data-start=\"1746\" data-end=\"1781\">Raminamasis tonikas jautriai odai<\/p>\n<h2 data-start=\"1783\" data-end=\"2068\"><strong data-start=\"1783\" data-end=\"1835\">Reviderm &#8211; Neuro Sensitive De-Stress Toner <\/strong><strong data-start=\"1783\" data-end=\"1835\">Savyb\u0117s<\/strong><\/h2>\n<p data-start=\"1783\" data-end=\"2068\">\u2714\ufe0f Atkuria fiziologin\u012f odos pH po valymo<br data-start=\"1878\" data-end=\"1881\" \/>\u2714\ufe0f Ramina sudirgusi\u0105 ir stresin\u0119 od\u0105<br data-start=\"1917\" data-end=\"1920\" \/>\u2714\ufe0f Didina odos atsparum\u0105 i\u0161oriniams veiksniams<br data-start=\"1966\" data-end=\"1969\" \/>\u2714\ufe0f Palaiko mikrobiomo pusiausvyr\u0105 ir ma\u017eina jautrum\u0105<br data-start=\"2021\" data-end=\"2024\" \/>\u2714\ufe0f Paruo\u0161ia od\u0105 serumo ar kremo naudojimui<\/p>\n","protected":false},"featured_media":40634,"template":"","meta":[],"pwb-brand":[704],"product_brand":[],"product_cat":[746,722],"product_tag":[],"giftcard-category":[],"class_list":{"0":"post-40642","1":"product","2":"type-product","3":"status-publish","4":"has-post-thumbnail","6":"pwb-brand-reviderm","7":"product_cat-jautriai-odai","8":"product_cat-toneriai","10":"first","11":"instock","12":"taxable","13":"shipping-taxable","14":"purchasable","15":"product-type-simple"},"acf":[],"brands":[{"id":704,"name":"Reviderm","slug":"reviderm"}],"_links":{"self":[{"href":"https:\/\/skinstudio.ee\/lt\/wp-json\/wp\/v2\/product\/40642","targetHints":{"allow":["GET"]}}],"collection":[{"href":"https:\/\/skinstudio.ee\/lt\/wp-json\/wp\/v2\/product"}],"about":[{"href":"https:\/\/skinstudio.ee\/lt\/wp-json\/wp\/v2\/types\/product"}],"version-history":[{"count":1,"href":"https:\/\/skinstudio.ee\/lt\/wp-json\/wp\/v2\/product\/40642\/revisions"}],"predecessor-version":[{"id":73091,"href":"https:\/\/skinstudio.ee\/lt\/wp-json\/wp\/v2\/product\/40642\/revisions\/73091"}],"wp:featuredmedia":[{"embeddable":true,"href":"https:\/\/skinstudio.ee\/lt\/wp-json\/wp\/v2\/media\/40634"}],"wp:attachment":[{"href":"https:\/\/skinstudio.ee\/lt\/wp-json\/wp\/v2\/media?parent=40642"}],"wp:term":[{"taxonomy":"pwb-brand","embeddable":true,"href":"https:\/\/skinstudio.ee\/lt\/wp-json\/wp\/v2\/pwb-brand?post=40642"},{"taxonomy":"product_brand","embeddable":true,"href":"https:\/\/skinstudio.ee\/lt\/wp-json\/wp\/v2\/product_brand?post=40642"},{"taxonomy":"product_cat","embeddable":true,"href":"https:\/\/skinstudio.ee\/lt\/wp-json\/wp\/v2\/product_cat?post=40642"},{"taxonomy":"product_tag","embeddable":true,"href":"https:\/\/skinstudio.ee\/lt\/wp-json\/wp\/v2\/product_tag?post=40642"},{"taxonomy":"giftcard-category","embeddable":true,"href":"https:\/\/skinstudio.ee\/lt\/wp-json\/wp\/v2\/giftcard-category?post=40642"}],"curies":[{"name":"wp","href":"https:\/\/api.w.org\/{rel}","templated":true}]}}