{"id":40657,"date":"2025-08-01T11:41:51","date_gmt":"2025-08-01T11:41:51","guid":{"rendered":"https:\/\/skinstudio.ee\/?post_type=product&#038;p=40657"},"modified":"2026-01-21T13:57:32","modified_gmt":"2026-01-21T13:57:32","slug":"neuro-sensitive-serum-day-night","status":"publish","type":"product","link":"https:\/\/skinstudio.ee\/lt\/catalog\/reviderm\/neuro-sensitive-serum-day-night\/","title":{"rendered":"Neuro Sensitive Serum Day &#038; Night"},"content":{"rendered":"<p data-start=\"1242\" data-end=\"1722\">Koncentruotas serumas veikia tiek dien\u0105, tiek nakt\u012f. Kalcis dienos metu stabilizuoja l\u0105steli\u0173 atsinaujinim\u0105 ir stiprina odos atsparum\u0105. Mikrosidabras turi stipr\u0173 antibakterin\u012f poveik\u012f, ma\u017eina paraudim\u0105, nie\u017eul\u012f ir u\u017edegimo simptomus. Nakt\u012f biomimetinis antistresinis peptidas ramina sudirgusi\u0105 od\u0105 ir ma\u017eina jos reaktyvum\u0105. Hialurono r\u016bg\u0161tis intensyviai dr\u0117kina ir pagerina odos dr\u0117gm\u0117s lyg\u012f. Dviej\u0173 serum\u0173 kombinacija suteikia odai glotnumo, \u0161velnumo ir pagerina bendr\u0105 i\u0161vaizd\u0105.<\/p>\n<ul>\n<li data-start=\"1724\" data-end=\"1787\">Buteliuke yra dvi serumo dalys: dieninis ir naktinis serumas.<\/li>\n<\/ul>\n<p data-start=\"1789\" data-end=\"1805\"><strong data-start=\"1789\" data-end=\"1799\">T\u016bris:<\/strong> 40 ml<\/p>\n","protected":false},"excerpt":{"rendered":"<p data-start=\"1947\" data-end=\"1986\">Stiprinamasis serumas reaktyviai odai<\/p>\n<h2 data-start=\"1988\" data-end=\"2267\"><strong data-start=\"1988\" data-end=\"2042\">Reviderm &#8211; Neuro Sensitive Serum Day &amp; Night <\/strong><strong data-start=\"1671\" data-end=\"1717\">Savyb\u0117s<\/strong><\/h2>\n<p data-start=\"1988\" data-end=\"2267\">\u2714\ufe0f Ma\u017eina odos jautrum\u0105 ir reaktyvum\u0105<br data-start=\"2082\" data-end=\"2085\" \/>\u2714\ufe0f Ramina sudirgim\u0105, deginim\u0105 ir nie\u017eul\u012f<br data-start=\"2125\" data-end=\"2128\" \/>\u2714\ufe0f Stiprina odos barjerin\u0119 funkcij\u0105 ir atsparum\u0105<br data-start=\"2176\" data-end=\"2179\" \/>\u2714\ufe0f Apsaugo nuo \u017ealingo aplinkos poveikio<br data-start=\"2219\" data-end=\"2222\" \/>\u2714\ufe0f Veikia tikslingai tiek dien\u0105, tiek nakt\u012f<\/p>\n","protected":false},"featured_media":40663,"template":"","meta":[],"pwb-brand":[704],"product_brand":[],"product_cat":[738,746,750,724],"product_tag":[],"giftcard-category":[],"class_list":{"0":"post-40657","1":"product","2":"type-product","3":"status-publish","4":"has-post-thumbnail","6":"pwb-brand-reviderm","7":"product_cat-drekinimas","8":"product_cat-jautriai-odai","9":"product_cat-senstanti-oda","10":"product_cat-serumai","12":"first","13":"instock","14":"taxable","15":"shipping-taxable","16":"purchasable","17":"product-type-simple"},"acf":[],"brands":[{"id":704,"name":"Reviderm","slug":"reviderm"}],"_links":{"self":[{"href":"https:\/\/skinstudio.ee\/lt\/wp-json\/wp\/v2\/product\/40657","targetHints":{"allow":["GET"]}}],"collection":[{"href":"https:\/\/skinstudio.ee\/lt\/wp-json\/wp\/v2\/product"}],"about":[{"href":"https:\/\/skinstudio.ee\/lt\/wp-json\/wp\/v2\/types\/product"}],"version-history":[{"count":1,"href":"https:\/\/skinstudio.ee\/lt\/wp-json\/wp\/v2\/product\/40657\/revisions"}],"predecessor-version":[{"id":73154,"href":"https:\/\/skinstudio.ee\/lt\/wp-json\/wp\/v2\/product\/40657\/revisions\/73154"}],"wp:featuredmedia":[{"embeddable":true,"href":"https:\/\/skinstudio.ee\/lt\/wp-json\/wp\/v2\/media\/40663"}],"wp:attachment":[{"href":"https:\/\/skinstudio.ee\/lt\/wp-json\/wp\/v2\/media?parent=40657"}],"wp:term":[{"taxonomy":"pwb-brand","embeddable":true,"href":"https:\/\/skinstudio.ee\/lt\/wp-json\/wp\/v2\/pwb-brand?post=40657"},{"taxonomy":"product_brand","embeddable":true,"href":"https:\/\/skinstudio.ee\/lt\/wp-json\/wp\/v2\/product_brand?post=40657"},{"taxonomy":"product_cat","embeddable":true,"href":"https:\/\/skinstudio.ee\/lt\/wp-json\/wp\/v2\/product_cat?post=40657"},{"taxonomy":"product_tag","embeddable":true,"href":"https:\/\/skinstudio.ee\/lt\/wp-json\/wp\/v2\/product_tag?post=40657"},{"taxonomy":"giftcard-category","embeddable":true,"href":"https:\/\/skinstudio.ee\/lt\/wp-json\/wp\/v2\/giftcard-category?post=40657"}],"curies":[{"name":"wp","href":"https:\/\/api.w.org\/{rel}","templated":true}]}}