{"id":40678,"date":"2025-08-01T11:52:11","date_gmt":"2025-08-01T11:52:11","guid":{"rendered":"https:\/\/skinstudio.ee\/?post_type=product&#038;p=40678"},"modified":"2026-01-21T13:57:32","modified_gmt":"2026-01-21T13:57:32","slug":"neuro-sensitive-eye-cream","status":"publish","type":"product","link":"https:\/\/skinstudio.ee\/lt\/catalog\/reviderm\/neuro-sensitive-eye-cream\/","title":{"rendered":"Neuro Sensitive Eye Cream"},"content":{"rendered":"<p data-start=\"1080\" data-end=\"1528\">\u017demo pH aki\u0173 kremas su DMS Cera+ derma membranos sistema turi odai identi\u0161k\u0173 lipid\u0173 ir keramid\u0173, kurie stiprina jautrios odos aplink akis apsaugin\u012f barjer\u0105 ir i\u0161lygina sausumo sukeltas smulkias rauk\u0161leles. Biomimetinis antistresinis peptidas mal\u0161ina diskomfort\u0105. Special\u016bs augaliniai ekstraktai padeda suma\u017einti tamsius ratilus po akimis ir tempimo poj\u016bt\u012f. Kremas pagerina bendr\u0105 odos b\u016bkl\u0119, stiprina j\u0105 ir suteikia aki\u0173 zonai gaivumo bei \u0161velnumo.<\/p>\n<p data-start=\"1533\" data-end=\"1549\"><strong data-start=\"1533\" data-end=\"1543\">T\u016bris:<\/strong> 15 ml<\/p>\n","protected":false},"excerpt":{"rendered":"<p data-start=\"1630\" data-end=\"1669\">Raminamasis aki\u0173 kremas jautriai odai<\/p>\n<h2 data-start=\"1671\" data-end=\"1969\"><strong data-start=\"1671\" data-end=\"1717\">Reviderm &#8211; Neuro Sensitive Eye Cream <\/strong><strong data-start=\"1671\" data-end=\"1717\">Savyb\u0117s<\/strong><\/h2>\n<p data-start=\"1671\" data-end=\"1969\">\u2714\ufe0f Ramina jautri\u0105 vok\u0173 od\u0105 ir ma\u017eina sudirginim\u0105<br data-start=\"1768\" data-end=\"1771\" \/>\u2714\ufe0f Stiprina odos apsaugin\u012f barjer\u0105 ir atsparum\u0105<br data-start=\"1818\" data-end=\"1821\" \/>\u2714\ufe0f Intensyviai dr\u0117kina ir pa\u0161alina sausum\u0105<br data-start=\"1863\" data-end=\"1866\" \/>\u2714\ufe0f Ma\u017eina nie\u017e\u0117jim\u0105, deginim\u0105 ir paraudim\u0105<br data-start=\"1908\" data-end=\"1911\" \/>\u2714\ufe0f Gerina elastingum\u0105 ir suteikia odai gaivesn\u0119 i\u0161vaizd\u0105<\/p>\n","protected":false},"featured_media":40669,"template":"","meta":[],"pwb-brand":[704],"product_brand":[],"product_cat":[738,734,750],"product_tag":[],"giftcard-category":[],"class_list":{"0":"post-40678","1":"product","2":"type-product","3":"status-publish","4":"has-post-thumbnail","6":"pwb-brand-reviderm","7":"product_cat-drekinimas","8":"product_cat-oda-aplink-akis","9":"product_cat-senstanti-oda","11":"first","12":"instock","13":"taxable","14":"shipping-taxable","15":"purchasable","16":"product-type-simple"},"acf":[],"brands":[{"id":704,"name":"Reviderm","slug":"reviderm"}],"_links":{"self":[{"href":"https:\/\/skinstudio.ee\/lt\/wp-json\/wp\/v2\/product\/40678","targetHints":{"allow":["GET"]}}],"collection":[{"href":"https:\/\/skinstudio.ee\/lt\/wp-json\/wp\/v2\/product"}],"about":[{"href":"https:\/\/skinstudio.ee\/lt\/wp-json\/wp\/v2\/types\/product"}],"version-history":[{"count":1,"href":"https:\/\/skinstudio.ee\/lt\/wp-json\/wp\/v2\/product\/40678\/revisions"}],"predecessor-version":[{"id":73153,"href":"https:\/\/skinstudio.ee\/lt\/wp-json\/wp\/v2\/product\/40678\/revisions\/73153"}],"wp:featuredmedia":[{"embeddable":true,"href":"https:\/\/skinstudio.ee\/lt\/wp-json\/wp\/v2\/media\/40669"}],"wp:attachment":[{"href":"https:\/\/skinstudio.ee\/lt\/wp-json\/wp\/v2\/media?parent=40678"}],"wp:term":[{"taxonomy":"pwb-brand","embeddable":true,"href":"https:\/\/skinstudio.ee\/lt\/wp-json\/wp\/v2\/pwb-brand?post=40678"},{"taxonomy":"product_brand","embeddable":true,"href":"https:\/\/skinstudio.ee\/lt\/wp-json\/wp\/v2\/product_brand?post=40678"},{"taxonomy":"product_cat","embeddable":true,"href":"https:\/\/skinstudio.ee\/lt\/wp-json\/wp\/v2\/product_cat?post=40678"},{"taxonomy":"product_tag","embeddable":true,"href":"https:\/\/skinstudio.ee\/lt\/wp-json\/wp\/v2\/product_tag?post=40678"},{"taxonomy":"giftcard-category","embeddable":true,"href":"https:\/\/skinstudio.ee\/lt\/wp-json\/wp\/v2\/giftcard-category?post=40678"}],"curies":[{"name":"wp","href":"https:\/\/api.w.org\/{rel}","templated":true}]}}