{"id":40694,"date":"2025-08-01T12:04:53","date_gmt":"2025-08-01T12:04:53","guid":{"rendered":"https:\/\/skinstudio.ee\/?post_type=product&#038;p=40694"},"modified":"2026-01-21T13:57:31","modified_gmt":"2026-01-21T13:57:31","slug":"neuro-sensitive-cream","status":"publish","type":"product","link":"https:\/\/skinstudio.ee\/lt\/catalog\/reviderm\/neuro-sensitive-cream\/","title":{"rendered":"Neuro Sensitive Cream"},"content":{"rendered":"<p data-start=\"1040\" data-end=\"1470\">Kremas su DMS Cera+ derma membranos sistema, turintis lipid\u0173 ir ceramid\u0173, stiprina odos barjer\u0105 ir apsaugines funkcijas bei padeda i\u0161laikyti dr\u0117gm\u0119 odoje. Biomimetinis antistresinis peptidas slopina neurotransmiterius, sukelian\u010dius jautrios odos diskomfort\u0105. Sidabro jonai veikia antibakteri\u0161kai, ma\u017eina paraudim\u0105 ir nie\u017e\u0117jim\u0105, palengvina u\u017edegimo simptomus. Kremas gerina bendr\u0105 odos b\u016bkl\u0119, stiprina j\u0105, oda tampa \u0161velni ir lygi.<\/p>\n<p data-start=\"1475\" data-end=\"1491\"><strong data-start=\"1475\" data-end=\"1485\">T\u016bris:<\/strong> 50 ml<\/p>\n","protected":false},"excerpt":{"rendered":"<p data-start=\"1590\" data-end=\"1635\">Raminamasis apsauginis kremas jautriai odai<\/p>\n<h2 data-start=\"1637\" data-end=\"1893\"><strong data-start=\"1637\" data-end=\"1679\">Reviderm &#8211; Neuro Sensitive Cream <\/strong><strong data-start=\"1637\" data-end=\"1679\">Savyb\u0117s<\/strong><\/h2>\n<p data-start=\"1637\" data-end=\"1893\">\u2714\ufe0f Ramina sudirgusi\u0105 ir itin jautri\u0105 od\u0105<br data-start=\"1722\" data-end=\"1725\" \/>\u2714\ufe0f Atkuria apsaugin\u0119 odos barjerin\u0119 funkcij\u0105<br data-start=\"1769\" data-end=\"1772\" \/>\u2714\ufe0f Pa\u0161alina tempimo jausm\u0105 ir diskomfort\u0105<br data-start=\"1813\" data-end=\"1816\" \/>\u2714\ufe0f Didina atsparum\u0105 i\u0161oriniams veiksniams<br data-start=\"1857\" data-end=\"1860\" \/>\u2714\ufe0f Suteikia ilgalaik\u012f dr\u0117kinim\u0105<\/p>\n","protected":false},"featured_media":40685,"template":"","meta":[],"pwb-brand":[704],"product_brand":[],"product_cat":[738,746,750,740],"product_tag":[],"giftcard-category":[],"class_list":{"0":"post-40694","1":"product","2":"type-product","3":"status-publish","4":"has-post-thumbnail","6":"pwb-brand-reviderm","7":"product_cat-drekinimas","8":"product_cat-jautri-oda","9":"product_cat-odos-senejimas","10":"product_cat-sausa-oda","12":"first","13":"instock","14":"taxable","15":"shipping-taxable","16":"purchasable","17":"product-type-simple"},"acf":[],"brands":[{"id":704,"name":"Reviderm","slug":"reviderm"}],"_links":{"self":[{"href":"https:\/\/skinstudio.ee\/lt\/wp-json\/wp\/v2\/product\/40694","targetHints":{"allow":["GET"]}}],"collection":[{"href":"https:\/\/skinstudio.ee\/lt\/wp-json\/wp\/v2\/product"}],"about":[{"href":"https:\/\/skinstudio.ee\/lt\/wp-json\/wp\/v2\/types\/product"}],"version-history":[{"count":1,"href":"https:\/\/skinstudio.ee\/lt\/wp-json\/wp\/v2\/product\/40694\/revisions"}],"predecessor-version":[{"id":73152,"href":"https:\/\/skinstudio.ee\/lt\/wp-json\/wp\/v2\/product\/40694\/revisions\/73152"}],"wp:featuredmedia":[{"embeddable":true,"href":"https:\/\/skinstudio.ee\/lt\/wp-json\/wp\/v2\/media\/40685"}],"wp:attachment":[{"href":"https:\/\/skinstudio.ee\/lt\/wp-json\/wp\/v2\/media?parent=40694"}],"wp:term":[{"taxonomy":"pwb-brand","embeddable":true,"href":"https:\/\/skinstudio.ee\/lt\/wp-json\/wp\/v2\/pwb-brand?post=40694"},{"taxonomy":"product_brand","embeddable":true,"href":"https:\/\/skinstudio.ee\/lt\/wp-json\/wp\/v2\/product_brand?post=40694"},{"taxonomy":"product_cat","embeddable":true,"href":"https:\/\/skinstudio.ee\/lt\/wp-json\/wp\/v2\/product_cat?post=40694"},{"taxonomy":"product_tag","embeddable":true,"href":"https:\/\/skinstudio.ee\/lt\/wp-json\/wp\/v2\/product_tag?post=40694"},{"taxonomy":"giftcard-category","embeddable":true,"href":"https:\/\/skinstudio.ee\/lt\/wp-json\/wp\/v2\/giftcard-category?post=40694"}],"curies":[{"name":"wp","href":"https:\/\/api.w.org\/{rel}","templated":true}]}}