{"id":40715,"date":"2025-08-01T12:18:49","date_gmt":"2025-08-01T12:18:49","guid":{"rendered":"https:\/\/skinstudio.ee\/?post_type=product&#038;p=40715"},"modified":"2026-01-21T13:57:32","modified_gmt":"2026-01-21T13:57:32","slug":"neuro-sensitive-emergency-care","status":"publish","type":"product","link":"https:\/\/skinstudio.ee\/lt\/catalog\/reviderm\/neuro-sensitive-emergency-care\/","title":{"rendered":"Neuro Sensitive Emergency Care"},"content":{"rendered":"<p data-start=\"1485\" data-end=\"1651\">Greito poveikio kremas-pasta sukurta \u016bmiai sudirgusiai odai, kai kitos priemon\u0117s nepadeda. Tai SOS produktas, kuris nuo pirmo naudojimo ma\u017eina u\u017edegim\u0105 ir ramina od\u0105.<\/p>\n<p data-start=\"1653\" data-end=\"1896\">Formul\u0117 su DMS Cera+ kompleksu stiprina apsaugin\u012f odos barjer\u0105 ir atkuria jos strukt\u016br\u0105, naudodama odai identi\u0161kus lipidus ir ceramidus. Ji padeda i\u0161laikyti dr\u0117gm\u0119, suma\u017eina sausum\u0105, tempimo poj\u016bt\u012f ir saugo nuo i\u0161orini\u0173 dirgikli\u0173 bei u\u017edegim\u0173.<\/p>\n<p data-start=\"1898\" data-end=\"2134\">Bosvelij\u0173 r\u016bg\u0161tys sustiprina prie\u0161u\u017edegimin\u012f poveik\u012f \u2013 jos veikia pana\u0161iai kaip kortizonas, bet be \u0161alutini\u0173 poveiki\u0173. Cinkas ir mikrosidabras papildo formul\u0119, ma\u017eina u\u017edegim\u0105 ir naikina kenksmingas bakterijas, i\u0161laikydami odos balans\u0105.<\/p>\n<p data-start=\"2136\" data-end=\"2299\">Rekomenduojama sausai, dehidratuotai ir sudirgusiai odai, ypa\u010d kai pa\u017eeistas odos barjeras. Puikiai tinka kaip papildoma priemon\u0117 esant neurodermatitui ar egzemai.<\/p>\n<p data-start=\"2304\" data-end=\"2324\"><strong data-start=\"2304\" data-end=\"2314\">T\u016bris:<\/strong> <strong data-start=\"2315\" data-end=\"2324\">50 ml<\/strong><\/p>\n","protected":false},"excerpt":{"rendered":"<p data-start=\"2409\" data-end=\"2456\">Greito poveikio kremas-pasta sudirgusiai odai<\/p>\n<h2 data-start=\"2458\" data-end=\"2742\"><strong data-start=\"2458\" data-end=\"2509\">Reviderm &#8211; Neuro Sensitive Emergency Care savyb\u0117s<\/strong><\/h2>\n<p data-start=\"2458\" data-end=\"2742\">\u2714\ufe0f Greitai ma\u017eina vietin\u012f paraudim\u0105 ir u\u017edegim\u0105<br data-start=\"2559\" data-end=\"2562\" \/>\u2714\ufe0f Turi prie\u0161u\u017edegimin\u012f ir antibakterin\u012f poveik\u012f<br data-start=\"2610\" data-end=\"2613\" \/>\u2714\ufe0f Mal\u0161ina nie\u017eul\u012f, deginim\u0105 ir diskomfort\u0105<br data-start=\"2656\" data-end=\"2659\" \/>\u2714\ufe0f Ramina jautrias odos vietas<br data-start=\"2689\" data-end=\"2692\" \/>\u2714\ufe0f Padeda atkurti odos barjer\u0105 ir skatina gijim\u0105<\/p>\n","protected":false},"featured_media":40706,"template":"","meta":[],"pwb-brand":[704],"product_brand":[],"product_cat":[742,738,746,740,750],"product_tag":[],"giftcard-category":[],"class_list":{"0":"post-40715","1":"product","2":"type-product","3":"status-publish","4":"has-post-thumbnail","6":"pwb-brand-reviderm","7":"product_cat-berimai","8":"product_cat-drekinimas","9":"product_cat-jautriai-odai","10":"product_cat-sausai-odai","11":"product_cat-senstanti-oda","13":"first","14":"instock","15":"taxable","16":"shipping-taxable","17":"purchasable","18":"product-type-simple"},"acf":[],"brands":[{"id":704,"name":"Reviderm","slug":"reviderm"}],"_links":{"self":[{"href":"https:\/\/skinstudio.ee\/lt\/wp-json\/wp\/v2\/product\/40715","targetHints":{"allow":["GET"]}}],"collection":[{"href":"https:\/\/skinstudio.ee\/lt\/wp-json\/wp\/v2\/product"}],"about":[{"href":"https:\/\/skinstudio.ee\/lt\/wp-json\/wp\/v2\/types\/product"}],"version-history":[{"count":1,"href":"https:\/\/skinstudio.ee\/lt\/wp-json\/wp\/v2\/product\/40715\/revisions"}],"predecessor-version":[{"id":73151,"href":"https:\/\/skinstudio.ee\/lt\/wp-json\/wp\/v2\/product\/40715\/revisions\/73151"}],"wp:featuredmedia":[{"embeddable":true,"href":"https:\/\/skinstudio.ee\/lt\/wp-json\/wp\/v2\/media\/40706"}],"wp:attachment":[{"href":"https:\/\/skinstudio.ee\/lt\/wp-json\/wp\/v2\/media?parent=40715"}],"wp:term":[{"taxonomy":"pwb-brand","embeddable":true,"href":"https:\/\/skinstudio.ee\/lt\/wp-json\/wp\/v2\/pwb-brand?post=40715"},{"taxonomy":"product_brand","embeddable":true,"href":"https:\/\/skinstudio.ee\/lt\/wp-json\/wp\/v2\/product_brand?post=40715"},{"taxonomy":"product_cat","embeddable":true,"href":"https:\/\/skinstudio.ee\/lt\/wp-json\/wp\/v2\/product_cat?post=40715"},{"taxonomy":"product_tag","embeddable":true,"href":"https:\/\/skinstudio.ee\/lt\/wp-json\/wp\/v2\/product_tag?post=40715"},{"taxonomy":"giftcard-category","embeddable":true,"href":"https:\/\/skinstudio.ee\/lt\/wp-json\/wp\/v2\/giftcard-category?post=40715"}],"curies":[{"name":"wp","href":"https:\/\/api.w.org\/{rel}","templated":true}]}}