{"id":40731,"date":"2025-08-01T12:31:11","date_gmt":"2025-08-01T12:31:11","guid":{"rendered":"https:\/\/skinstudio.ee\/?post_type=product&#038;p=40731"},"modified":"2026-02-28T13:26:23","modified_gmt":"2026-02-28T13:26:23","slug":"neuro-sensitive-body-hand-cream","status":"publish","type":"product","link":"https:\/\/skinstudio.ee\/lt\/catalog\/reviderm\/neuro-sensitive-body-hand-cream\/","title":{"rendered":"Neuro Sensitive Body &#038; Hand Cream"},"content":{"rendered":"<p data-start=\"1650\" data-end=\"2138\">Kremas paremtas DMS Cera+ sistema su nat\u016braliai odai identi\u0161kais lipidais ir ceramidu, kurie stiprina apsaugin\u012f barjer\u0105 ir padeda i\u0161laikyti dr\u0117gm\u0119, palaikant \u017eem\u0105 pH lyg\u012f. Biomimetinis antistresinis peptidas ramina sudirginim\u0105 ir nie\u017e\u0117jim\u0105, mink\u0161tina \u0161iurk\u0161\u010di\u0105 od\u0105 ir padeda u\u017ekirsti keli\u0105 rank\u0173 bei k\u016bno egzemos atsiradimui. Filagrinas skatina nat\u016bralaus dr\u0117kinamojo faktoriaus (NMF) gamyb\u0105, \u0161alina sausum\u0105 ir tempimo poj\u016bt\u012f. Kremas suteikia odai \u0161velnumo, glotnumo ir komforto poj\u016bt\u012f.<\/p>\n<p data-start=\"2140\" data-end=\"2161\"><strong data-start=\"2140\" data-end=\"2150\">T\u016bris:<\/strong> 50 ml \/ 200 ml<\/p>\n","protected":false},"excerpt":{"rendered":"<p data-start=\"1263\" data-end=\"1301\">Raminamasis k\u016bno ir rank\u0173 kremas<\/p>\n<h2 data-start=\"1303\" data-end=\"1648\"><strong data-start=\"1303\" data-end=\"1357\">Reviderm &#8211; Neuro Sensitive Body &amp; Hand Cream savyb\u0117s<\/strong><\/h2>\n<p data-start=\"1303\" data-end=\"1648\">\u2714\ufe0f Sumink\u0161tina ir ramina sudirgusi\u0105 ir saus\u0105 od\u0105<br data-start=\"1408\" data-end=\"1411\" \/>\u2714\ufe0f Stiprina odos apsaugin\u012f barjer\u0105 ir didina jos atsparum\u0105<br data-start=\"1469\" data-end=\"1472\" \/>\u2714\ufe0f Mal\u0161ina nie\u017eul\u012f, paraudim\u0105 ir tempimo poj\u016bt\u012f<br data-start=\"1519\" data-end=\"1522\" \/>\u2714\ufe0f Intensyviai dr\u0117kina ir palaiko optimal\u0173 dr\u0117gm\u0117s balans\u0105<br data-start=\"1580\" data-end=\"1583\" \/>\u2714\ufe0f Apsaugo nuo i\u0161orini\u0173 dirgikli\u0173 ir skatina odos atsinaujinim\u0105<\/p>\n","protected":false},"featured_media":40722,"template":"","meta":[],"pwb-brand":[704],"product_brand":[],"product_cat":[738,746,758,740],"product_tag":[],"giftcard-category":[],"class_list":{"0":"post-40731","1":"product","2":"type-product","3":"status-publish","4":"has-post-thumbnail","6":"pwb-brand-reviderm","7":"product_cat-drekinimas","8":"product_cat-jautriai-odai","9":"product_cat-kuno-prieziura","10":"product_cat-sausai-odai","11":"pa_suurus-200ml-lt","12":"pa_suurus-50ml-lt","14":"first","15":"instock","16":"taxable","17":"shipping-taxable","18":"purchasable","19":"product-type-variable"},"acf":[],"brands":[{"id":704,"name":"Reviderm","slug":"reviderm"}],"_links":{"self":[{"href":"https:\/\/skinstudio.ee\/lt\/wp-json\/wp\/v2\/product\/40731","targetHints":{"allow":["GET"]}}],"collection":[{"href":"https:\/\/skinstudio.ee\/lt\/wp-json\/wp\/v2\/product"}],"about":[{"href":"https:\/\/skinstudio.ee\/lt\/wp-json\/wp\/v2\/types\/product"}],"version-history":[{"count":2,"href":"https:\/\/skinstudio.ee\/lt\/wp-json\/wp\/v2\/product\/40731\/revisions"}],"predecessor-version":[{"id":84052,"href":"https:\/\/skinstudio.ee\/lt\/wp-json\/wp\/v2\/product\/40731\/revisions\/84052"}],"wp:featuredmedia":[{"embeddable":true,"href":"https:\/\/skinstudio.ee\/lt\/wp-json\/wp\/v2\/media\/40722"}],"wp:attachment":[{"href":"https:\/\/skinstudio.ee\/lt\/wp-json\/wp\/v2\/media?parent=40731"}],"wp:term":[{"taxonomy":"pwb-brand","embeddable":true,"href":"https:\/\/skinstudio.ee\/lt\/wp-json\/wp\/v2\/pwb-brand?post=40731"},{"taxonomy":"product_brand","embeddable":true,"href":"https:\/\/skinstudio.ee\/lt\/wp-json\/wp\/v2\/product_brand?post=40731"},{"taxonomy":"product_cat","embeddable":true,"href":"https:\/\/skinstudio.ee\/lt\/wp-json\/wp\/v2\/product_cat?post=40731"},{"taxonomy":"product_tag","embeddable":true,"href":"https:\/\/skinstudio.ee\/lt\/wp-json\/wp\/v2\/product_tag?post=40731"},{"taxonomy":"giftcard-category","embeddable":true,"href":"https:\/\/skinstudio.ee\/lt\/wp-json\/wp\/v2\/giftcard-category?post=40731"}],"curies":[{"name":"wp","href":"https:\/\/api.w.org\/{rel}","templated":true}]}}