{"id":40747,"date":"2025-08-01T12:56:04","date_gmt":"2025-08-01T12:56:04","guid":{"rendered":"https:\/\/skinstudio.ee\/?post_type=product&#038;p=40747"},"modified":"2026-01-21T13:57:34","modified_gmt":"2026-01-21T13:57:34","slug":"sun-protect-spf-50","status":"publish","type":"product","link":"https:\/\/skinstudio.ee\/lt\/catalog\/reviderm\/sun-protect-spf-50\/","title":{"rendered":"Sun Protect SPF 50+"},"content":{"rendered":"<p data-start=\"1693\" data-end=\"2251\">Daugiafunkcis apsauginis kremas nuo saul\u0117s su SPF 50 ir fermentais, kurie priklauso DNR apsaugos kompleksui ir padeda kovoti su kenksmingu UV poveikiu. Inovatyvi formul\u0117 padeda i\u0161vengti prie\u0161laikinio sen\u0117jimo ir pigmentini\u0173 d\u0117mi\u0173 atsiradimo, suteikia odai spindesio.<br data-start=\"1959\" data-end=\"1962\" \/>Kremas neturi emulgatori\u0173, kvapi\u0173j\u0173 ar da\u017ean\u010di\u0173j\u0173 med\u017eiag\u0173. Idealiai tinka pa\u017eeistai, jautriai odai, odai su papul\u0117mis, lengvomis alergijomis (pvz., Maljorkos akne) bei po medicinini\u0173 proced\u016br\u0173 (lazeriai, cheminiai pilingai ir kt.).<br data-start=\"2194\" data-end=\"2197\" \/>Nesudaro okliuzinio efekto ir nepalieka balt\u0173 p\u0117dsak\u0173.<\/p>\n<p data-start=\"2256\" data-end=\"2276\"><strong data-start=\"2256\" data-end=\"2266\">T\u016bris:<\/strong> <strong data-start=\"2267\" data-end=\"2276\">50 ml<\/strong><\/p>\n","protected":false},"excerpt":{"rendered":"<p data-start=\"1350\" data-end=\"1388\">Auk\u0161tos apsaugos nuo saul\u0117s kremas<\/p>\n<h2 data-start=\"1390\" data-end=\"1691\"><strong data-start=\"1390\" data-end=\"1430\">Reviderm &#8211; Sun Protect SPF 50+ savyb\u0117s<\/strong><\/h2>\n<p data-start=\"1390\" data-end=\"1691\">\u2714\ufe0f Patikimai apsaugo nuo UVA ir UVB spinduli\u0173<br data-start=\"1478\" data-end=\"1481\" \/>\u2714\ufe0f Apsaugo nuo fotosen\u0117jimo ir odos l\u0105steli\u0173 pa\u017eeidim\u0173<br data-start=\"1535\" data-end=\"1538\" \/>\u2714\ufe0f Dr\u0117kina od\u0105 ir stiprina jos apsaugin\u012f barjer\u0105<br data-start=\"1586\" data-end=\"1589\" \/>\u2714\ufe0f Tinka jautriai ir dirgiai odai<br data-start=\"1622\" data-end=\"1625\" \/>\u2714\ufe0f Lengvos tekst\u016bros, greitai susigeria ir nepalieka balt\u0173 \u017eymi\u0173<\/p>\n","protected":false},"featured_media":40738,"template":"","meta":[],"pwb-brand":[704],"product_brand":[],"product_cat":[738,750,732],"product_tag":[],"giftcard-category":[],"class_list":{"0":"post-40747","1":"product","2":"type-product","3":"status-publish","4":"has-post-thumbnail","6":"pwb-brand-reviderm","7":"product_cat-drekinimas","8":"product_cat-senstanti-oda","9":"product_cat-spf-apsauga","11":"first","12":"instock","13":"taxable","14":"shipping-taxable","15":"purchasable","16":"product-type-simple"},"acf":[],"brands":[{"id":704,"name":"Reviderm","slug":"reviderm"}],"_links":{"self":[{"href":"https:\/\/skinstudio.ee\/lt\/wp-json\/wp\/v2\/product\/40747","targetHints":{"allow":["GET"]}}],"collection":[{"href":"https:\/\/skinstudio.ee\/lt\/wp-json\/wp\/v2\/product"}],"about":[{"href":"https:\/\/skinstudio.ee\/lt\/wp-json\/wp\/v2\/types\/product"}],"version-history":[{"count":1,"href":"https:\/\/skinstudio.ee\/lt\/wp-json\/wp\/v2\/product\/40747\/revisions"}],"predecessor-version":[{"id":73149,"href":"https:\/\/skinstudio.ee\/lt\/wp-json\/wp\/v2\/product\/40747\/revisions\/73149"}],"wp:featuredmedia":[{"embeddable":true,"href":"https:\/\/skinstudio.ee\/lt\/wp-json\/wp\/v2\/media\/40738"}],"wp:attachment":[{"href":"https:\/\/skinstudio.ee\/lt\/wp-json\/wp\/v2\/media?parent=40747"}],"wp:term":[{"taxonomy":"pwb-brand","embeddable":true,"href":"https:\/\/skinstudio.ee\/lt\/wp-json\/wp\/v2\/pwb-brand?post=40747"},{"taxonomy":"product_brand","embeddable":true,"href":"https:\/\/skinstudio.ee\/lt\/wp-json\/wp\/v2\/product_brand?post=40747"},{"taxonomy":"product_cat","embeddable":true,"href":"https:\/\/skinstudio.ee\/lt\/wp-json\/wp\/v2\/product_cat?post=40747"},{"taxonomy":"product_tag","embeddable":true,"href":"https:\/\/skinstudio.ee\/lt\/wp-json\/wp\/v2\/product_tag?post=40747"},{"taxonomy":"giftcard-category","embeddable":true,"href":"https:\/\/skinstudio.ee\/lt\/wp-json\/wp\/v2\/giftcard-category?post=40747"}],"curies":[{"name":"wp","href":"https:\/\/api.w.org\/{rel}","templated":true}]}}