{"id":40767,"date":"2025-08-01T13:13:50","date_gmt":"2025-08-01T13:13:50","guid":{"rendered":"https:\/\/skinstudio.ee\/?post_type=product&#038;p=40767"},"modified":"2026-01-21T13:57:34","modified_gmt":"2026-01-21T13:57:34","slug":"solar-skin-shield-30","status":"publish","type":"product","link":"https:\/\/skinstudio.ee\/lt\/catalog\/reviderm\/solar-skin-shield-30\/","title":{"rendered":"Solar Skin Shield 30"},"content":{"rendered":"<p data-start=\"1942\" data-end=\"2332\"><strong>Reviderm geriausias pardav\u0117jas!<\/strong><\/p>\n<p data-start=\"1942\" data-end=\"2332\">\u0160is unikalus SPF\u202f30 apsaugos nuo saul\u0117s kremas suteikia patikim\u0105 apsaug\u0105 ir padeda u\u017ekirsti keli\u0105 odos ankstyvam sen\u0117jimui. Produktas neturi emulgatori\u0173, kvapikli\u0173 ir da\u017eikli\u0173 \u2014 tinka jautriai, pa\u017eeistai, po proced\u016br\u0173 ar alergijai linkusiai odai (pvz. Maljorkos akn\u0117).<br data-start=\"2242\" data-end=\"2245\" \/>Auk\u0161ta hialurono r\u016bg\u0161ties koncentracija intensyviai dr\u0117kina.<br data-start=\"2305\" data-end=\"2308\" \/>Unikali triguba apsauga:<\/p>\n<ul data-start=\"2333\" data-end=\"2609\">\n<li data-start=\"2333\" data-end=\"2413\">\n<p data-start=\"2335\" data-end=\"2413\">Platus UVA ir infraraudon\u0173j\u0173 spinduli\u0173 filtras, aktyvus nuo karto po tepimo;<\/p>\n<\/li>\n<li data-start=\"2414\" data-end=\"2517\">\n<p data-start=\"2416\" data-end=\"2517\">\u201eKolageno skydas\u201c, kuris apsaugo kolagen\u0105 ir elastin\u0105 nuo saul\u0117s poveikio, saugo jungiam\u0105j\u012f audin\u012f;<\/p>\n<\/li>\n<li data-start=\"2518\" data-end=\"2609\">\n<p data-start=\"2520\" data-end=\"2609\">Apsaugo nuo fotodermatozi\u0173 (pvz., Maljorkos akn\u0117), d\u0117ka neturin\u010dios emulgatori\u0173 formul\u0117s.<\/p>\n<\/li>\n<\/ul>\n<p data-start=\"2611\" data-end=\"2632\"><strong data-start=\"2611\" data-end=\"2621\">T\u016bris:<\/strong> <strong data-start=\"2622\" data-end=\"2632\">125 ml<\/strong><\/p>\n","protected":false},"excerpt":{"rendered":"<p data-start=\"1611\" data-end=\"1646\">Anti-sen\u0117jimo veido saul\u0117s kremas<\/p>\n<h2 data-start=\"1648\" data-end=\"1940\"><strong data-start=\"1648\" data-end=\"1686\">Reviderm &#8211; Solar Skin Shield 30 savyb\u0117s<\/strong><\/h2>\n<p data-start=\"1648\" data-end=\"1940\">\u2714\ufe0f Efektyviai apsaugo nuo UVA ir UVB spinduli\u0173<br data-start=\"1735\" data-end=\"1738\" \/>\u2714\ufe0f Apsaugo nuo fotosen\u0117jimo ir DNA pa\u017eeidim\u0173<br data-start=\"1782\" data-end=\"1785\" \/>\u2714\ufe0f Stiprina odos barjer\u0105 ir didina jos atsparum\u0105<br data-start=\"1833\" data-end=\"1836\" \/>\u2714\ufe0f Pasi\u017eymi antioksidantiniu ir prie\u0161u\u017edegiminiu poveikiu<br data-start=\"1893\" data-end=\"1896\" \/>\u2714\ufe0f Mink\u0161tina od\u0105 ir didina jos elastingum\u0105<\/p>\n","protected":false},"featured_media":63850,"template":"","meta":[],"pwb-brand":[704],"product_brand":[],"product_cat":[738,750,732],"product_tag":[],"giftcard-category":[],"class_list":{"0":"post-40767","1":"product","2":"type-product","3":"status-publish","4":"has-post-thumbnail","6":"pwb-brand-reviderm","7":"product_cat-drekinimas","8":"product_cat-senstanti-oda","9":"product_cat-spf-apsauga","11":"first","12":"instock","13":"taxable","14":"shipping-taxable","15":"purchasable","16":"product-type-simple"},"acf":[],"brands":[{"id":704,"name":"Reviderm","slug":"reviderm"}],"_links":{"self":[{"href":"https:\/\/skinstudio.ee\/lt\/wp-json\/wp\/v2\/product\/40767","targetHints":{"allow":["GET"]}}],"collection":[{"href":"https:\/\/skinstudio.ee\/lt\/wp-json\/wp\/v2\/product"}],"about":[{"href":"https:\/\/skinstudio.ee\/lt\/wp-json\/wp\/v2\/types\/product"}],"version-history":[{"count":1,"href":"https:\/\/skinstudio.ee\/lt\/wp-json\/wp\/v2\/product\/40767\/revisions"}],"predecessor-version":[{"id":73148,"href":"https:\/\/skinstudio.ee\/lt\/wp-json\/wp\/v2\/product\/40767\/revisions\/73148"}],"wp:featuredmedia":[{"embeddable":true,"href":"https:\/\/skinstudio.ee\/lt\/wp-json\/wp\/v2\/media\/63850"}],"wp:attachment":[{"href":"https:\/\/skinstudio.ee\/lt\/wp-json\/wp\/v2\/media?parent=40767"}],"wp:term":[{"taxonomy":"pwb-brand","embeddable":true,"href":"https:\/\/skinstudio.ee\/lt\/wp-json\/wp\/v2\/pwb-brand?post=40767"},{"taxonomy":"product_brand","embeddable":true,"href":"https:\/\/skinstudio.ee\/lt\/wp-json\/wp\/v2\/product_brand?post=40767"},{"taxonomy":"product_cat","embeddable":true,"href":"https:\/\/skinstudio.ee\/lt\/wp-json\/wp\/v2\/product_cat?post=40767"},{"taxonomy":"product_tag","embeddable":true,"href":"https:\/\/skinstudio.ee\/lt\/wp-json\/wp\/v2\/product_tag?post=40767"},{"taxonomy":"giftcard-category","embeddable":true,"href":"https:\/\/skinstudio.ee\/lt\/wp-json\/wp\/v2\/giftcard-category?post=40767"}],"curies":[{"name":"wp","href":"https:\/\/api.w.org\/{rel}","templated":true}]}}