{"id":40784,"date":"2025-08-01T13:25:22","date_gmt":"2025-08-01T13:25:22","guid":{"rendered":"https:\/\/skinstudio.ee\/?post_type=product&#038;p=40784"},"modified":"2026-01-21T13:57:30","modified_gmt":"2026-01-21T13:57:30","slug":"daily-sun-screen-spf-20","status":"publish","type":"product","link":"https:\/\/skinstudio.ee\/lt\/catalog\/reviderm\/daily-sun-screen-spf-20\/","title":{"rendered":"Daily Sun Screen SPF 20+"},"content":{"rendered":"<p data-start=\"1298\" data-end=\"1950\">Universalus produktas su trigubu poveikiu pradeda veikti i\u0161kart po u\u017etepimo: saugo, ramina ir dr\u0117kina od\u0105. Sud\u0117tyje yra UVB\/UVA filtr\u0173 bei apsauga nuo infraraudon\u0173j\u0173 spinduli\u0173, tod\u0117l tai yra ideali visapusi\u0161ka apsauga nuo kenksmingo saul\u0117s poveikio. Hialurono r\u016bg\u0161tis padeda i\u0161laikyti ger\u0105 odos stangrum\u0105 ir u\u017ekerta keli\u0105 dehidratacijai. Unikali technologija ne tik saugo derm\u0105 nuo saul\u0117s, bet ir padeda i\u0161vengti su am\u017eiumi susijusi\u0173 odos poky\u010di\u0173. Kadangi sud\u0117tyje n\u0117ra emulsikli\u0173 ir kvapi\u0173j\u0173 med\u017eiag\u0173, \u0161is produktas idealiai tinka odai, linkusiai \u012f alergijas ar akn\u0119. Taip pat rekomenduojama naudoti fotodermatozi\u0173 profilaktikai. Tinka vis\u0173 tip\u0173 odai.<\/p>\n<p data-start=\"1955\" data-end=\"1971\"><strong data-start=\"1955\" data-end=\"1964\">T\u016bris<\/strong>: 50 ml<\/p>\n","protected":false},"excerpt":{"rendered":"<p data-start=\"2109\" data-end=\"2152\">Ypa\u010d lengvas apsauginis biogelis nuo saul\u0117s<\/p>\n<h2 data-start=\"2157\" data-end=\"2193\"><strong data-start=\"2157\" data-end=\"2193\">Reviderm &#8211; Daily Sun Screen SPF 20+ <\/strong><strong data-start=\"2157\" data-end=\"2193\">Savyb\u0117s<\/strong><\/h2>\n<p data-start=\"2195\" data-end=\"2462\" data-is-last-node=\"\" data-is-only-node=\"\">\u2714\ufe0f Suteikia vidutin\u0119 apsaug\u0105 nuo UVA ir UVB spinduli\u0173<br data-start=\"2248\" data-end=\"2251\" \/>\u2714\ufe0f Padeda i\u0161vengti fotosen\u0117jimo ir l\u0105steli\u0173 pa\u017eeidim\u0173<br data-start=\"2304\" data-end=\"2307\" \/>\u2714\ufe0f Dr\u0117kina od\u0105 ir stiprina jos apsaugin\u012f barjer\u0105<br data-start=\"2355\" data-end=\"2358\" \/>\u2714\ufe0f Tinka jautriai odai ir kasdieniam naudojimui<br data-start=\"2405\" data-end=\"2408\" \/>\u2714\ufe0f Lengva tekst\u016bra, nepalieka lipnumo ir balt\u0173 p\u0117dsak\u0173<\/p>\n","protected":false},"featured_media":63845,"template":"","meta":[],"pwb-brand":[704],"product_brand":[],"product_cat":[738,750,732],"product_tag":[],"giftcard-category":[],"class_list":{"0":"post-40784","1":"product","2":"type-product","3":"status-publish","4":"has-post-thumbnail","6":"pwb-brand-reviderm","7":"product_cat-drekinimas","8":"product_cat-senstanti-oda","9":"product_cat-spf-apsauga","11":"first","12":"instock","13":"taxable","14":"shipping-taxable","15":"purchasable","16":"product-type-simple"},"acf":[],"brands":[{"id":704,"name":"Reviderm","slug":"reviderm"}],"_links":{"self":[{"href":"https:\/\/skinstudio.ee\/lt\/wp-json\/wp\/v2\/product\/40784","targetHints":{"allow":["GET"]}}],"collection":[{"href":"https:\/\/skinstudio.ee\/lt\/wp-json\/wp\/v2\/product"}],"about":[{"href":"https:\/\/skinstudio.ee\/lt\/wp-json\/wp\/v2\/types\/product"}],"version-history":[{"count":1,"href":"https:\/\/skinstudio.ee\/lt\/wp-json\/wp\/v2\/product\/40784\/revisions"}],"predecessor-version":[{"id":73147,"href":"https:\/\/skinstudio.ee\/lt\/wp-json\/wp\/v2\/product\/40784\/revisions\/73147"}],"wp:featuredmedia":[{"embeddable":true,"href":"https:\/\/skinstudio.ee\/lt\/wp-json\/wp\/v2\/media\/63845"}],"wp:attachment":[{"href":"https:\/\/skinstudio.ee\/lt\/wp-json\/wp\/v2\/media?parent=40784"}],"wp:term":[{"taxonomy":"pwb-brand","embeddable":true,"href":"https:\/\/skinstudio.ee\/lt\/wp-json\/wp\/v2\/pwb-brand?post=40784"},{"taxonomy":"product_brand","embeddable":true,"href":"https:\/\/skinstudio.ee\/lt\/wp-json\/wp\/v2\/product_brand?post=40784"},{"taxonomy":"product_cat","embeddable":true,"href":"https:\/\/skinstudio.ee\/lt\/wp-json\/wp\/v2\/product_cat?post=40784"},{"taxonomy":"product_tag","embeddable":true,"href":"https:\/\/skinstudio.ee\/lt\/wp-json\/wp\/v2\/product_tag?post=40784"},{"taxonomy":"giftcard-category","embeddable":true,"href":"https:\/\/skinstudio.ee\/lt\/wp-json\/wp\/v2\/giftcard-category?post=40784"}],"curies":[{"name":"wp","href":"https:\/\/api.w.org\/{rel}","templated":true}]}}