{"id":40801,"date":"2025-08-01T13:37:51","date_gmt":"2025-08-01T13:37:51","guid":{"rendered":"https:\/\/skinstudio.ee\/?post_type=product&#038;p=40801"},"modified":"2026-01-21T13:57:28","modified_gmt":"2026-01-21T13:57:28","slug":"after-solar-repair","status":"publish","type":"product","link":"https:\/\/skinstudio.ee\/lt\/catalog\/reviderm\/after-solar-repair\/","title":{"rendered":"After Solar Repair"},"content":{"rendered":"<p data-start=\"1122\" data-end=\"1599\">Regeneruojantis emulsinis kremas po saul\u0117s poveikio skirtas odos prie\u017ei\u016brai po \u0161iluminio streso \u2013 saul\u0117s, soliariumo ar lazerini\u0173 proced\u016br\u0173. Atkuria nat\u016bral\u0173 odos balans\u0105.<br data-start=\"1293\" data-end=\"1296\" \/>Aktyvus ingredientas ektoinas stiprina ir atkuria odos apsaugines funkcijas.<br data-start=\"1372\" data-end=\"1375\" \/>Pantenolis maitina od\u0105 ir skatina gijim\u0105.<br data-start=\"1416\" data-end=\"1419\" \/>Dr\u0117kinamasis ir v\u0117sinantis kompleksas su hialurono r\u016bg\u0161timi sulaiko dr\u0117gm\u0119 ir suma\u017eina transepidermin\u012f vandens netekim\u0105. Kiti aktyv\u016bs komponentai suteikia malon\u0173 v\u0117sinant\u012f poveik\u012f.<\/p>\n<p data-start=\"1601\" data-end=\"1622\"><strong data-start=\"1601\" data-end=\"1611\">T\u016bris:<\/strong> <strong data-start=\"1612\" data-end=\"1622\">125 ml<\/strong><\/p>\n","protected":false},"excerpt":{"rendered":"<p data-start=\"1698\" data-end=\"1737\">Atkuriamoji emulsija po saul\u0117s poveikio<\/p>\n<h2 data-start=\"1739\" data-end=\"2008\"><strong data-start=\"1739\" data-end=\"1778\">Reviderm &#8211; After Solar Repair <\/strong><strong data-start=\"1739\" data-end=\"1778\">Savyb\u0117s<\/strong><\/h2>\n<p data-start=\"1739\" data-end=\"2008\">\u2714\ufe0f Ramina od\u0105 po buvimo saul\u0117je<br data-start=\"1812\" data-end=\"1815\" \/>\u2714\ufe0f Ma\u017eina paraudim\u0105 ir sudirginim\u0105<br data-start=\"1849\" data-end=\"1852\" \/>\u2714\ufe0f Intensyviai dr\u0117kina ir v\u0117sina od\u0105<br data-start=\"1888\" data-end=\"1891\" \/>\u2714\ufe0f Skatina l\u0105steli\u0173 atsinaujinim\u0105 ir apsaugo nuo fotopa\u017eeidim\u0173<br data-start=\"1953\" data-end=\"1956\" \/>\u2714\ufe0f Stiprina odos barjer\u0105 ir saugo nuo dehidratacijos<\/p>\n","protected":false},"featured_media":63840,"template":"","meta":[],"pwb-brand":[704],"product_brand":[],"product_cat":[738,750],"product_tag":[],"giftcard-category":[],"class_list":{"0":"post-40801","1":"product","2":"type-product","3":"status-publish","4":"has-post-thumbnail","6":"pwb-brand-reviderm","7":"product_cat-drekinimas","8":"product_cat-senstanti-oda","10":"first","11":"instock","12":"taxable","13":"shipping-taxable","14":"purchasable","15":"product-type-simple"},"acf":[],"brands":[{"id":704,"name":"Reviderm","slug":"reviderm"}],"_links":{"self":[{"href":"https:\/\/skinstudio.ee\/lt\/wp-json\/wp\/v2\/product\/40801","targetHints":{"allow":["GET"]}}],"collection":[{"href":"https:\/\/skinstudio.ee\/lt\/wp-json\/wp\/v2\/product"}],"about":[{"href":"https:\/\/skinstudio.ee\/lt\/wp-json\/wp\/v2\/types\/product"}],"version-history":[{"count":1,"href":"https:\/\/skinstudio.ee\/lt\/wp-json\/wp\/v2\/product\/40801\/revisions"}],"predecessor-version":[{"id":73098,"href":"https:\/\/skinstudio.ee\/lt\/wp-json\/wp\/v2\/product\/40801\/revisions\/73098"}],"wp:featuredmedia":[{"embeddable":true,"href":"https:\/\/skinstudio.ee\/lt\/wp-json\/wp\/v2\/media\/63840"}],"wp:attachment":[{"href":"https:\/\/skinstudio.ee\/lt\/wp-json\/wp\/v2\/media?parent=40801"}],"wp:term":[{"taxonomy":"pwb-brand","embeddable":true,"href":"https:\/\/skinstudio.ee\/lt\/wp-json\/wp\/v2\/pwb-brand?post=40801"},{"taxonomy":"product_brand","embeddable":true,"href":"https:\/\/skinstudio.ee\/lt\/wp-json\/wp\/v2\/product_brand?post=40801"},{"taxonomy":"product_cat","embeddable":true,"href":"https:\/\/skinstudio.ee\/lt\/wp-json\/wp\/v2\/product_cat?post=40801"},{"taxonomy":"product_tag","embeddable":true,"href":"https:\/\/skinstudio.ee\/lt\/wp-json\/wp\/v2\/product_tag?post=40801"},{"taxonomy":"giftcard-category","embeddable":true,"href":"https:\/\/skinstudio.ee\/lt\/wp-json\/wp\/v2\/giftcard-category?post=40801"}],"curies":[{"name":"wp","href":"https:\/\/api.w.org\/{rel}","templated":true}]}}