{"id":40818,"date":"2025-08-01T13:46:33","date_gmt":"2025-08-01T13:46:33","guid":{"rendered":"https:\/\/skinstudio.ee\/?post_type=product&#038;p=40818"},"modified":"2026-01-21T13:57:34","modified_gmt":"2026-01-21T13:57:34","slug":"sun-body-fluid-spf-30","status":"publish","type":"product","link":"https:\/\/skinstudio.ee\/lt\/catalog\/reviderm\/sun-body-fluid-spf-30\/","title":{"rendered":"Sun Body Fluid SPF 30"},"content":{"rendered":"<p data-start=\"1301\" data-end=\"1905\">Atsparus vandeniui apsauginis kremas nuo saul\u0117s <strong data-start=\"1349\" data-end=\"1383\">REVIDERM Sun Body Fluid SPF 30<\/strong> su plataus spektro UVA\/UVB filtrais apsaugo od\u0105 nuo \u017ealing\u0173 ultravioletini\u0173 spinduli\u0173 ir fotopa\u017eeidim\u0173. Lengva tekst\u016bra greitai susigeria ir nepalieka riebaus blizgesio. Formul\u0117 su \u0161altalanki\u0173 vaisi\u0173 ekstraktu ir vitaminu E apsaugo od\u0105 buvimo saul\u0117je metu ir suteikia raminant\u012f bei antioksidacin\u012f poveik\u012f. \u0160altalanki\u0173 ekstraktas skatina epidermio regeneracij\u0105, gerina odos tonus\u0105, ramina ir lygina od\u0105. Vitaminas E padeda apsaugoti l\u0105steles nuo pa\u017eeidim\u0173, stiprina j\u0173 membranas, ma\u017eina u\u017edegim\u0105 ir saugo nuo UV spinduli\u0173.<\/p>\n<p data-start=\"1910\" data-end=\"1931\"><strong data-start=\"1910\" data-end=\"1920\">T\u016bris:<\/strong> <strong data-start=\"1921\" data-end=\"1931\">250 ml<\/strong><\/p>\n","protected":false},"excerpt":{"rendered":"<p data-start=\"2077\" data-end=\"2112\">Apsauginis k\u016bno losjonas nuo saul\u0117s<\/p>\n<h2 data-start=\"2117\" data-end=\"2370\"><strong data-start=\"2117\" data-end=\"2159\">Reviderm &#8211; Sun Body Fluid SPF 30 savyb\u0117s<\/strong><\/h2>\n<p data-start=\"2117\" data-end=\"2370\">\u2714\ufe0f Patikimai apsaugo nuo UVA ir UVB spinduli\u0173<br data-start=\"2207\" data-end=\"2210\" \/>\u2714\ufe0f Padeda i\u0161vengti fotosen\u0117jimo ir pigmentini\u0173 d\u0117mi\u0173<br data-start=\"2262\" data-end=\"2265\" \/>\u2714\ufe0f Greitai susigeria, nepalieka lipnumo ar balt\u0173 \u017eymi\u0173<br data-start=\"2319\" data-end=\"2322\" \/>\u2714\ufe0f Dr\u0117kina od\u0105 ir stiprina jos apsaugin\u012f barjer\u0105<\/p>\n","protected":false},"featured_media":63835,"template":"","meta":[],"pwb-brand":[704],"product_brand":[],"product_cat":[738,750,732],"product_tag":[],"giftcard-category":[],"class_list":{"0":"post-40818","1":"product","2":"type-product","3":"status-publish","4":"has-post-thumbnail","6":"pwb-brand-reviderm","7":"product_cat-drekinimas","8":"product_cat-senstanti-oda","9":"product_cat-spf-apsauga","11":"first","12":"instock","13":"taxable","14":"shipping-taxable","15":"purchasable","16":"product-type-simple"},"acf":[],"brands":[{"id":704,"name":"Reviderm","slug":"reviderm"}],"_links":{"self":[{"href":"https:\/\/skinstudio.ee\/lt\/wp-json\/wp\/v2\/product\/40818","targetHints":{"allow":["GET"]}}],"collection":[{"href":"https:\/\/skinstudio.ee\/lt\/wp-json\/wp\/v2\/product"}],"about":[{"href":"https:\/\/skinstudio.ee\/lt\/wp-json\/wp\/v2\/types\/product"}],"version-history":[{"count":1,"href":"https:\/\/skinstudio.ee\/lt\/wp-json\/wp\/v2\/product\/40818\/revisions"}],"predecessor-version":[{"id":73097,"href":"https:\/\/skinstudio.ee\/lt\/wp-json\/wp\/v2\/product\/40818\/revisions\/73097"}],"wp:featuredmedia":[{"embeddable":true,"href":"https:\/\/skinstudio.ee\/lt\/wp-json\/wp\/v2\/media\/63835"}],"wp:attachment":[{"href":"https:\/\/skinstudio.ee\/lt\/wp-json\/wp\/v2\/media?parent=40818"}],"wp:term":[{"taxonomy":"pwb-brand","embeddable":true,"href":"https:\/\/skinstudio.ee\/lt\/wp-json\/wp\/v2\/pwb-brand?post=40818"},{"taxonomy":"product_brand","embeddable":true,"href":"https:\/\/skinstudio.ee\/lt\/wp-json\/wp\/v2\/product_brand?post=40818"},{"taxonomy":"product_cat","embeddable":true,"href":"https:\/\/skinstudio.ee\/lt\/wp-json\/wp\/v2\/product_cat?post=40818"},{"taxonomy":"product_tag","embeddable":true,"href":"https:\/\/skinstudio.ee\/lt\/wp-json\/wp\/v2\/product_tag?post=40818"},{"taxonomy":"giftcard-category","embeddable":true,"href":"https:\/\/skinstudio.ee\/lt\/wp-json\/wp\/v2\/giftcard-category?post=40818"}],"curies":[{"name":"wp","href":"https:\/\/api.w.org\/{rel}","templated":true}]}}