{"id":40834,"date":"2025-08-01T15:13:46","date_gmt":"2025-08-01T15:13:46","guid":{"rendered":"https:\/\/skinstudio.ee\/?post_type=product&#038;p=40834"},"modified":"2026-01-21T13:57:34","modified_gmt":"2026-01-21T13:57:34","slug":"sun-care-stick-spf-30","status":"publish","type":"product","link":"https:\/\/skinstudio.ee\/lt\/catalog\/reviderm\/sun-care-stick-spf-30\/","title":{"rendered":"Sun &#038; Care Stick SPF 30"},"content":{"rendered":"<p data-start=\"1208\" data-end=\"1753\">Daugiafunkcis pie\u0161tukas atvir\u0173 odos viet\u0173, toki\u0173 kaip nosis, ausys, l\u016bpos ir skruostai, prie\u017ei\u016brai. Vandens neturinti sud\u0117tis su fotostabilia filtr\u0173 sistema ir inovatyvia IRA apsauga u\u017etikrina auk\u0161to lygio UV spinduli\u0173 apsaug\u0105. Kupuasu sviestas, gausus fitosteroliais, ramina UV jautri\u0105 od\u0105 ir didina jos elastingum\u0105. Vitaminas E saugo nuo laisv\u0173j\u0173 radikal\u0173. Sodri, skaidri ir atspari vandeniui formul\u0117 taip pat tinkama l\u016bp\u0173 prie\u017ei\u016brai ir puikiai apsaugo nuo \u0161al\u010dio \u017eiem\u0105. Puikus i\u0161tisus metus naudojamas produktas, telpantis \u012f bet kuri\u0105 ki\u0161en\u0119.<\/p>\n<p data-start=\"1758\" data-end=\"1778\"><strong data-start=\"1758\" data-end=\"1768\">T\u016bris:<\/strong> <strong data-start=\"1769\" data-end=\"1778\">10 ml<\/strong><\/p>\n","protected":false},"excerpt":{"rendered":"<p data-start=\"1340\" data-end=\"1385\">Dr\u0117kinantis apsauginis pie\u0161tukas nuo saul\u0117s<\/p>\n<h2 data-start=\"1390\" data-end=\"1425\"><strong data-start=\"1390\" data-end=\"1425\">Reviderm &#8211; \u00a0Sun &amp; Care Stick SPF 30 <\/strong><strong data-start=\"1390\" data-end=\"1425\">Savyb\u0117s<\/strong><\/h2>\n<p data-start=\"1427\" data-end=\"1679\">\u2714\ufe0f Tikslinga apsauga jautrioms vietoms (l\u016bpos, nosis, skruostai)<br data-start=\"1491\" data-end=\"1494\" \/>\u2714\ufe0f Patogus naudoti ir puikiai tinka pakartotiniam naudojimui<br data-start=\"1554\" data-end=\"1557\" \/>\u2714\ufe0f Patikima UVA\/UVB apsauga<br data-start=\"1584\" data-end=\"1587\" \/>\u2714\ufe0f Mink\u0161tina ir apsaugo od\u0105 nuo i\u0161saus\u0117jimo<br data-start=\"1630\" data-end=\"1633\" \/>\u2714\ufe0f Tinka alergi\u0161kai ir \u0161viesai jautriai odai<\/p>\n","protected":false},"featured_media":63830,"template":"","meta":[],"pwb-brand":[704],"product_brand":[],"product_cat":[738,732],"product_tag":[],"giftcard-category":[],"class_list":{"0":"post-40834","1":"product","2":"type-product","3":"status-publish","4":"has-post-thumbnail","6":"pwb-brand-reviderm","7":"product_cat-drekinimas","8":"product_cat-spf-apsauga","10":"first","11":"instock","12":"taxable","13":"shipping-taxable","14":"purchasable","15":"product-type-simple"},"acf":[],"brands":[{"id":704,"name":"Reviderm","slug":"reviderm"}],"_links":{"self":[{"href":"https:\/\/skinstudio.ee\/lt\/wp-json\/wp\/v2\/product\/40834","targetHints":{"allow":["GET"]}}],"collection":[{"href":"https:\/\/skinstudio.ee\/lt\/wp-json\/wp\/v2\/product"}],"about":[{"href":"https:\/\/skinstudio.ee\/lt\/wp-json\/wp\/v2\/types\/product"}],"version-history":[{"count":1,"href":"https:\/\/skinstudio.ee\/lt\/wp-json\/wp\/v2\/product\/40834\/revisions"}],"predecessor-version":[{"id":73096,"href":"https:\/\/skinstudio.ee\/lt\/wp-json\/wp\/v2\/product\/40834\/revisions\/73096"}],"wp:featuredmedia":[{"embeddable":true,"href":"https:\/\/skinstudio.ee\/lt\/wp-json\/wp\/v2\/media\/63830"}],"wp:attachment":[{"href":"https:\/\/skinstudio.ee\/lt\/wp-json\/wp\/v2\/media?parent=40834"}],"wp:term":[{"taxonomy":"pwb-brand","embeddable":true,"href":"https:\/\/skinstudio.ee\/lt\/wp-json\/wp\/v2\/pwb-brand?post=40834"},{"taxonomy":"product_brand","embeddable":true,"href":"https:\/\/skinstudio.ee\/lt\/wp-json\/wp\/v2\/product_brand?post=40834"},{"taxonomy":"product_cat","embeddable":true,"href":"https:\/\/skinstudio.ee\/lt\/wp-json\/wp\/v2\/product_cat?post=40834"},{"taxonomy":"product_tag","embeddable":true,"href":"https:\/\/skinstudio.ee\/lt\/wp-json\/wp\/v2\/product_tag?post=40834"},{"taxonomy":"giftcard-category","embeddable":true,"href":"https:\/\/skinstudio.ee\/lt\/wp-json\/wp\/v2\/giftcard-category?post=40834"}],"curies":[{"name":"wp","href":"https:\/\/api.w.org\/{rel}","templated":true}]}}