{"id":40855,"date":"2025-08-01T15:27:14","date_gmt":"2025-08-01T15:27:14","guid":{"rendered":"https:\/\/skinstudio.ee\/?post_type=product&#038;p=40855"},"modified":"2026-01-21T13:57:32","modified_gmt":"2026-01-21T13:57:32","slug":"opc-hand-impressions","status":"publish","type":"product","link":"https:\/\/skinstudio.ee\/lt\/catalog\/reviderm\/opc-hand-impressions\/","title":{"rendered":"OPC Hand Impressions"},"content":{"rendered":"<p data-start=\"1462\" data-end=\"2082\">\u0160velnus rank\u0173 kremas su veiksmingu atjauninan\u010diu poveikiu suteikia odai ne\u012ftik\u0117tino \u0161velnumo poj\u016bt\u012f. OPC (oligomeriniai proantocianidinai) neutralizuoja laisvuosius radikalus, kurie spartina odos sen\u0117jim\u0105, apsaugo odos l\u0105steles ir padeda i\u0161vengti pigmentini\u0173 d\u0117mi\u0173 atsiradimo.<br data-start=\"1738\" data-end=\"1741\" \/>\u0160ilko baltymai pasi\u017eymi puikiomis dr\u0117kinamosiomis savyb\u0117mis ir sukuria ant odos plon\u0105 apsaugin\u0119 pl\u0117vel\u0119. Nors kremo tekst\u016bra lengva, apsauginis poveikis jau\u010diamas i\u0161 karto \u2013 oda tampa \u0161velni ir lygi. Sausumo sukeltos rauk\u0161lel\u0117s i\u0161nyksta, smulkios \u012ftr\u016bkimai u\u017egyja, o reguliariai naudojant rank\u0173 oda nebed\u017ei\u016bsta ir tampa pastebimai glotnesn\u0117.<\/p>\n<p data-start=\"2087\" data-end=\"2108\"><strong data-start=\"2087\" data-end=\"2097\">T\u016bris:<\/strong> <strong data-start=\"2098\" data-end=\"2108\">100 ml<\/strong><\/p>\n","protected":false},"excerpt":{"rendered":"<p data-start=\"2204\" data-end=\"2244\">Stiprinantis rank\u0173 kremas nuo sen\u0117jimo<\/p>\n<h2 data-start=\"2249\" data-end=\"2290\"><strong data-start=\"2249\" data-end=\"2290\">Reviderm &#8211; OPC Hand Impressions <\/strong><strong data-start=\"2249\" data-end=\"2290\">Savyb\u0117s<\/strong><\/h2>\n<p data-start=\"2292\" data-end=\"2567\">\u2714\ufe0f Intensyviai dr\u0117kina ir maitina rank\u0173 od\u0105<br data-start=\"2335\" data-end=\"2338\" \/>\u2714\ufe0f Stiprina odos barjer\u0105 ir gerina elastingum\u0105<br data-start=\"2384\" data-end=\"2387\" \/>\u2714\ufe0f Sud\u0117tyje yra stipri\u0173 antioksidant\u0173 (OPC), saugan\u010di\u0173 nuo prie\u0161laikinio sen\u0117jimo<br data-start=\"2468\" data-end=\"2471\" \/>\u2714\ufe0f Ma\u017eina pigmentacij\u0105 ir i\u0161lygina odos atspalv\u012f<br data-start=\"2519\" data-end=\"2522\" \/>\u2714\ufe0f Palieka od\u0105 lygi\u0105, \u0161velni\u0105 ir pri\u017ei\u016br\u0117t\u0105<\/p>\n","protected":false},"featured_media":40847,"template":"","meta":[],"pwb-brand":[704],"product_brand":[],"product_cat":[738,758,750],"product_tag":[],"giftcard-category":[],"class_list":{"0":"post-40855","1":"product","2":"type-product","3":"status-publish","4":"has-post-thumbnail","6":"pwb-brand-reviderm","7":"product_cat-drekinimas","8":"product_cat-kuno-prieziura","9":"product_cat-senstanti-oda","11":"first","12":"outofstock","13":"taxable","14":"shipping-taxable","15":"purchasable","16":"product-type-simple"},"acf":[],"brands":[{"id":704,"name":"Reviderm","slug":"reviderm"}],"_links":{"self":[{"href":"https:\/\/skinstudio.ee\/lt\/wp-json\/wp\/v2\/product\/40855","targetHints":{"allow":["GET"]}}],"collection":[{"href":"https:\/\/skinstudio.ee\/lt\/wp-json\/wp\/v2\/product"}],"about":[{"href":"https:\/\/skinstudio.ee\/lt\/wp-json\/wp\/v2\/types\/product"}],"version-history":[{"count":1,"href":"https:\/\/skinstudio.ee\/lt\/wp-json\/wp\/v2\/product\/40855\/revisions"}],"predecessor-version":[{"id":73095,"href":"https:\/\/skinstudio.ee\/lt\/wp-json\/wp\/v2\/product\/40855\/revisions\/73095"}],"wp:featuredmedia":[{"embeddable":true,"href":"https:\/\/skinstudio.ee\/lt\/wp-json\/wp\/v2\/media\/40847"}],"wp:attachment":[{"href":"https:\/\/skinstudio.ee\/lt\/wp-json\/wp\/v2\/media?parent=40855"}],"wp:term":[{"taxonomy":"pwb-brand","embeddable":true,"href":"https:\/\/skinstudio.ee\/lt\/wp-json\/wp\/v2\/pwb-brand?post=40855"},{"taxonomy":"product_brand","embeddable":true,"href":"https:\/\/skinstudio.ee\/lt\/wp-json\/wp\/v2\/product_brand?post=40855"},{"taxonomy":"product_cat","embeddable":true,"href":"https:\/\/skinstudio.ee\/lt\/wp-json\/wp\/v2\/product_cat?post=40855"},{"taxonomy":"product_tag","embeddable":true,"href":"https:\/\/skinstudio.ee\/lt\/wp-json\/wp\/v2\/product_tag?post=40855"},{"taxonomy":"giftcard-category","embeddable":true,"href":"https:\/\/skinstudio.ee\/lt\/wp-json\/wp\/v2\/giftcard-category?post=40855"}],"curies":[{"name":"wp","href":"https:\/\/api.w.org\/{rel}","templated":true}]}}