{"id":40871,"date":"2025-08-01T16:55:47","date_gmt":"2025-08-01T16:55:47","guid":{"rendered":"https:\/\/skinstudio.ee\/?post_type=product&#038;p=40871"},"modified":"2026-01-21T13:57:29","modified_gmt":"2026-01-21T13:57:29","slug":"body-hydrocalm","status":"publish","type":"product","link":"https:\/\/skinstudio.ee\/lt\/catalog\/reviderm\/body-hydrocalm\/","title":{"rendered":"Body Hydrocalm"},"content":{"rendered":"<p data-start=\"1214\" data-end=\"1796\">Lengvas k\u016bno losjonas su trimis pagrindiniais poveikiais: apsauginiu, raminamuoju ir dr\u0117kinamuoju.<br data-start=\"1312\" data-end=\"1315\" \/>Biomimetinis amino r\u016bg\u0161\u010di\u0173 kompleksas u\u017etikrina intensyv\u0173 ir gilumin\u012f dr\u0117kinim\u0105.<br data-start=\"1395\" data-end=\"1398\" \/>Fitino r\u016bg\u0161tis ir vitaminas E apsaugo od\u0105 nuo laisv\u0173j\u0173 radikal\u0173 ir prie\u0161laikinio sen\u0117jimo. Beta-gliukanas stiprina antioksidant\u0173 veikim\u0105 ir padeda i\u0161vengti u\u017edegimini\u0173 proces\u0173.<br data-start=\"1574\" data-end=\"1577\" \/>Apsaugin\u012f ir raminam\u0105j\u012f poveik\u012f papildo kitos savyb\u0117s \u2013 maitinimas, dr\u0117kinimas ir sudirginimo ma\u017einimas.<br data-start=\"1681\" data-end=\"1684\" \/>Padeda i\u0161laikyti epidermio l\u0105steli\u0173 vandens balans\u0105 ir pagerina odos turgor\u0105. Oda tampa elastingesn\u0117 ir lygesn\u0117.<\/p>\n<p data-start=\"1801\" data-end=\"1822\"><strong data-start=\"1801\" data-end=\"1811\">T\u016bris:<\/strong> <strong data-start=\"1812\" data-end=\"1822\">200 ml<\/strong><\/p>\n","protected":false},"excerpt":{"rendered":"<p data-start=\"1967\" data-end=\"2006\">Intensyviai dr\u0117kinantis k\u016bno losjonas<\/p>\n<h2 data-start=\"2011\" data-end=\"2037\"><strong data-start=\"2011\" data-end=\"2037\">Reviderm &#8211; Body Hydrocalm savyb\u0117s<\/strong><\/h2>\n<p data-start=\"2039\" data-end=\"2276\">\u2714\ufe0f U\u017etikrina ilgalaik\u012f dr\u0117kinim\u0105 ir apsaugo nuo i\u0161saus\u0117jimo<br data-start=\"2098\" data-end=\"2101\" \/>\u2714\ufe0f Ramina sudirgusi\u0105 ir jautri\u0105 od\u0105<br data-start=\"2136\" data-end=\"2139\" \/>\u2714\ufe0f Atkuria nat\u016bral\u0173 hidrolipidin\u012f balans\u0105<br data-start=\"2180\" data-end=\"2183\" \/>\u2714\ufe0f Greitai susigeria ir nepalieka lipnumo<br data-start=\"2224\" data-end=\"2227\" \/>\u2714\ufe0f Palieka od\u0105 \u0161velni\u0105, lygi\u0105 ir maloni\u0105 liesti<\/p>\n","protected":false},"featured_media":40862,"template":"","meta":[],"pwb-brand":[704],"product_brand":[],"product_cat":[738,758],"product_tag":[],"giftcard-category":[],"class_list":{"0":"post-40871","1":"product","2":"type-product","3":"status-publish","4":"has-post-thumbnail","6":"pwb-brand-reviderm","7":"product_cat-drekinimas","8":"product_cat-kuno-prieziura","10":"first","11":"instock","12":"taxable","13":"shipping-taxable","14":"purchasable","15":"product-type-simple"},"acf":[],"brands":[{"id":704,"name":"Reviderm","slug":"reviderm"}],"_links":{"self":[{"href":"https:\/\/skinstudio.ee\/lt\/wp-json\/wp\/v2\/product\/40871","targetHints":{"allow":["GET"]}}],"collection":[{"href":"https:\/\/skinstudio.ee\/lt\/wp-json\/wp\/v2\/product"}],"about":[{"href":"https:\/\/skinstudio.ee\/lt\/wp-json\/wp\/v2\/types\/product"}],"version-history":[{"count":1,"href":"https:\/\/skinstudio.ee\/lt\/wp-json\/wp\/v2\/product\/40871\/revisions"}],"predecessor-version":[{"id":73094,"href":"https:\/\/skinstudio.ee\/lt\/wp-json\/wp\/v2\/product\/40871\/revisions\/73094"}],"wp:featuredmedia":[{"embeddable":true,"href":"https:\/\/skinstudio.ee\/lt\/wp-json\/wp\/v2\/media\/40862"}],"wp:attachment":[{"href":"https:\/\/skinstudio.ee\/lt\/wp-json\/wp\/v2\/media?parent=40871"}],"wp:term":[{"taxonomy":"pwb-brand","embeddable":true,"href":"https:\/\/skinstudio.ee\/lt\/wp-json\/wp\/v2\/pwb-brand?post=40871"},{"taxonomy":"product_brand","embeddable":true,"href":"https:\/\/skinstudio.ee\/lt\/wp-json\/wp\/v2\/product_brand?post=40871"},{"taxonomy":"product_cat","embeddable":true,"href":"https:\/\/skinstudio.ee\/lt\/wp-json\/wp\/v2\/product_cat?post=40871"},{"taxonomy":"product_tag","embeddable":true,"href":"https:\/\/skinstudio.ee\/lt\/wp-json\/wp\/v2\/product_tag?post=40871"},{"taxonomy":"giftcard-category","embeddable":true,"href":"https:\/\/skinstudio.ee\/lt\/wp-json\/wp\/v2\/giftcard-category?post=40871"}],"curies":[{"name":"wp","href":"https:\/\/api.w.org\/{rel}","templated":true}]}}