{"id":40887,"date":"2025-08-01T17:12:27","date_gmt":"2025-08-01T17:12:27","guid":{"rendered":"https:\/\/skinstudio.ee\/?post_type=product&#038;p=40887"},"modified":"2026-01-21T13:57:29","modified_gmt":"2026-01-21T13:57:29","slug":"body-double-peel","status":"publish","type":"product","link":"https:\/\/skinstudio.ee\/lt\/catalog\/reviderm\/body-double-peel\/","title":{"rendered":"Body Double Peel"},"content":{"rendered":"<p data-start=\"1033\" data-end=\"1339\">\u0160velnios \u0161vei\u010dian\u010dios granul\u0117s ir ferment\u0173 kompleksas \u0161velniai pa\u0161alina negyvas odos l\u0105steles ir skatina jos atsinaujinim\u0105. Po proced\u016bros u\u017eteptos veikliosios med\u017eiagos itin gerai \u012fsigeria \u012f od\u0105. Nat\u016bralus dr\u0117kinamasis kompleksas maitina ir mink\u0161tina od\u0105.<br data-start=\"1288\" data-end=\"1291\" \/>Rezultatas: oda tampa lygi ir aksomi\u0161kai \u0161velni.<\/p>\n<p data-start=\"1344\" data-end=\"1365\"><strong data-start=\"1344\" data-end=\"1354\">T\u016bris:<\/strong> <strong data-start=\"1355\" data-end=\"1365\">200 ml<\/strong><\/p>\n","protected":false},"excerpt":{"rendered":"<p data-start=\"1497\" data-end=\"1536\">Kreminis pilingas su dvigubu poveikiu<\/p>\n<h2 data-start=\"1541\" data-end=\"1578\"><strong data-start=\"1541\" data-end=\"1578\">Reviderm &#8211; Body Double Peel savyb\u0117s<\/strong><\/h2>\n<p data-start=\"1580\" data-end=\"1831\">\u2714\ufe0f U\u017etikrina \u0161veln\u0173, bet veiksming\u0105 \u0161veitim\u0105<br data-start=\"1624\" data-end=\"1627\" \/>\u2714\ufe0f Skatina odos atsinaujinim\u0105 ir pagerina prie\u017ei\u016bros priemoni\u0173 \u012fsisavinim\u0105<br data-start=\"1701\" data-end=\"1704\" \/>\u2714\ufe0f Intensyviai dr\u0117kina ir maitina<br data-start=\"1737\" data-end=\"1740\" \/>\u2714\ufe0f Palieka od\u0105 lygi\u0105, \u0161velni\u0105 ir \u0161ilkin\u0119<br data-start=\"1780\" data-end=\"1783\" \/>\u2714\ufe0f Pagerina odos tekst\u016br\u0105 ir i\u0161lygina pavir\u0161i\u0173<\/p>\n","protected":false},"featured_media":63825,"template":"","meta":[],"pwb-brand":[704],"product_brand":[],"product_cat":[758,720],"product_tag":[],"giftcard-category":[],"class_list":{"0":"post-40887","1":"product","2":"type-product","3":"status-publish","4":"has-post-thumbnail","6":"pwb-brand-reviderm","7":"product_cat-kuno-prieziura","8":"product_cat-sveitikliai-ir-pilingai","10":"first","11":"instock","12":"taxable","13":"shipping-taxable","14":"purchasable","15":"product-type-simple"},"acf":[],"brands":[{"id":704,"name":"Reviderm","slug":"reviderm"}],"_links":{"self":[{"href":"https:\/\/skinstudio.ee\/lt\/wp-json\/wp\/v2\/product\/40887","targetHints":{"allow":["GET"]}}],"collection":[{"href":"https:\/\/skinstudio.ee\/lt\/wp-json\/wp\/v2\/product"}],"about":[{"href":"https:\/\/skinstudio.ee\/lt\/wp-json\/wp\/v2\/types\/product"}],"version-history":[{"count":1,"href":"https:\/\/skinstudio.ee\/lt\/wp-json\/wp\/v2\/product\/40887\/revisions"}],"predecessor-version":[{"id":73093,"href":"https:\/\/skinstudio.ee\/lt\/wp-json\/wp\/v2\/product\/40887\/revisions\/73093"}],"wp:featuredmedia":[{"embeddable":true,"href":"https:\/\/skinstudio.ee\/lt\/wp-json\/wp\/v2\/media\/63825"}],"wp:attachment":[{"href":"https:\/\/skinstudio.ee\/lt\/wp-json\/wp\/v2\/media?parent=40887"}],"wp:term":[{"taxonomy":"pwb-brand","embeddable":true,"href":"https:\/\/skinstudio.ee\/lt\/wp-json\/wp\/v2\/pwb-brand?post=40887"},{"taxonomy":"product_brand","embeddable":true,"href":"https:\/\/skinstudio.ee\/lt\/wp-json\/wp\/v2\/product_brand?post=40887"},{"taxonomy":"product_cat","embeddable":true,"href":"https:\/\/skinstudio.ee\/lt\/wp-json\/wp\/v2\/product_cat?post=40887"},{"taxonomy":"product_tag","embeddable":true,"href":"https:\/\/skinstudio.ee\/lt\/wp-json\/wp\/v2\/product_tag?post=40887"},{"taxonomy":"giftcard-category","embeddable":true,"href":"https:\/\/skinstudio.ee\/lt\/wp-json\/wp\/v2\/giftcard-category?post=40887"}],"curies":[{"name":"wp","href":"https:\/\/api.w.org\/{rel}","templated":true}]}}