{"id":40902,"date":"2025-08-01T17:35:33","date_gmt":"2025-08-01T17:35:33","guid":{"rendered":"https:\/\/skinstudio.ee\/?post_type=product&#038;p=40902"},"modified":"2026-01-21T13:57:29","modified_gmt":"2026-01-21T13:57:29","slug":"body-styler-lifting-spray","status":"publish","type":"product","link":"https:\/\/skinstudio.ee\/lt\/catalog\/reviderm\/body-styler-lifting-spray\/","title":{"rendered":"Body Styler Lifting Spray"},"content":{"rendered":"<p data-start=\"1151\" data-end=\"1548\">Trigubo liftingo kompleksas stiprina jungiamojo audinio kolageno skaidulas. Koncentratas veikia trim kryptimis: stiprina ry\u0161ius tarp skirting\u0173 odos sluoksni\u0173, gerina odos elastingum\u0105 ir stiprina jos strukt\u016br\u0105. Unikali pur\u0161kiamoji formul\u0117 l\u0117tina audini\u0173 glikacijos procesus ir padeda i\u0161laikyti odos stangrum\u0105 bei jaunatvi\u0161kum\u0105. Reguliariai naudojant, k\u016bno oda tampa pastebimai tvirtesn\u0117 ir lygesn\u0117.<\/p>\n<p data-start=\"1553\" data-end=\"1574\"><strong data-start=\"1553\" data-end=\"1563\">T\u016bris:<\/strong> <strong data-start=\"1564\" data-end=\"1574\">200 ml<\/strong><\/p>\n","protected":false},"excerpt":{"rendered":"<p data-start=\"1675\" data-end=\"1724\">Modeliuojantis ir stangrinantis k\u016bno pur\u0161kiklis<\/p>\n<h2 data-start=\"1729\" data-end=\"1775\"><strong data-start=\"1729\" data-end=\"1775\">Reviderm &#8211; Body Styler Lifting Spray savyb\u0117s<\/strong><\/h2>\n<p data-start=\"1777\" data-end=\"2040\">\u2714\ufe0f Gerina odos stangrum\u0105 ir elastingum\u0105<br data-start=\"1816\" data-end=\"1819\" \/>\u2714\ufe0f Skatina kolageno sintez\u0119 ir stiprina jungiam\u0105j\u012f audin\u012f<br data-start=\"1876\" data-end=\"1879\" \/>\u2714\ufe0f Ma\u017eina odos suglebim\u0105 ir lygina pavir\u0161i\u0173<br data-start=\"1922\" data-end=\"1925\" \/>\u2714\ufe0f Skatina mikrocirkuliacij\u0105 ir apr\u016bpina l\u0105steles deguonimi<br data-start=\"1984\" data-end=\"1987\" \/>\u2714\ufe0f Padaro od\u0105 tankesn\u0119, tolygesn\u0119 ir labiau \u012ftempt\u0105<\/p>\n","protected":false},"featured_media":63820,"template":"","meta":[],"pwb-brand":[704],"product_brand":[],"product_cat":[758,750],"product_tag":[],"giftcard-category":[],"class_list":{"0":"post-40902","1":"product","2":"type-product","3":"status-publish","4":"has-post-thumbnail","6":"pwb-brand-reviderm","7":"product_cat-kuno-prieziura","8":"product_cat-senstanti-oda","10":"first","11":"instock","12":"taxable","13":"shipping-taxable","14":"purchasable","15":"product-type-simple"},"acf":[],"brands":[{"id":704,"name":"Reviderm","slug":"reviderm"}],"_links":{"self":[{"href":"https:\/\/skinstudio.ee\/lt\/wp-json\/wp\/v2\/product\/40902","targetHints":{"allow":["GET"]}}],"collection":[{"href":"https:\/\/skinstudio.ee\/lt\/wp-json\/wp\/v2\/product"}],"about":[{"href":"https:\/\/skinstudio.ee\/lt\/wp-json\/wp\/v2\/types\/product"}],"version-history":[{"count":1,"href":"https:\/\/skinstudio.ee\/lt\/wp-json\/wp\/v2\/product\/40902\/revisions"}],"predecessor-version":[{"id":73092,"href":"https:\/\/skinstudio.ee\/lt\/wp-json\/wp\/v2\/product\/40902\/revisions\/73092"}],"wp:featuredmedia":[{"embeddable":true,"href":"https:\/\/skinstudio.ee\/lt\/wp-json\/wp\/v2\/media\/63820"}],"wp:attachment":[{"href":"https:\/\/skinstudio.ee\/lt\/wp-json\/wp\/v2\/media?parent=40902"}],"wp:term":[{"taxonomy":"pwb-brand","embeddable":true,"href":"https:\/\/skinstudio.ee\/lt\/wp-json\/wp\/v2\/pwb-brand?post=40902"},{"taxonomy":"product_brand","embeddable":true,"href":"https:\/\/skinstudio.ee\/lt\/wp-json\/wp\/v2\/product_brand?post=40902"},{"taxonomy":"product_cat","embeddable":true,"href":"https:\/\/skinstudio.ee\/lt\/wp-json\/wp\/v2\/product_cat?post=40902"},{"taxonomy":"product_tag","embeddable":true,"href":"https:\/\/skinstudio.ee\/lt\/wp-json\/wp\/v2\/product_tag?post=40902"},{"taxonomy":"giftcard-category","embeddable":true,"href":"https:\/\/skinstudio.ee\/lt\/wp-json\/wp\/v2\/giftcard-category?post=40902"}],"curies":[{"name":"wp","href":"https:\/\/api.w.org\/{rel}","templated":true}]}}