{"id":40923,"date":"2025-08-03T09:15:07","date_gmt":"2025-08-03T09:15:07","guid":{"rendered":"https:\/\/skinstudio.ee\/?post_type=product&#038;p=40923"},"modified":"2026-01-21T13:57:34","modified_gmt":"2026-01-21T13:57:34","slug":"skinneedler-kit","status":"publish","type":"product","link":"https:\/\/skinstudio.ee\/lt\/catalog\/reviderm\/skinneedler-kit\/","title":{"rendered":"SkinNeedler Kit"},"content":{"rendered":"<p>Mikroadatin\u0117 terapija yra viena veiksmingiausi\u0173 prie\u0161rauk\u0161lini\u0173 proced\u016br\u0173, suteikianti odai stangrumo ir akivaizdaus glotnumo. REVIDERM SkinNeedler Kit idealiai tinka prie\u017ei\u016brai po proced\u016bros.<br data-start=\"1205\" data-end=\"1208\" \/>V\u0117sinantys ir prie\u0161u\u017edegiminiai aktyvieji ingredientai padeda odai atsistatyti, suma\u017eina paraudim\u0105, kar\u0161\u010dio poj\u016bt\u012f ir tempim\u0105.<br data-start=\"1334\" data-end=\"1337\" \/>Inovatyvi apsauga nuo saul\u0117s su prie\u0161rauk\u0161liniu poveikiu saugo \u0161viesai jautri\u0105 od\u0105 vis\u0105 dien\u0105.<\/p>\n","protected":false},"excerpt":{"rendered":"<p><strong data-start=\"1759\" data-end=\"1777\">Rinkinyje yra:<\/strong><br data-start=\"1777\" data-end=\"1780\" \/>\u2714\ufe0f Instant Emergency, 15 ml<br data-start=\"1807\" data-end=\"1810\" \/>\u2714\ufe0f Repair &amp; Care, 15 ml<br data-start=\"1833\" data-end=\"1836\" \/>\u2714\ufe0f Sun Shield SPF 30, 15 ml<\/p>\n","protected":false},"featured_media":63815,"template":"","meta":[],"pwb-brand":[704],"product_brand":[],"product_cat":[756],"product_tag":[],"giftcard-category":[],"class_list":{"0":"post-40923","1":"product","2":"type-product","3":"status-publish","4":"has-post-thumbnail","6":"pwb-brand-reviderm","7":"product_cat-rinkinys","9":"first","10":"instock","11":"taxable","12":"shipping-taxable","13":"purchasable","14":"product-type-simple"},"acf":[],"brands":[{"id":704,"name":"Reviderm","slug":"reviderm"}],"_links":{"self":[{"href":"https:\/\/skinstudio.ee\/lt\/wp-json\/wp\/v2\/product\/40923","targetHints":{"allow":["GET"]}}],"collection":[{"href":"https:\/\/skinstudio.ee\/lt\/wp-json\/wp\/v2\/product"}],"about":[{"href":"https:\/\/skinstudio.ee\/lt\/wp-json\/wp\/v2\/types\/product"}],"version-history":[{"count":0,"href":"https:\/\/skinstudio.ee\/lt\/wp-json\/wp\/v2\/product\/40923\/revisions"}],"wp:featuredmedia":[{"embeddable":true,"href":"https:\/\/skinstudio.ee\/lt\/wp-json\/wp\/v2\/media\/63815"}],"wp:attachment":[{"href":"https:\/\/skinstudio.ee\/lt\/wp-json\/wp\/v2\/media?parent=40923"}],"wp:term":[{"taxonomy":"pwb-brand","embeddable":true,"href":"https:\/\/skinstudio.ee\/lt\/wp-json\/wp\/v2\/pwb-brand?post=40923"},{"taxonomy":"product_brand","embeddable":true,"href":"https:\/\/skinstudio.ee\/lt\/wp-json\/wp\/v2\/product_brand?post=40923"},{"taxonomy":"product_cat","embeddable":true,"href":"https:\/\/skinstudio.ee\/lt\/wp-json\/wp\/v2\/product_cat?post=40923"},{"taxonomy":"product_tag","embeddable":true,"href":"https:\/\/skinstudio.ee\/lt\/wp-json\/wp\/v2\/product_tag?post=40923"},{"taxonomy":"giftcard-category","embeddable":true,"href":"https:\/\/skinstudio.ee\/lt\/wp-json\/wp\/v2\/giftcard-category?post=40923"}],"curies":[{"name":"wp","href":"https:\/\/api.w.org\/{rel}","templated":true}]}}