{"id":40948,"date":"2025-08-03T09:27:47","date_gmt":"2025-08-03T09:27:47","guid":{"rendered":"https:\/\/skinstudio.ee\/?post_type=product&#038;p=40948"},"modified":"2026-01-21T13:57:32","modified_gmt":"2026-01-21T13:57:32","slug":"peeling-kit","status":"publish","type":"product","link":"https:\/\/skinstudio.ee\/lt\/catalog\/reviderm\/peeling-kit\/","title":{"rendered":"Peeling Kit"},"content":{"rendered":"<p data-start=\"1037\" data-end=\"1247\"><strong data-start=\"1037\" data-end=\"1058\">Instant Emergency<\/strong> | Raminamasis SOS koncentratas, suteikiantis odai komforto jausm\u0105. Mikrosidabras ir neurokosmetinis antistresinis ingredientas ma\u017eina nie\u017e\u0117jim\u0105, diskomfort\u0105 ir ilgai ramina sudirgusi\u0105 od\u0105.<\/p>\n<p data-start=\"1249\" data-end=\"1445\"><strong data-start=\"1249\" data-end=\"1272\">ArgiSyn\u00ae Decontract<\/strong> | Glotninantis auk\u0161t\u0173j\u0173 technologij\u0173 24 valand\u0173 kremas atpalaiduotoms ir stangrioms veido kont\u016broms. Special\u016bs peptidai stiprina kolageno tinkl\u0105 ir ma\u017eina mimikos rauk\u0161les.<\/p>\n<p data-start=\"1447\" data-end=\"1787\"><strong data-start=\"1447\" data-end=\"1464\">Sun Shield 30<\/strong> | Auk\u0161t\u0173j\u0173 technologij\u0173 odos prie\u017ei\u016bros priemon\u0117 jautriai odai su apsauga nuo \u0161viesos, infraraudon\u0173j\u0173 spinduli\u0173 ir kolageno praradimo (SPF 30). Inovatyvi formul\u0117 su plataus spektro UVA\/UVB filtrais, infraraudon\u0173j\u0173 spinduli\u0173 apsauga ir laisv\u0173j\u0173 radikal\u0173 neutralizavimu veiksmingai apsaugo od\u0105 nuo \u0161viesos sukelto pa\u017eeidimo.<\/p>\n","protected":false},"excerpt":{"rendered":"<p><strong data-start=\"1836\" data-end=\"1854\">Rinkinyje yra:<\/strong><br data-start=\"1854\" data-end=\"1857\" \/>\u2714\ufe0f Instant Emergency, 15 ml<br data-start=\"1884\" data-end=\"1887\" \/>\u2714\ufe0f ArgiSyn Decontract, 15 ml<br data-start=\"1915\" data-end=\"1918\" \/>\u2714\ufe0f Sun Shield SPF 30, 15 ml<\/p>\n","protected":false},"featured_media":63810,"template":"","meta":[],"pwb-brand":[704],"product_brand":[],"product_cat":[756],"product_tag":[],"giftcard-category":[],"class_list":{"0":"post-40948","1":"product","2":"type-product","3":"status-publish","4":"has-post-thumbnail","6":"pwb-brand-reviderm","7":"product_cat-rinkinys","9":"first","10":"instock","11":"taxable","12":"shipping-taxable","13":"purchasable","14":"product-type-simple"},"acf":[],"brands":[{"id":704,"name":"Reviderm","slug":"reviderm"}],"_links":{"self":[{"href":"https:\/\/skinstudio.ee\/lt\/wp-json\/wp\/v2\/product\/40948","targetHints":{"allow":["GET"]}}],"collection":[{"href":"https:\/\/skinstudio.ee\/lt\/wp-json\/wp\/v2\/product"}],"about":[{"href":"https:\/\/skinstudio.ee\/lt\/wp-json\/wp\/v2\/types\/product"}],"version-history":[{"count":0,"href":"https:\/\/skinstudio.ee\/lt\/wp-json\/wp\/v2\/product\/40948\/revisions"}],"wp:featuredmedia":[{"embeddable":true,"href":"https:\/\/skinstudio.ee\/lt\/wp-json\/wp\/v2\/media\/63810"}],"wp:attachment":[{"href":"https:\/\/skinstudio.ee\/lt\/wp-json\/wp\/v2\/media?parent=40948"}],"wp:term":[{"taxonomy":"pwb-brand","embeddable":true,"href":"https:\/\/skinstudio.ee\/lt\/wp-json\/wp\/v2\/pwb-brand?post=40948"},{"taxonomy":"product_brand","embeddable":true,"href":"https:\/\/skinstudio.ee\/lt\/wp-json\/wp\/v2\/product_brand?post=40948"},{"taxonomy":"product_cat","embeddable":true,"href":"https:\/\/skinstudio.ee\/lt\/wp-json\/wp\/v2\/product_cat?post=40948"},{"taxonomy":"product_tag","embeddable":true,"href":"https:\/\/skinstudio.ee\/lt\/wp-json\/wp\/v2\/product_tag?post=40948"},{"taxonomy":"giftcard-category","embeddable":true,"href":"https:\/\/skinstudio.ee\/lt\/wp-json\/wp\/v2\/giftcard-category?post=40948"}],"curies":[{"name":"wp","href":"https:\/\/api.w.org\/{rel}","templated":true}]}}