{"id":40982,"date":"2025-08-04T09:31:42","date_gmt":"2025-08-04T09:31:42","guid":{"rendered":"https:\/\/skinstudio.ee\/?post_type=product&#038;p=40982"},"modified":"2025-12-30T17:05:48","modified_gmt":"2025-12-30T17:05:48","slug":"red-orange-niacinamide-toner","status":"publish","type":"product","link":"https:\/\/skinstudio.ee\/lt\/catalog\/telse\/red-orange-niacinamide-toner\/","title":{"rendered":"Red Orange Niacinamide Toner"},"content":{"rendered":"<p data-start=\"1485\" data-end=\"1781\">Patirkite ry\u0161k\u0173 odos atspalvio pokyt\u012f su m\u016bs\u0173 pa\u017eangia \u0161viesinan\u010dia prie\u017ei\u016bra, skirta tamsios ir papilk\u0117jusios odos sulyginimui vos per 7 dienas. Unikali formul\u0117 sujungia \u0161varias T&#8217;else sudedam\u0105sias dalis, palaikan\u010dias sveik\u0105 odos balans\u0105, ir aktyvius ingredientus geriausiam rezultatui pasiekti.<\/p>\n<p data-start=\"1783\" data-end=\"2081\">D\u0117l sinerginio vitamin\u0173 gausi\u0173 raudon\u0173j\u0173 apelsin\u0173 ir 2\u202f% niacinamido poveikio \u0161is tonikas veiksmingai veikia tiek gelsv\u0105, tiek tams\u0173 odos atspalv\u012f, suteikdamas intensyv\u0173 \u0161viesinam\u0105j\u012f efekt\u0105. Matomas odos \u0161viesumo ir skaidrumo pager\u0117jimas, nes subalansuota formul\u0117 sustiprina nat\u016bral\u0173 odos spindes\u012f.<\/p>\n<p data-start=\"2083\" data-end=\"2336\">M\u0117gaukit\u0117s toniko vandens pagrindu teikiamu gaivinimu ir dr\u0117kinimu \u2014 kruop\u0161\u010diai i\u0161tirtas, tinkamas net jautriai odai. Pasitik\u0117kite produktu, kuris ne tik \u017eada, bet ir suteikia matomus rezultatus \u2014 su patvirtintu saugumu ir baigtu odos sudirginimo testu.<\/p>\n<p data-start=\"2341\" data-end=\"2362\"><strong data-start=\"2341\" data-end=\"2351\">T\u016bris:<\/strong> <strong data-start=\"2352\" data-end=\"2362\">150 ml<\/strong><\/p>\n","protected":false},"excerpt":{"rendered":"<p data-start=\"2473\" data-end=\"2528\">\u0160viesinamasis tonikas su raudon\u0173j\u0173 apelsin\u0173 ekstraktu<\/p>\n<h2 data-start=\"2533\" data-end=\"2581\"><strong data-start=\"2533\" data-end=\"2581\">T&#8217;else &#8211; Red Orange Niacinamide Toner savyb\u0117s<\/strong><\/h2>\n<p data-start=\"2583\" data-end=\"2838\">\u2714\ufe0f \u0160viesina papilk\u0117jusi\u0105 ir patams\u0117jusi\u0105 od\u0105<br data-start=\"2627\" data-end=\"2630\" \/>\u2714\ufe0f Sulygina odos atspalv\u012f ir suteikia \u0161vyt\u0117jimo<br data-start=\"2677\" data-end=\"2680\" \/>\u2714\ufe0f Sud\u0117tyje yra 2\u202f% niacinamido pigmentacijai ma\u017einti<br data-start=\"2733\" data-end=\"2736\" \/>\u2714\ufe0f Praturtina od\u0105 vitaminais ir antioksidantais<br data-start=\"2783\" data-end=\"2786\" \/>\u2714\ufe0f Dr\u0117kina ir gaivina nepalikdamas lipnumo poj\u016b\u010dio<\/p>\n","protected":false},"featured_media":40971,"template":"","meta":[],"pwb-brand":[709],"product_brand":[],"product_cat":[752,750,722],"product_tag":[],"giftcard-category":[],"class_list":{"0":"post-40982","1":"product","2":"type-product","3":"status-publish","4":"has-post-thumbnail","6":"pwb-brand-telse","7":"product_cat-pigmentacija-lt","8":"product_cat-senstanti-oda","9":"product_cat-toneriai","11":"first","12":"instock","13":"taxable","14":"shipping-taxable","15":"purchasable","16":"product-type-simple"},"acf":[],"brands":[{"id":709,"name":"T'else","slug":"telse"}],"_links":{"self":[{"href":"https:\/\/skinstudio.ee\/lt\/wp-json\/wp\/v2\/product\/40982","targetHints":{"allow":["GET"]}}],"collection":[{"href":"https:\/\/skinstudio.ee\/lt\/wp-json\/wp\/v2\/product"}],"about":[{"href":"https:\/\/skinstudio.ee\/lt\/wp-json\/wp\/v2\/types\/product"}],"version-history":[{"count":0,"href":"https:\/\/skinstudio.ee\/lt\/wp-json\/wp\/v2\/product\/40982\/revisions"}],"wp:featuredmedia":[{"embeddable":true,"href":"https:\/\/skinstudio.ee\/lt\/wp-json\/wp\/v2\/media\/40971"}],"wp:attachment":[{"href":"https:\/\/skinstudio.ee\/lt\/wp-json\/wp\/v2\/media?parent=40982"}],"wp:term":[{"taxonomy":"pwb-brand","embeddable":true,"href":"https:\/\/skinstudio.ee\/lt\/wp-json\/wp\/v2\/pwb-brand?post=40982"},{"taxonomy":"product_brand","embeddable":true,"href":"https:\/\/skinstudio.ee\/lt\/wp-json\/wp\/v2\/product_brand?post=40982"},{"taxonomy":"product_cat","embeddable":true,"href":"https:\/\/skinstudio.ee\/lt\/wp-json\/wp\/v2\/product_cat?post=40982"},{"taxonomy":"product_tag","embeddable":true,"href":"https:\/\/skinstudio.ee\/lt\/wp-json\/wp\/v2\/product_tag?post=40982"},{"taxonomy":"giftcard-category","embeddable":true,"href":"https:\/\/skinstudio.ee\/lt\/wp-json\/wp\/v2\/giftcard-category?post=40982"}],"curies":[{"name":"wp","href":"https:\/\/api.w.org\/{rel}","templated":true}]}}