{"id":40997,"date":"2025-08-04T09:45:56","date_gmt":"2025-08-04T09:45:56","guid":{"rendered":"https:\/\/skinstudio.ee\/?post_type=product&#038;p=40997"},"modified":"2025-12-30T17:05:48","modified_gmt":"2025-12-30T17:05:48","slug":"red-orange-niacinamide-serum","status":"publish","type":"product","link":"https:\/\/skinstudio.ee\/lt\/catalog\/telse\/red-orange-niacinamide-serum\/","title":{"rendered":"Red Orange Niacinamide Serum"},"content":{"rendered":"<p data-start=\"1241\" data-end=\"1513\">\u0160viesinamasis serumas su 5\u202f% niacinamido ir raudon\u0173j\u0173 apelsin\u0173 ekstraktu pastebimai ma\u017eina pigmentacij\u0105 ir tolygina odos atspalv\u012f vos per 7 dienas. \u0160velniai pa\u0161alina negyvas l\u0105steles, glotnina tekst\u016br\u0105, ma\u017eina pilkum\u0105 ir suteikia \u0161vyt\u0117jimo. Intensyviai dr\u0117kina ir gaivina.<\/p>\n<p data-start=\"1515\" data-end=\"1702\">Formul\u0117 suteikia stipri\u0105 antioksidacin\u0119 apsaug\u0105, saugo odos l\u0105steles nuo laisv\u0173j\u0173 radikal\u0173 pa\u017eeidim\u0173 ir l\u0117tina sen\u0117jimo po\u017eymius. Mink\u0161tina \u0161iurk\u0161\u010dias vietas, oda tampa \u0161velni ir \u0161ilkin\u0117.<\/p>\n<p data-start=\"1704\" data-end=\"1833\">Lengva gelio tekst\u016bra greitai susigeria, nepalieka lipnumo ar riebumo poj\u016b\u010dio. Akimirksniu suteikia gaivumo ir nat\u016bral\u0173 spindes\u012f.<\/p>\n<p data-start=\"1838\" data-end=\"1858\"><strong data-start=\"1838\" data-end=\"1848\">T\u016bris:<\/strong> <strong data-start=\"1849\" data-end=\"1858\">30 ml<\/strong><\/p>\n","protected":false},"excerpt":{"rendered":"<p data-start=\"1941\" data-end=\"1964\">\u0160viesinamasis serumas<\/p>\n<h2 data-start=\"1969\" data-end=\"2017\"><strong data-start=\"1969\" data-end=\"2017\">T&#8217;else &#8211; Red Orange Niacinamide Serum savyb\u0117s<\/strong><\/h2>\n<p data-start=\"2019\" data-end=\"2289\">\u2714\ufe0f Pastebimai \u0161viesina papilk\u0117jusi\u0105 ir netolygios spalvos od\u0105<br data-start=\"2080\" data-end=\"2083\" \/>\u2714\ufe0f Sud\u0117tyje yra 5\u202f% niacinamido pigmentacijai ma\u017einti<br data-start=\"2136\" data-end=\"2139\" \/>\u2714\ufe0f Praturtina od\u0105 vitaminais ir antioksidantais<br data-start=\"2186\" data-end=\"2189\" \/>\u2714\ufe0f Glotnina tekst\u016br\u0105 ir lygina atspalv\u012f<br data-start=\"2228\" data-end=\"2231\" \/>\u2714\ufe0f Lengvos gelin\u0117s tekst\u016bros, greitai susigeria, nelimpa<\/p>\n","protected":false},"featured_media":40989,"template":"","meta":[],"pwb-brand":[709],"product_brand":[],"product_cat":[752,750,724],"product_tag":[],"giftcard-category":[],"class_list":{"0":"post-40997","1":"product","2":"type-product","3":"status-publish","4":"has-post-thumbnail","6":"pwb-brand-telse","7":"product_cat-pigmentacija-lt","8":"product_cat-senstanti-oda","9":"product_cat-serumai","11":"first","12":"instock","13":"taxable","14":"shipping-taxable","15":"purchasable","16":"product-type-simple"},"acf":[],"brands":[{"id":709,"name":"T'else","slug":"telse"}],"_links":{"self":[{"href":"https:\/\/skinstudio.ee\/lt\/wp-json\/wp\/v2\/product\/40997","targetHints":{"allow":["GET"]}}],"collection":[{"href":"https:\/\/skinstudio.ee\/lt\/wp-json\/wp\/v2\/product"}],"about":[{"href":"https:\/\/skinstudio.ee\/lt\/wp-json\/wp\/v2\/types\/product"}],"version-history":[{"count":0,"href":"https:\/\/skinstudio.ee\/lt\/wp-json\/wp\/v2\/product\/40997\/revisions"}],"wp:featuredmedia":[{"embeddable":true,"href":"https:\/\/skinstudio.ee\/lt\/wp-json\/wp\/v2\/media\/40989"}],"wp:attachment":[{"href":"https:\/\/skinstudio.ee\/lt\/wp-json\/wp\/v2\/media?parent=40997"}],"wp:term":[{"taxonomy":"pwb-brand","embeddable":true,"href":"https:\/\/skinstudio.ee\/lt\/wp-json\/wp\/v2\/pwb-brand?post=40997"},{"taxonomy":"product_brand","embeddable":true,"href":"https:\/\/skinstudio.ee\/lt\/wp-json\/wp\/v2\/product_brand?post=40997"},{"taxonomy":"product_cat","embeddable":true,"href":"https:\/\/skinstudio.ee\/lt\/wp-json\/wp\/v2\/product_cat?post=40997"},{"taxonomy":"product_tag","embeddable":true,"href":"https:\/\/skinstudio.ee\/lt\/wp-json\/wp\/v2\/product_tag?post=40997"},{"taxonomy":"giftcard-category","embeddable":true,"href":"https:\/\/skinstudio.ee\/lt\/wp-json\/wp\/v2\/giftcard-category?post=40997"}],"curies":[{"name":"wp","href":"https:\/\/api.w.org\/{rel}","templated":true}]}}