{"id":41014,"date":"2025-08-04T10:07:32","date_gmt":"2025-08-04T10:07:32","guid":{"rendered":"https:\/\/skinstudio.ee\/?post_type=product&#038;p=41014"},"modified":"2025-12-30T17:05:48","modified_gmt":"2025-12-30T17:05:48","slug":"red-orange-niacinamide-blemish-pads","status":"publish","type":"product","link":"https:\/\/skinstudio.ee\/lt\/catalog\/telse\/red-orange-niacinamide-blemish-pads\/","title":{"rendered":"Red Orange Niacinamide Blemish Pads"},"content":{"rendered":"<p data-start=\"1351\" data-end=\"1617\">\u0160viesinantys diskai su vitaminu C ir 2\u202f% niacinamido \u0161velniai pa\u0161alina negyvas odos l\u0105steles, glotnina mikroreljef\u0105 ir mink\u0161tina \u0161iurk\u0161\u010dias vietas. Efektyviai ma\u017eina pigmentacij\u0105, papilk\u0117jim\u0105 ir netolyg\u0173 atspalv\u012f, pagerina odos spalv\u0105 ir suteikia nat\u016bral\u0173 \u0161vyt\u0117jim\u0105.<\/p>\n<p data-start=\"1619\" data-end=\"1829\">Produktas suteikia stipri\u0105 antioksidacin\u0119 apsaug\u0105, saugo od\u0105 nuo \u017ealing\u0173 aplinkos veiksni\u0173 ir UV spinduli\u0173, padeda i\u0161vengti prie\u0161laikinio sen\u0117jimo, intensyviai dr\u0117kina ir tonizuoja, oda tampa \u0161velni ir \u0161ilkin\u0117.<\/p>\n<p data-start=\"1831\" data-end=\"2037\">Diskai prisotinti 99\u202f% gryno vitamino C, tod\u0117l suteikia greit\u0105 ir intensyv\u0173 \u0161viesinant\u012f poveik\u012f. Perforacija leid\u017eia disk\u0105 padalinti per pus\u0119, kad jis geriau priglust\u0173 prie problemini\u0173 viet\u0173 kaip SOS kauk\u0117.<\/p>\n<p data-start=\"2042\" data-end=\"2065\"><strong data-start=\"2042\" data-end=\"2052\">T\u016bris:<\/strong> <strong data-start=\"2053\" data-end=\"2065\">60 disk\u0173<\/strong><\/p>\n","protected":false},"excerpt":{"rendered":"<p data-start=\"2114\" data-end=\"2150\">\u0160viesinantys diskai su niacinamidu<\/p>\n<h2 data-start=\"2155\" data-end=\"2210\"><strong data-start=\"2155\" data-end=\"2210\">T&#8217;else &#8211; Red Orange Niacinamide Blemish Pads savyb\u0117s<\/strong><\/h2>\n<p data-start=\"2212\" data-end=\"2480\">\u2714\ufe0f \u0160viesina pigmentacij\u0105 ir sulygina odos atspalv\u012f<br data-start=\"2262\" data-end=\"2265\" \/>\u2714\ufe0f Sud\u0117tyje yra 2\u202f% niacinamido spindesiui ir tolygiai spalvai<br data-start=\"2327\" data-end=\"2330\" \/>\u2714\ufe0f Praturtinti raudon\u0173j\u0173 apelsin\u0173 ekstrakto vitaminais<br data-start=\"2384\" data-end=\"2387\" \/>\u2714\ufe0f \u0160velniai eksfoliuoja ir gerina odos tekst\u016br\u0105<br data-start=\"2434\" data-end=\"2437\" \/>\u2714\ufe0f Dr\u0117kina ir gaivina nepalikdami lipnumo<\/p>\n","protected":false},"featured_media":65483,"template":"","meta":[],"pwb-brand":[709],"product_brand":[],"product_cat":[752,750,720],"product_tag":[],"giftcard-category":[],"class_list":{"0":"post-41014","1":"product","2":"type-product","3":"status-publish","4":"has-post-thumbnail","6":"pwb-brand-telse","7":"product_cat-pigmentacija-lt","8":"product_cat-senstanti-oda","9":"product_cat-sveitikliai-ir-pilingai","11":"first","12":"instock","13":"taxable","14":"shipping-taxable","15":"purchasable","16":"product-type-simple"},"acf":[],"brands":[{"id":709,"name":"T'else","slug":"telse"}],"_links":{"self":[{"href":"https:\/\/skinstudio.ee\/lt\/wp-json\/wp\/v2\/product\/41014","targetHints":{"allow":["GET"]}}],"collection":[{"href":"https:\/\/skinstudio.ee\/lt\/wp-json\/wp\/v2\/product"}],"about":[{"href":"https:\/\/skinstudio.ee\/lt\/wp-json\/wp\/v2\/types\/product"}],"version-history":[{"count":0,"href":"https:\/\/skinstudio.ee\/lt\/wp-json\/wp\/v2\/product\/41014\/revisions"}],"wp:featuredmedia":[{"embeddable":true,"href":"https:\/\/skinstudio.ee\/lt\/wp-json\/wp\/v2\/media\/65483"}],"wp:attachment":[{"href":"https:\/\/skinstudio.ee\/lt\/wp-json\/wp\/v2\/media?parent=41014"}],"wp:term":[{"taxonomy":"pwb-brand","embeddable":true,"href":"https:\/\/skinstudio.ee\/lt\/wp-json\/wp\/v2\/pwb-brand?post=41014"},{"taxonomy":"product_brand","embeddable":true,"href":"https:\/\/skinstudio.ee\/lt\/wp-json\/wp\/v2\/product_brand?post=41014"},{"taxonomy":"product_cat","embeddable":true,"href":"https:\/\/skinstudio.ee\/lt\/wp-json\/wp\/v2\/product_cat?post=41014"},{"taxonomy":"product_tag","embeddable":true,"href":"https:\/\/skinstudio.ee\/lt\/wp-json\/wp\/v2\/product_tag?post=41014"},{"taxonomy":"giftcard-category","embeddable":true,"href":"https:\/\/skinstudio.ee\/lt\/wp-json\/wp\/v2\/giftcard-category?post=41014"}],"curies":[{"name":"wp","href":"https:\/\/api.w.org\/{rel}","templated":true}]}}