{"id":41097,"date":"2025-08-04T12:23:23","date_gmt":"2025-08-04T12:23:23","guid":{"rendered":"https:\/\/skinstudio.ee\/?post_type=product&#038;p=41097"},"modified":"2025-12-30T17:05:48","modified_gmt":"2025-12-30T17:05:48","slug":"blue-agave-hyaluronic-acid-cream","status":"publish","type":"product","link":"https:\/\/skinstudio.ee\/lt\/catalog\/telse\/blue-agave-hyaluronic-acid-cream\/","title":{"rendered":"Blue Agave Hyaluronic Acid Cream"},"content":{"rendered":"<p data-start=\"1038\" data-end=\"1335\">Blue Agave Hyaluronic Acid Cream &#8211; dr\u0117kinamasis kremas su hialurono r\u016bg\u0161timi ir m\u0117lynosios agavos ekstraktu giliai dr\u0117kina od\u0105, pa\u0161alina sausum\u0105 ir tempimo poj\u016bt\u012f, akimirksniu atkuria komfort\u0105 ir \u0161velnum\u0105. Skirtingos molekulin\u0117s mas\u0117s hialurono r\u016bg\u0161tis padeda i\u0161laikyti dr\u0117gm\u0119 odoje, suteikdama jai glotnumo, stangrumo ir \u0161vyt\u0117jimo.<\/p>\n<p data-start=\"1337\" data-end=\"1597\">M\u0117lynosios agavos ekstraktas sustiprina dr\u0117kinam\u0105j\u012f poveik\u012f, gaivina od\u0105, suteikia antioksidacin\u0119 apsaug\u0105 ir pagerina veido spalv\u0105. Lengva tekst\u016bra greitai susigeria, nepalikdama riebaus blizgesio ar lipnumo. Tinka kasdieniam naudojimui, \u012fskaitant jautri\u0105 od\u0105.<\/p>\n<p data-start=\"1602\" data-end=\"1618\"><strong data-start=\"1602\" data-end=\"1618\">T\u016bris: 50 ml<\/strong><\/p>\n","protected":false},"excerpt":{"rendered":"<p data-start=\"1750\" data-end=\"1787\">Dr\u0117kinamasis kremas su m\u0117lyn\u0105ja agava<\/p>\n<h2 data-start=\"1789\" data-end=\"2005\"><strong data-start=\"1789\" data-end=\"1841\">T&#8217;else Blue Agave Hyaluronic Acid Cream savyb\u0117s<\/strong><\/h2>\n<p data-start=\"1789\" data-end=\"2005\">\u2714\ufe0f Giliai dr\u0117kina ir pa\u0161alina sausum\u0105<br data-start=\"1881\" data-end=\"1884\" \/>\u2714\ufe0f Atkuria odos komfort\u0105 ir \u0161velnum\u0105<br data-start=\"1920\" data-end=\"1923\" \/>\u2714\ufe0f Pagerina elastingum\u0105 ir suteikia \u0161vyt\u0117jimo<br data-start=\"1968\" data-end=\"1971\" \/>\u2714\ufe0f Suteikia antioksidacin\u0119 apsaug\u0105<\/p>\n","protected":false},"featured_media":65478,"template":"","meta":[],"pwb-brand":[709],"product_brand":[],"product_cat":[738,746,750],"product_tag":[],"giftcard-category":[],"class_list":{"0":"post-41097","1":"product","2":"type-product","3":"status-publish","4":"has-post-thumbnail","6":"pwb-brand-telse","7":"product_cat-drekinimas","8":"product_cat-jautriai-odai","9":"product_cat-senstanti-oda","11":"first","12":"instock","13":"taxable","14":"shipping-taxable","15":"purchasable","16":"product-type-simple"},"acf":[],"brands":[{"id":709,"name":"T'else","slug":"telse"}],"_links":{"self":[{"href":"https:\/\/skinstudio.ee\/lt\/wp-json\/wp\/v2\/product\/41097","targetHints":{"allow":["GET"]}}],"collection":[{"href":"https:\/\/skinstudio.ee\/lt\/wp-json\/wp\/v2\/product"}],"about":[{"href":"https:\/\/skinstudio.ee\/lt\/wp-json\/wp\/v2\/types\/product"}],"version-history":[{"count":0,"href":"https:\/\/skinstudio.ee\/lt\/wp-json\/wp\/v2\/product\/41097\/revisions"}],"wp:featuredmedia":[{"embeddable":true,"href":"https:\/\/skinstudio.ee\/lt\/wp-json\/wp\/v2\/media\/65478"}],"wp:attachment":[{"href":"https:\/\/skinstudio.ee\/lt\/wp-json\/wp\/v2\/media?parent=41097"}],"wp:term":[{"taxonomy":"pwb-brand","embeddable":true,"href":"https:\/\/skinstudio.ee\/lt\/wp-json\/wp\/v2\/pwb-brand?post=41097"},{"taxonomy":"product_brand","embeddable":true,"href":"https:\/\/skinstudio.ee\/lt\/wp-json\/wp\/v2\/product_brand?post=41097"},{"taxonomy":"product_cat","embeddable":true,"href":"https:\/\/skinstudio.ee\/lt\/wp-json\/wp\/v2\/product_cat?post=41097"},{"taxonomy":"product_tag","embeddable":true,"href":"https:\/\/skinstudio.ee\/lt\/wp-json\/wp\/v2\/product_tag?post=41097"},{"taxonomy":"giftcard-category","embeddable":true,"href":"https:\/\/skinstudio.ee\/lt\/wp-json\/wp\/v2\/giftcard-category?post=41097"}],"curies":[{"name":"wp","href":"https:\/\/api.w.org\/{rel}","templated":true}]}}