{"id":41114,"date":"2025-08-04T12:33:31","date_gmt":"2025-08-04T12:33:31","guid":{"rendered":"https:\/\/skinstudio.ee\/?post_type=product&#038;p=41114"},"modified":"2025-12-30T17:05:48","modified_gmt":"2025-12-30T17:05:48","slug":"blue-agave-hyaluronic-acid-sheet-mask","status":"publish","type":"product","link":"https:\/\/skinstudio.ee\/lt\/catalog\/telse\/blue-agave-hyaluronic-acid-sheet-mask\/","title":{"rendered":"Blue Agave Hyaluronic Acid Sheet Mask"},"content":{"rendered":"<p data-start=\"1575\" data-end=\"1867\">Intensyviai dr\u0117kinanti kauk\u0117 su hialurono r\u016bg\u0161timi ir m\u0117lynosios agavos ekstraktu akimirksniu pa\u0161alina sausum\u0105 ir tempimo poj\u016bt\u012f, suteikia odai gaivumo ir sveiko \u0161vyt\u0117jimo. Daugiapakop\u0117 dr\u0117kinimo sistema atkuria optimal\u0173 odos dr\u0117gm\u0117s balans\u0105 ir padeda i\u0161vengti dehidratacijos net streso metu.<\/p>\n<p data-start=\"1869\" data-end=\"2172\">M\u0117lynosios agavos ekstraktas stiprina antioksidacin\u0119 apsaug\u0105, gerina odos spalv\u0105 ir didina tonus\u0105. \u012evairios molekulin\u0117s mas\u0117s hialurono r\u016bg\u0161tis giliai \u012fsiskverbia \u012f od\u0105, gausiai j\u0105 dr\u0117kina ir padeda i\u0161laikyti dr\u0117gm\u0119. Kauk\u0117 veikia kaip greitoji pagalba \u2014 po naudojimo oda tampa \u0161velni, lygi ir elastinga.<\/p>\n<p data-start=\"2174\" data-end=\"2320\">Tinka vis\u0173 tip\u0173 odai, \u012fskaitant jautri\u0105. Idealiai tinka kaip greito poveikio prie\u017ei\u016bra prie\u0161 svarbius \u012fvykius arba esant dehidratacijos po\u017eymiams.<\/p>\n<p data-start=\"2325\" data-end=\"2351\"><strong data-start=\"2325\" data-end=\"2335\">T\u016bris:<\/strong> 1 kauk\u0117 (25 ml)<\/p>\n<p data-start=\"2356\" data-end=\"2592\">\n","protected":false},"excerpt":{"rendered":"<p data-start=\"2597\" data-end=\"2641\">Dr\u0117kinamoji kauk\u0117 intensyviam odos atk\u016brimui<\/p>\n<h2 data-start=\"2646\" data-end=\"2942\"><strong data-start=\"2646\" data-end=\"2703\">T&#8217;else &#8211; Blue Agave Hyaluronic Acid Sheet Mask savyb\u0117s<\/strong><\/h2>\n<p data-start=\"2646\" data-end=\"2942\">\u2714\ufe0f Giliai dr\u0117kina od\u0105 ir pa\u0161alina sausum\u0105<br data-start=\"2747\" data-end=\"2750\" \/>\u2714\ufe0f Atgaivina, atkuria ir suteikia \u0161vyt\u0117jimo<br data-start=\"2793\" data-end=\"2796\" \/>\u2714\ufe0f Stiprina odos barjerin\u0119 funkcij\u0105 ir gerina elastingum\u0105<br data-start=\"2853\" data-end=\"2856\" \/>\u2714\ufe0f Suteikia antioksidacin\u0119 apsaug\u0105<br data-start=\"2890\" data-end=\"2893\" \/>\u2714\ufe0f Greitai atkuria od\u0105 ir pagerina jos atspalv\u012f<\/p>\n","protected":false},"featured_media":41104,"template":"","meta":[],"pwb-brand":[709],"product_brand":[],"product_cat":[726],"product_tag":[],"giftcard-category":[],"class_list":{"0":"post-41114","1":"product","2":"type-product","3":"status-publish","4":"has-post-thumbnail","6":"pwb-brand-telse","7":"product_cat-maskas","9":"first","10":"instock","11":"taxable","12":"shipping-taxable","13":"purchasable","14":"product-type-simple"},"acf":[],"brands":[{"id":709,"name":"T'else","slug":"telse"}],"_links":{"self":[{"href":"https:\/\/skinstudio.ee\/lt\/wp-json\/wp\/v2\/product\/41114","targetHints":{"allow":["GET"]}}],"collection":[{"href":"https:\/\/skinstudio.ee\/lt\/wp-json\/wp\/v2\/product"}],"about":[{"href":"https:\/\/skinstudio.ee\/lt\/wp-json\/wp\/v2\/types\/product"}],"version-history":[{"count":0,"href":"https:\/\/skinstudio.ee\/lt\/wp-json\/wp\/v2\/product\/41114\/revisions"}],"wp:featuredmedia":[{"embeddable":true,"href":"https:\/\/skinstudio.ee\/lt\/wp-json\/wp\/v2\/media\/41104"}],"wp:attachment":[{"href":"https:\/\/skinstudio.ee\/lt\/wp-json\/wp\/v2\/media?parent=41114"}],"wp:term":[{"taxonomy":"pwb-brand","embeddable":true,"href":"https:\/\/skinstudio.ee\/lt\/wp-json\/wp\/v2\/pwb-brand?post=41114"},{"taxonomy":"product_brand","embeddable":true,"href":"https:\/\/skinstudio.ee\/lt\/wp-json\/wp\/v2\/product_brand?post=41114"},{"taxonomy":"product_cat","embeddable":true,"href":"https:\/\/skinstudio.ee\/lt\/wp-json\/wp\/v2\/product_cat?post=41114"},{"taxonomy":"product_tag","embeddable":true,"href":"https:\/\/skinstudio.ee\/lt\/wp-json\/wp\/v2\/product_tag?post=41114"},{"taxonomy":"giftcard-category","embeddable":true,"href":"https:\/\/skinstudio.ee\/lt\/wp-json\/wp\/v2\/giftcard-category?post=41114"}],"curies":[{"name":"wp","href":"https:\/\/api.w.org\/{rel}","templated":true}]}}