{"id":41172,"date":"2025-08-04T13:04:15","date_gmt":"2025-08-04T13:04:15","guid":{"rendered":"https:\/\/skinstudio.ee\/?post_type=product&#038;p=41172"},"modified":"2026-01-19T15:20:22","modified_gmt":"2026-01-19T15:20:22","slug":"top-to-toe-wash","status":"publish","type":"product","link":"https:\/\/skinstudio.ee\/lt\/catalog\/atopalm\/top-to-toe-wash\/","title":{"rendered":"Top to Toe Wash"},"content":{"rendered":"<p data-start=\"1356\" data-end=\"1869\">Universali k\u016bno ir plauk\u0173 valymo priemon\u0117 sukurta specialiai vaik\u0173 plonai, riebiai ir jautriai odai. \u0160velnios, sald\u017ei\u0173 migdol\u0173 aliejumi gautos pavir\u0161inio aktyvumo med\u017eiagos efektyviai pa\u0161alina ne\u0161varumus, neprarandant odos nat\u016bralaus balanso.<br data-start=\"1614\" data-end=\"1617\" \/>MLE\u00ae technologija ir patentuotas Ceramide\u20119S\u2122 stiprina apsaugin\u012f odos sluoksn\u012f ir saugo dr\u0117gm\u0119 jau valymo metu. Sud\u0117tyje neturi paraben\u0173, sulfat\u0173, mineralinio aliejaus, da\u017eikli\u0173 ir alkoholio \u2014 saugi naudoti nuo gimimo, kaip \u0161amp\u016bnas ar k\u016bno prausiklis.<\/p>\n<p data-start=\"1871\" data-end=\"1888\"><strong data-start=\"1871\" data-end=\"1881\">T\u016bris:<\/strong> 300 ml<\/p>\n","protected":false},"excerpt":{"rendered":"<p data-start=\"2142\" data-end=\"2232\">Ypa\u010d \u0161velnus prausiklis k\u016bnui ir plaukams jautriai, probleminei odai<\/p>\n<h2 data-start=\"2234\" data-end=\"2510\"><strong data-start=\"2234\" data-end=\"2269\">Atopalm Top to Toe Wash savyb\u0117s<\/strong><\/h2>\n<p data-start=\"2234\" data-end=\"2510\">\u2714\ufe0f \u0160velniai valo od\u0105 ir plaukus be i\u0161saus\u0117jimo<br data-start=\"2318\" data-end=\"2321\" \/>\u2714\ufe0f Tinka naujagimiams ir jautriai odai<br data-start=\"2359\" data-end=\"2362\" \/>\u2714\ufe0f Stiprina odos apsaugin\u012f sluoksn\u012f ir ma\u017eina dr\u0117gm\u0117s netekim\u0105<br data-start=\"2424\" data-end=\"2427\" \/>\u2714\ufe0f Nesukelia dirginimo ar a\u0161arojimo<br data-start=\"2462\" data-end=\"2465\" \/>\u2714\ufe0f Be agresyvi\u0173 pried\u0173 ir kvapi\u0173j\u0173 med\u017eiag\u0173<\/p>\n","protected":false},"featured_media":65550,"template":"","meta":[],"pwb-brand":[702],"product_brand":[],"product_cat":[758,763,1192],"product_tag":[],"giftcard-category":[],"class_list":{"0":"post-41172","1":"product","2":"type-product","3":"status-publish","4":"has-post-thumbnail","6":"pwb-brand-atopalm","7":"product_cat-kuno-prieziura","8":"product_cat-plauku-prieziura","9":"product_cat-vaikams","11":"first","12":"instock","13":"taxable","14":"shipping-taxable","15":"purchasable","16":"product-type-simple"},"acf":[],"brands":[{"id":702,"name":"Atopalm","slug":"atopalm"}],"_links":{"self":[{"href":"https:\/\/skinstudio.ee\/lt\/wp-json\/wp\/v2\/product\/41172","targetHints":{"allow":["GET"]}}],"collection":[{"href":"https:\/\/skinstudio.ee\/lt\/wp-json\/wp\/v2\/product"}],"about":[{"href":"https:\/\/skinstudio.ee\/lt\/wp-json\/wp\/v2\/types\/product"}],"version-history":[{"count":0,"href":"https:\/\/skinstudio.ee\/lt\/wp-json\/wp\/v2\/product\/41172\/revisions"}],"wp:featuredmedia":[{"embeddable":true,"href":"https:\/\/skinstudio.ee\/lt\/wp-json\/wp\/v2\/media\/65550"}],"wp:attachment":[{"href":"https:\/\/skinstudio.ee\/lt\/wp-json\/wp\/v2\/media?parent=41172"}],"wp:term":[{"taxonomy":"pwb-brand","embeddable":true,"href":"https:\/\/skinstudio.ee\/lt\/wp-json\/wp\/v2\/pwb-brand?post=41172"},{"taxonomy":"product_brand","embeddable":true,"href":"https:\/\/skinstudio.ee\/lt\/wp-json\/wp\/v2\/product_brand?post=41172"},{"taxonomy":"product_cat","embeddable":true,"href":"https:\/\/skinstudio.ee\/lt\/wp-json\/wp\/v2\/product_cat?post=41172"},{"taxonomy":"product_tag","embeddable":true,"href":"https:\/\/skinstudio.ee\/lt\/wp-json\/wp\/v2\/product_tag?post=41172"},{"taxonomy":"giftcard-category","embeddable":true,"href":"https:\/\/skinstudio.ee\/lt\/wp-json\/wp\/v2\/giftcard-category?post=41172"}],"curies":[{"name":"wp","href":"https:\/\/api.w.org\/{rel}","templated":true}]}}