{"id":41188,"date":"2025-08-04T13:38:07","date_gmt":"2025-08-04T13:38:07","guid":{"rendered":"https:\/\/skinstudio.ee\/?post_type=product&#038;p=41188"},"modified":"2026-01-19T15:20:22","modified_gmt":"2026-01-19T15:20:22","slug":"mild-shampoo","status":"publish","type":"product","link":"https:\/\/skinstudio.ee\/lt\/catalog\/atopalm\/mild-shampoo\/","title":{"rendered":"Mild Shampoo"},"content":{"rendered":"<p data-start=\"1550\" data-end=\"1808\">Atopalm Mild Shampoo \u2013 tai \u0161velnus lamelinis \u0161amp\u016bnas su r\u016bg\u0161\u010diu pH, sukurtas sausos ir jautrios galvos odos prie\u017ei\u016brai. \u0160velniai pa\u0161alina ne\u0161varumus, perteklin\u012f sebum\u0105 ir dulkes, nesukeldamas sausumo ar pleiskanojimo. Tinka vaikams ir k\u016bdikiams. pH 4.5\u20136.5.<\/p>\n<p data-start=\"1810\" data-end=\"2103\">Nat\u016bralios pavir\u0161inio aktyvumo med\u017eiagos padeda neutralizuoti neigiam\u0105 vandentiekio vandens poveik\u012f ir palaiko sveik\u0105 mikrobiom\u0105. \u0160amp\u016bnas kruop\u0161\u010diai valo plaukus, apsaugodamas juos nuo sausumo ir l\u016b\u017ein\u0117jimo. Veikia stiprinan\u010diai ir regeneruojan\u010diai, ramina sudirgusi\u0105 od\u0105 ir ma\u017eina nie\u017e\u0117jim\u0105.<\/p>\n<p data-start=\"2105\" data-end=\"2367\">Formul\u0117s i\u0161skirtinumas \u2013 Multi Lamellar Emulsion (MLE\u00ae) technologija, imituojanti odos lipidus. Tai leid\u017eia veikliosioms med\u017eiagoms \u012fsiskverbti \u012f lipidin\u012f sluoksn\u012f ir j\u012f atkurti kaip \u201elop\u0105\u201c, u\u017etikrinant ilgalaik\u012f dr\u0117kinim\u0105 ir apsaug\u0105 nuo galvos odos i\u0161saus\u0117jimo.<\/p>\n<p data-start=\"2372\" data-end=\"2393\"><strong data-start=\"2372\" data-end=\"2382\">T\u016bris:<\/strong> <strong data-start=\"2383\" data-end=\"2393\">300 ml<\/strong><\/p>\n","protected":false},"excerpt":{"rendered":"<p data-start=\"2560\" data-end=\"2601\">\u0160velnus \u0161amp\u016bnas jautriai galvos odai<\/p>\n<h2 data-start=\"2603\" data-end=\"2882\"><strong data-start=\"2603\" data-end=\"2635\">Atopalm Mild Shampoo savyb\u0117s<\/strong><\/h2>\n<p data-start=\"2603\" data-end=\"2882\">\u2714\ufe0f \u0160velniai valo, nesukeldamas sausumo ar pleiskanojimo<br data-start=\"2693\" data-end=\"2696\" \/>\u2714\ufe0f Ramina galvos od\u0105 ir ma\u017eina nie\u017e\u0117jim\u0105<br data-start=\"2736\" data-end=\"2739\" \/>\u2714\ufe0f Palaiko sveik\u0105 mikrobiomos pusiausvyr\u0105<br data-start=\"2780\" data-end=\"2783\" \/>\u2714\ufe0f Stiprina plaukus ir apsaugo nuo l\u016b\u017ein\u0117jimo<br data-start=\"2828\" data-end=\"2831\" \/>\u2714\ufe0f Su MLE\u00ae technologija lipidiniam barjerui atkurti<\/p>\n","protected":false},"featured_media":65544,"template":"","meta":[],"pwb-brand":[702],"product_brand":[],"product_cat":[763,1192],"product_tag":[],"giftcard-category":[],"class_list":{"0":"post-41188","1":"product","2":"type-product","3":"status-publish","4":"has-post-thumbnail","6":"pwb-brand-atopalm","7":"product_cat-plauku-prieziura","8":"product_cat-vaikams","10":"first","11":"instock","12":"taxable","13":"shipping-taxable","14":"purchasable","15":"product-type-simple"},"acf":[],"brands":[{"id":702,"name":"Atopalm","slug":"atopalm"}],"_links":{"self":[{"href":"https:\/\/skinstudio.ee\/lt\/wp-json\/wp\/v2\/product\/41188","targetHints":{"allow":["GET"]}}],"collection":[{"href":"https:\/\/skinstudio.ee\/lt\/wp-json\/wp\/v2\/product"}],"about":[{"href":"https:\/\/skinstudio.ee\/lt\/wp-json\/wp\/v2\/types\/product"}],"version-history":[{"count":0,"href":"https:\/\/skinstudio.ee\/lt\/wp-json\/wp\/v2\/product\/41188\/revisions"}],"wp:featuredmedia":[{"embeddable":true,"href":"https:\/\/skinstudio.ee\/lt\/wp-json\/wp\/v2\/media\/65544"}],"wp:attachment":[{"href":"https:\/\/skinstudio.ee\/lt\/wp-json\/wp\/v2\/media?parent=41188"}],"wp:term":[{"taxonomy":"pwb-brand","embeddable":true,"href":"https:\/\/skinstudio.ee\/lt\/wp-json\/wp\/v2\/pwb-brand?post=41188"},{"taxonomy":"product_brand","embeddable":true,"href":"https:\/\/skinstudio.ee\/lt\/wp-json\/wp\/v2\/product_brand?post=41188"},{"taxonomy":"product_cat","embeddable":true,"href":"https:\/\/skinstudio.ee\/lt\/wp-json\/wp\/v2\/product_cat?post=41188"},{"taxonomy":"product_tag","embeddable":true,"href":"https:\/\/skinstudio.ee\/lt\/wp-json\/wp\/v2\/product_tag?post=41188"},{"taxonomy":"giftcard-category","embeddable":true,"href":"https:\/\/skinstudio.ee\/lt\/wp-json\/wp\/v2\/giftcard-category?post=41188"}],"curies":[{"name":"wp","href":"https:\/\/api.w.org\/{rel}","templated":true}]}}