{"id":41206,"date":"2025-08-04T13:51:50","date_gmt":"2025-08-04T13:51:50","guid":{"rendered":"https:\/\/skinstudio.ee\/?post_type=product&#038;p=41206"},"modified":"2026-01-19T15:20:22","modified_gmt":"2026-01-19T15:20:22","slug":"mle-cream","status":"publish","type":"product","link":"https:\/\/skinstudio.ee\/lt\/catalog\/atopalm\/mle-cream\/","title":{"rendered":"MLE Cream"},"content":{"rendered":"<p data-start=\"1393\" data-end=\"1695\">Prabangus kremas sukurtas sausos ir jautrios odos prie\u017ei\u016brai, atkuriantis jos \u0161velnum\u0105, lygum\u0105 ir ilgalaik\u012f komfort\u0105. Patent\u0173 saugoma Multi Lamellar Emulsion (MLE\u00ae) technologija su augaliniais ceramidais atkartoja nat\u016brali\u0105 odos lipid\u0173 strukt\u016br\u0105, pad\u0117dama atkurti apsaugin\u012f barjer\u0105 ir i\u0161laikyti dr\u0117gm\u0119.<\/p>\n<p data-start=\"1697\" data-end=\"1936\">Klinikiniais tyrimais patvirtinta formul\u0117 puikiai dera su oda, greitai \u012fsigeria, nepalieka lipnumo ir akimirksniu ramina. Puikiai tinka sausoms vietoms, tokioms kaip alk\u016bn\u0117s, keliai ar kulnai, ir visur, kur reikia intensyvesn\u0117s prie\u017ei\u016bros.<\/p>\n<p data-start=\"1941\" data-end=\"1962\"><strong data-start=\"1941\" data-end=\"1951\">T\u016bris:<\/strong> <strong data-start=\"1952\" data-end=\"1962\">100 ml<\/strong><\/p>\n","protected":false},"excerpt":{"rendered":"<p data-start=\"1129\" data-end=\"1178\">Dr\u0117kinamasis kremas su augaliniais ceramidais<\/p>\n<h2 data-start=\"1183\" data-end=\"1212\"><strong data-start=\"1183\" data-end=\"1212\">Savyb\u0117s Atopalm MLE Cream<\/strong><\/h2>\n<p data-start=\"1214\" data-end=\"1388\">\u2714\ufe0f Giliai dr\u0117kina ir mink\u0161tina saus\u0105 od\u0105<br data-start=\"1254\" data-end=\"1257\" \/>\u2714\ufe0f Stiprina odos lipidin\u012f barjer\u0105 ir saugo nuo dr\u0117gm\u0117s praradimo<br data-start=\"1321\" data-end=\"1324\" \/>\u2714\ufe0f Tinka jautriai odai<br data-start=\"1346\" data-end=\"1349\" \/>\u2714\ufe0f Mal\u0161ina diskomfort\u0105 ir \u0161erpetojim\u0105<\/p>\n","protected":false},"featured_media":41197,"template":"","meta":[],"pwb-brand":[702],"product_brand":[],"product_cat":[738,746,750,1192],"product_tag":[],"giftcard-category":[],"class_list":{"0":"post-41206","1":"product","2":"type-product","3":"status-publish","4":"has-post-thumbnail","6":"pwb-brand-atopalm","7":"product_cat-drekinimas","8":"product_cat-jautriai-odai","9":"product_cat-senstanti-oda","10":"product_cat-vaikams","12":"first","13":"instock","14":"taxable","15":"shipping-taxable","16":"purchasable","17":"product-type-simple"},"acf":[],"brands":[{"id":702,"name":"Atopalm","slug":"atopalm"}],"_links":{"self":[{"href":"https:\/\/skinstudio.ee\/lt\/wp-json\/wp\/v2\/product\/41206","targetHints":{"allow":["GET"]}}],"collection":[{"href":"https:\/\/skinstudio.ee\/lt\/wp-json\/wp\/v2\/product"}],"about":[{"href":"https:\/\/skinstudio.ee\/lt\/wp-json\/wp\/v2\/types\/product"}],"version-history":[{"count":0,"href":"https:\/\/skinstudio.ee\/lt\/wp-json\/wp\/v2\/product\/41206\/revisions"}],"wp:featuredmedia":[{"embeddable":true,"href":"https:\/\/skinstudio.ee\/lt\/wp-json\/wp\/v2\/media\/41197"}],"wp:attachment":[{"href":"https:\/\/skinstudio.ee\/lt\/wp-json\/wp\/v2\/media?parent=41206"}],"wp:term":[{"taxonomy":"pwb-brand","embeddable":true,"href":"https:\/\/skinstudio.ee\/lt\/wp-json\/wp\/v2\/pwb-brand?post=41206"},{"taxonomy":"product_brand","embeddable":true,"href":"https:\/\/skinstudio.ee\/lt\/wp-json\/wp\/v2\/product_brand?post=41206"},{"taxonomy":"product_cat","embeddable":true,"href":"https:\/\/skinstudio.ee\/lt\/wp-json\/wp\/v2\/product_cat?post=41206"},{"taxonomy":"product_tag","embeddable":true,"href":"https:\/\/skinstudio.ee\/lt\/wp-json\/wp\/v2\/product_tag?post=41206"},{"taxonomy":"giftcard-category","embeddable":true,"href":"https:\/\/skinstudio.ee\/lt\/wp-json\/wp\/v2\/giftcard-category?post=41206"}],"curies":[{"name":"wp","href":"https:\/\/api.w.org\/{rel}","templated":true}]}}