{"id":41223,"date":"2025-08-04T14:09:42","date_gmt":"2025-08-04T14:09:42","guid":{"rendered":"https:\/\/skinstudio.ee\/?post_type=product&#038;p=41223"},"modified":"2026-01-19T15:20:22","modified_gmt":"2026-01-19T15:20:22","slug":"mle-cream-tube","status":"publish","type":"product","link":"https:\/\/skinstudio.ee\/lt\/catalog\/atopalm\/mle-cream-tube\/","title":{"rendered":"MLE Cream Tube"},"content":{"rendered":"<p data-start=\"1385\" data-end=\"1727\"><strong data-start=\"1385\" data-end=\"1411\">Atopalm MLE Cream Tube<\/strong> \u2013 tai universalus dr\u0117kinamasis ir atkuriamasis kremas sausai, jautriai ar pa\u017eeistai odai. Naudojama patentuota Multi Lamellar Emulsion (MLE\u00ae) technologija su augalin\u0117s kilm\u0117s ceramidais, kurie strukt\u016bri\u0161kai pana\u0161\u016bs \u012f odos lipidus. \u0160i technologija padeda atkurti nat\u016bral\u0173 apsaugin\u012f barjer\u0105 ir i\u0161laikyti dr\u0117gm\u0119 odoje.<\/p>\n<p data-start=\"1729\" data-end=\"2056\">Klinikiniais tyrimais patvirtinta formul\u0117, suderinama su oda, i\u0161 karto suma\u017eina tempimo jausm\u0105, sudirgim\u0105 ir diskomfort\u0105. Lengva, neriebi tekst\u016bra greitai susigeria, nesukelia lipnumo ir puikiai tinka naudoti tiek \u0161altuoju, tiek \u0161iltuoju met\u0173 laiku. Tinka vietoms, kur oda ypa\u010d i\u0161saus\u0117jusi \u2013 alk\u016bn\u0117ms, keliams, p\u0117doms, rankoms.<\/p>\n<p data-start=\"2058\" data-end=\"2074\"><strong data-start=\"2058\" data-end=\"2068\">T\u016bris:<\/strong> 65 ml<\/p>\n","protected":false},"excerpt":{"rendered":"<p data-start=\"2234\" data-end=\"2279\">Dr\u0117kinamasis kremas su augaliniais ceramidais<\/p>\n<h2 data-start=\"2281\" data-end=\"2547\"><strong data-start=\"2281\" data-end=\"2315\">Atopalm MLE Cream Tube savyb\u0117s<\/strong><\/h2>\n<p data-start=\"2281\" data-end=\"2547\">\u2714\ufe0f Giliai dr\u0117kina ir mink\u0161tina saus\u0105 od\u0105<br data-start=\"2358\" data-end=\"2361\" \/>\u2714\ufe0f Atkuria lipidin\u012f barjer\u0105 ir sulaiko dr\u0117gm\u0119<br data-start=\"2406\" data-end=\"2409\" \/>\u2714\ufe0f Ma\u017eina pleiskanojim\u0105 ir sudirgim\u0105<br data-start=\"2445\" data-end=\"2448\" \/>\u2714\ufe0f Tinka jautriai odai, taip pat vaikams<br data-start=\"2488\" data-end=\"2491\" \/>\u2714\ufe0f Lengva tekst\u016bra greitai \u012fsigeria, nepalieka lipnumo<\/p>\n","protected":false},"featured_media":65582,"template":"","meta":[],"pwb-brand":[702],"product_brand":[],"product_cat":[738,740,1192],"product_tag":[],"giftcard-category":[],"class_list":{"0":"post-41223","1":"product","2":"type-product","3":"status-publish","4":"has-post-thumbnail","6":"pwb-brand-atopalm","7":"product_cat-drekinimas","8":"product_cat-sausai-odai","9":"product_cat-vaikams","11":"first","12":"instock","13":"taxable","14":"shipping-taxable","15":"purchasable","16":"product-type-simple"},"acf":[],"brands":[{"id":702,"name":"Atopalm","slug":"atopalm"}],"_links":{"self":[{"href":"https:\/\/skinstudio.ee\/lt\/wp-json\/wp\/v2\/product\/41223","targetHints":{"allow":["GET"]}}],"collection":[{"href":"https:\/\/skinstudio.ee\/lt\/wp-json\/wp\/v2\/product"}],"about":[{"href":"https:\/\/skinstudio.ee\/lt\/wp-json\/wp\/v2\/types\/product"}],"version-history":[{"count":0,"href":"https:\/\/skinstudio.ee\/lt\/wp-json\/wp\/v2\/product\/41223\/revisions"}],"wp:featuredmedia":[{"embeddable":true,"href":"https:\/\/skinstudio.ee\/lt\/wp-json\/wp\/v2\/media\/65582"}],"wp:attachment":[{"href":"https:\/\/skinstudio.ee\/lt\/wp-json\/wp\/v2\/media?parent=41223"}],"wp:term":[{"taxonomy":"pwb-brand","embeddable":true,"href":"https:\/\/skinstudio.ee\/lt\/wp-json\/wp\/v2\/pwb-brand?post=41223"},{"taxonomy":"product_brand","embeddable":true,"href":"https:\/\/skinstudio.ee\/lt\/wp-json\/wp\/v2\/product_brand?post=41223"},{"taxonomy":"product_cat","embeddable":true,"href":"https:\/\/skinstudio.ee\/lt\/wp-json\/wp\/v2\/product_cat?post=41223"},{"taxonomy":"product_tag","embeddable":true,"href":"https:\/\/skinstudio.ee\/lt\/wp-json\/wp\/v2\/product_tag?post=41223"},{"taxonomy":"giftcard-category","embeddable":true,"href":"https:\/\/skinstudio.ee\/lt\/wp-json\/wp\/v2\/giftcard-category?post=41223"}],"curies":[{"name":"wp","href":"https:\/\/api.w.org\/{rel}","templated":true}]}}