{"id":41240,"date":"2025-08-04T14:23:36","date_gmt":"2025-08-04T14:23:36","guid":{"rendered":"https:\/\/skinstudio.ee\/?post_type=product&#038;p=41240"},"modified":"2026-01-19T15:20:22","modified_gmt":"2026-01-19T15:20:22","slug":"mle-lotion","status":"publish","type":"product","link":"https:\/\/skinstudio.ee\/lt\/catalog\/atopalm\/mle-lotion\/","title":{"rendered":"MLE Lotion"},"content":{"rendered":"<p data-start=\"596\" data-end=\"988\">ATOPALM MLE losjonas \u2013 lengvai \u012fsigeriantis k\u016bno losjonas, kuris puikiai dr\u0117kina od\u0105 ir apsaugo j\u0105 nuo pernelyg didelio dr\u0117gm\u0117s netekimo. Alantoinas ir antioksidant\u0173 turtingas vitaminas E padaro od\u0105 \u0161velni\u0105 ir lygi\u0105. Losjonas ypa\u010d tinka sausai ir jautriai odai, ta\u010diau taip pat tinka vis\u0173 tip\u0173 odai. Atopalm odos prie\u017ei\u016bros priemon\u0117se n\u0117ra mineralini\u0173 aliej\u0173, dirbtini\u0173 kvapikli\u0173 ar da\u017eikli\u0173.<\/p>\n<p data-start=\"993\" data-end=\"1014\"><strong data-start=\"993\" data-end=\"1003\">T\u016bris:<\/strong> <strong data-start=\"1004\" data-end=\"1014\">200 ml<\/strong><\/p>\n","protected":false},"excerpt":{"rendered":"<p data-start=\"465\" data-end=\"491\">Dr\u0117kinamasis k\u016bno losjonas<\/p>\n<h2 data-start=\"496\" data-end=\"721\"><strong data-start=\"496\" data-end=\"526\">Savyb\u0117s Atopalm MLE Lotion<\/strong><\/h2>\n<p data-start=\"496\" data-end=\"721\">\u2714\ufe0f Intensyviai dr\u0117kina ir pa\u0161alina sausum\u0105<br data-start=\"571\" data-end=\"574\" \/>\u2714\ufe0f Atkuria odos lipidin\u012f barjer\u0105<br data-start=\"606\" data-end=\"609\" \/>\u2714\ufe0f Neleid\u017eia prarasti dr\u0117gm\u0117s<br data-start=\"638\" data-end=\"641\" \/>\u2714\ufe0f Mink\u0161tina ir pa\u0161alina pleiskanojim\u0105<br data-start=\"679\" data-end=\"682\" \/>\u2714\ufe0f Lengva, greitai \u012fsigerianti tekst\u016bra<\/p>\n","protected":false},"featured_media":65523,"template":"","meta":[],"pwb-brand":[702],"product_brand":[],"product_cat":[758,1192],"product_tag":[],"giftcard-category":[],"class_list":{"0":"post-41240","1":"product","2":"type-product","3":"status-publish","4":"has-post-thumbnail","6":"pwb-brand-atopalm","7":"product_cat-kuno-prieziura","8":"product_cat-vaikams","10":"first","11":"instock","12":"taxable","13":"shipping-taxable","14":"purchasable","15":"product-type-simple"},"acf":[],"brands":[{"id":702,"name":"Atopalm","slug":"atopalm"}],"_links":{"self":[{"href":"https:\/\/skinstudio.ee\/lt\/wp-json\/wp\/v2\/product\/41240","targetHints":{"allow":["GET"]}}],"collection":[{"href":"https:\/\/skinstudio.ee\/lt\/wp-json\/wp\/v2\/product"}],"about":[{"href":"https:\/\/skinstudio.ee\/lt\/wp-json\/wp\/v2\/types\/product"}],"version-history":[{"count":0,"href":"https:\/\/skinstudio.ee\/lt\/wp-json\/wp\/v2\/product\/41240\/revisions"}],"wp:featuredmedia":[{"embeddable":true,"href":"https:\/\/skinstudio.ee\/lt\/wp-json\/wp\/v2\/media\/65523"}],"wp:attachment":[{"href":"https:\/\/skinstudio.ee\/lt\/wp-json\/wp\/v2\/media?parent=41240"}],"wp:term":[{"taxonomy":"pwb-brand","embeddable":true,"href":"https:\/\/skinstudio.ee\/lt\/wp-json\/wp\/v2\/pwb-brand?post=41240"},{"taxonomy":"product_brand","embeddable":true,"href":"https:\/\/skinstudio.ee\/lt\/wp-json\/wp\/v2\/product_brand?post=41240"},{"taxonomy":"product_cat","embeddable":true,"href":"https:\/\/skinstudio.ee\/lt\/wp-json\/wp\/v2\/product_cat?post=41240"},{"taxonomy":"product_tag","embeddable":true,"href":"https:\/\/skinstudio.ee\/lt\/wp-json\/wp\/v2\/product_tag?post=41240"},{"taxonomy":"giftcard-category","embeddable":true,"href":"https:\/\/skinstudio.ee\/lt\/wp-json\/wp\/v2\/giftcard-category?post=41240"}],"curies":[{"name":"wp","href":"https:\/\/api.w.org\/{rel}","templated":true}]}}