{"id":41258,"date":"2025-08-04T14:40:44","date_gmt":"2025-08-04T14:40:44","guid":{"rendered":"https:\/\/skinstudio.ee\/?post_type=product&#038;p=41258"},"modified":"2026-01-19T15:20:22","modified_gmt":"2026-01-19T15:20:22","slug":"panthenol-lotion","status":"publish","type":"product","link":"https:\/\/skinstudio.ee\/lt\/catalog\/atopalm\/panthenol-lotion\/","title":{"rendered":"Panthenol Lotion"},"content":{"rendered":"<p data-start=\"1189\" data-end=\"1639\">Lengvas gelinis losjonas su didel\u0117s koncentracijos pantenoliu (10%) ramina ir saugo saus\u0105, jautri\u0105 od\u0105. Suteikia ilgalaik\u012f dr\u0117kinim\u0105 ir palengvina laikin\u0105 nie\u017e\u0117jim\u0105, kur\u012f sukelia sausumas, tod\u0117l puikiai tinka naudoti \u017eiem\u0105 ir pereinamuoju laikotarpiu. Sud\u0117tyje yra penkios aminor\u016bg\u0161tys ir maitinamieji vynuogi\u0173 kauliuk\u0173, simondsij\u0173 ir nakvi\u0161\u0173 aliejai. \u0160ios med\u017eiagos padeda atkurti ir palaikyti sveik\u0105 od\u0105, giliai dr\u0117kindamos ir ma\u017eindamos sudirgim\u0105.<\/p>\n<p data-start=\"1641\" data-end=\"1782\">Gaivinanti nelipni tekst\u016bra greitai susigeria, tod\u0117l losjonas idealiai tinka kasdienei k\u016bno prie\u017ei\u016brai, suteikdamas iki 72 valand\u0173 dr\u0117kinim\u0105.<\/p>\n<p data-start=\"1787\" data-end=\"1804\"><strong data-start=\"1787\" data-end=\"1797\">T\u016bris:<\/strong> 180 ml<\/p>\n","protected":false},"excerpt":{"rendered":"<p data-start=\"1898\" data-end=\"1932\">Raminamasis losjonas su pantenoliu<\/p>\n<h2 data-start=\"1937\" data-end=\"2196\"><strong data-start=\"1937\" data-end=\"1973\">Atopalm Panthenol Lotion savyb\u0117s<\/strong><\/h2>\n<p data-start=\"1937\" data-end=\"2196\">\u2714\ufe0f Ramina ir saugo saus\u0105, jautri\u0105 od\u0105<br data-start=\"2013\" data-end=\"2016\" \/>\u2714\ufe0f Suteikia 72 val. dr\u0117kinim\u0105<br data-start=\"2045\" data-end=\"2048\" \/>\u2714\ufe0f Mal\u0161ina nie\u017e\u0117jim\u0105 ir sudirgim\u0105<br data-start=\"2081\" data-end=\"2084\" \/>\u2714\ufe0f Palaiko sveik\u0105 od\u0105 d\u0117l aminor\u016bg\u0161\u010di\u0173 ir aliej\u0173<br data-start=\"2132\" data-end=\"2135\" \/>\u2714\ufe0f Puikiai tinka \u017eiemos ir pereinamojo laikotarpio prie\u017ei\u016brai<\/p>\n","protected":false},"featured_media":65571,"template":"","meta":[],"pwb-brand":[702],"product_brand":[],"product_cat":[758,1192],"product_tag":[],"giftcard-category":[],"class_list":{"0":"post-41258","1":"product","2":"type-product","3":"status-publish","4":"has-post-thumbnail","6":"pwb-brand-atopalm","7":"product_cat-kuno-prieziura","8":"product_cat-vaikams","10":"first","11":"instock","12":"taxable","13":"shipping-taxable","14":"purchasable","15":"product-type-simple"},"acf":[],"brands":[{"id":702,"name":"Atopalm","slug":"atopalm"}],"_links":{"self":[{"href":"https:\/\/skinstudio.ee\/lt\/wp-json\/wp\/v2\/product\/41258","targetHints":{"allow":["GET"]}}],"collection":[{"href":"https:\/\/skinstudio.ee\/lt\/wp-json\/wp\/v2\/product"}],"about":[{"href":"https:\/\/skinstudio.ee\/lt\/wp-json\/wp\/v2\/types\/product"}],"version-history":[{"count":0,"href":"https:\/\/skinstudio.ee\/lt\/wp-json\/wp\/v2\/product\/41258\/revisions"}],"wp:featuredmedia":[{"embeddable":true,"href":"https:\/\/skinstudio.ee\/lt\/wp-json\/wp\/v2\/media\/65571"}],"wp:attachment":[{"href":"https:\/\/skinstudio.ee\/lt\/wp-json\/wp\/v2\/media?parent=41258"}],"wp:term":[{"taxonomy":"pwb-brand","embeddable":true,"href":"https:\/\/skinstudio.ee\/lt\/wp-json\/wp\/v2\/pwb-brand?post=41258"},{"taxonomy":"product_brand","embeddable":true,"href":"https:\/\/skinstudio.ee\/lt\/wp-json\/wp\/v2\/product_brand?post=41258"},{"taxonomy":"product_cat","embeddable":true,"href":"https:\/\/skinstudio.ee\/lt\/wp-json\/wp\/v2\/product_cat?post=41258"},{"taxonomy":"product_tag","embeddable":true,"href":"https:\/\/skinstudio.ee\/lt\/wp-json\/wp\/v2\/product_tag?post=41258"},{"taxonomy":"giftcard-category","embeddable":true,"href":"https:\/\/skinstudio.ee\/lt\/wp-json\/wp\/v2\/giftcard-category?post=41258"}],"curies":[{"name":"wp","href":"https:\/\/api.w.org\/{rel}","templated":true}]}}