{"id":41275,"date":"2025-08-04T14:50:20","date_gmt":"2025-08-04T14:50:20","guid":{"rendered":"https:\/\/skinstudio.ee\/?post_type=product&#038;p=41275"},"modified":"2026-01-19T15:20:22","modified_gmt":"2026-01-19T15:20:22","slug":"panthenol-cream","status":"publish","type":"product","link":"https:\/\/skinstudio.ee\/lt\/catalog\/atopalm\/panthenol-cream\/","title":{"rendered":"Panthenol Cream"},"content":{"rendered":"<p data-start=\"995\" data-end=\"1406\">Veido kremas, kuris \u0161velniai pri\u017ei\u016bri jautri\u0105 ir gle\u017en\u0105 od\u0105, padeda kovoti su sausumu, pleiskanojimu, sudirgimu ir gydo mikro\u012ftr\u016bkimus, atsirandan\u010dius d\u0117l pernelyg didelio odos sausumo. Formul\u0117je yra 10 % pantenolio, dar \u017einomo kaip vitaminas B5. MLE (daugiasluoksn\u0117 emulsija) puikiai dr\u0117kina ir ramina jautri\u0105 bei saus\u0105 od\u0105. Saugo od\u0105 nuo nepalanki\u0173 aplinkos s\u0105lyg\u0173, taip pat staigi\u0173 temperat\u016bros poky\u010di\u0173 metu.<\/p>\n<p data-start=\"1408\" data-end=\"1424\"><strong data-start=\"1408\" data-end=\"1418\">T\u016bris:<\/strong> 80 ml<\/p>\n","protected":false},"excerpt":{"rendered":"<p data-start=\"1570\" data-end=\"1602\">Raminamasis kremas su pantenoliu<\/p>\n<h2 data-start=\"1604\" data-end=\"1854\"><strong data-start=\"1604\" data-end=\"1639\">Atopalm Panthenol Cream savyb\u0117s<\/strong><\/h2>\n<p data-start=\"1604\" data-end=\"1854\">\u2714\ufe0f Ramina ir atkuria pa\u017eeist\u0105 od\u0105<br data-start=\"1675\" data-end=\"1678\" \/>\u2714\ufe0f Ma\u017eina paraudim\u0105 ir sudirgim\u0105<br data-start=\"1710\" data-end=\"1713\" \/>\u2714\ufe0f Stiprina odos apsaugin\u012f barjer\u0105<br data-start=\"1747\" data-end=\"1750\" \/>\u2714\ufe0f Puikiai tinka po kosmetini\u0173 proced\u016br\u0173 ir esant sausumui<br data-start=\"1808\" data-end=\"1811\" \/>\u2714\ufe0f Suteikia intensyv\u0173 dr\u0117kinim\u0105 ir komfort\u0105<\/p>\n","protected":false},"featured_media":65576,"template":"","meta":[],"pwb-brand":[702],"product_brand":[],"product_cat":[738,746,740,750,1192],"product_tag":[],"giftcard-category":[],"class_list":{"0":"post-41275","1":"product","2":"type-product","3":"status-publish","4":"has-post-thumbnail","6":"pwb-brand-atopalm","7":"product_cat-drekinimas","8":"product_cat-jautriai-odai","9":"product_cat-sausai-odai","10":"product_cat-senstanti-oda","11":"product_cat-vaikams","13":"first","14":"instock","15":"taxable","16":"shipping-taxable","17":"purchasable","18":"product-type-simple"},"acf":[],"brands":[{"id":702,"name":"Atopalm","slug":"atopalm"}],"_links":{"self":[{"href":"https:\/\/skinstudio.ee\/lt\/wp-json\/wp\/v2\/product\/41275","targetHints":{"allow":["GET"]}}],"collection":[{"href":"https:\/\/skinstudio.ee\/lt\/wp-json\/wp\/v2\/product"}],"about":[{"href":"https:\/\/skinstudio.ee\/lt\/wp-json\/wp\/v2\/types\/product"}],"version-history":[{"count":0,"href":"https:\/\/skinstudio.ee\/lt\/wp-json\/wp\/v2\/product\/41275\/revisions"}],"wp:featuredmedia":[{"embeddable":true,"href":"https:\/\/skinstudio.ee\/lt\/wp-json\/wp\/v2\/media\/65576"}],"wp:attachment":[{"href":"https:\/\/skinstudio.ee\/lt\/wp-json\/wp\/v2\/media?parent=41275"}],"wp:term":[{"taxonomy":"pwb-brand","embeddable":true,"href":"https:\/\/skinstudio.ee\/lt\/wp-json\/wp\/v2\/pwb-brand?post=41275"},{"taxonomy":"product_brand","embeddable":true,"href":"https:\/\/skinstudio.ee\/lt\/wp-json\/wp\/v2\/product_brand?post=41275"},{"taxonomy":"product_cat","embeddable":true,"href":"https:\/\/skinstudio.ee\/lt\/wp-json\/wp\/v2\/product_cat?post=41275"},{"taxonomy":"product_tag","embeddable":true,"href":"https:\/\/skinstudio.ee\/lt\/wp-json\/wp\/v2\/product_tag?post=41275"},{"taxonomy":"giftcard-category","embeddable":true,"href":"https:\/\/skinstudio.ee\/lt\/wp-json\/wp\/v2\/giftcard-category?post=41275"}],"curies":[{"name":"wp","href":"https:\/\/api.w.org\/{rel}","templated":true}]}}