{"id":41293,"date":"2025-08-04T14:59:06","date_gmt":"2025-08-04T14:59:06","guid":{"rendered":"https:\/\/skinstudio.ee\/?post_type=product&#038;p=41293"},"modified":"2026-01-19T15:20:22","modified_gmt":"2026-01-19T15:20:22","slug":"panthenol-cream-wash","status":"publish","type":"product","link":"https:\/\/skinstudio.ee\/lt\/catalog\/atopalm\/panthenol-cream-wash\/","title":{"rendered":"Panthenol Cream Wash"},"content":{"rendered":"<p data-start=\"1124\" data-end=\"1713\">Saugus ir \u0161velnus valomasis kremas stiprina, dr\u0117kina ir saugo jautri\u0105 bei saus\u0105 od\u0105. Didel\u0117 pantenolio koncentracija greitai ir giliai \u012fsiskverbia \u012f od\u0105, pad\u0117dama j\u0105 dr\u0117kinti ir apsaugoti. Patentuota MLE technologija su keramidu atkuria sveik\u0105 odos barjerin\u0119 funkcij\u0105. Oda tampa atsparesn\u0117 \u017ealingiems aplinkos dirgikliams ir geriau i\u0161laiko dr\u0117gm\u0119. Mal\u0161ina nie\u017eul\u012f, kur\u012f sukelia odos sausumas ir paraudimas, ir padeda suma\u017einti nemalonius poj\u016b\u010dius, kuriuos sukelia od\u0105 dirginantys streso veiksniai. Nesukelia nemalonaus tempimo ar sausumo jausmo \u2014 oda i\u0161lieka rami ir sudr\u0117kinta ilg\u0105 laik\u0105.<\/p>\n<p data-start=\"1715\" data-end=\"1732\"><strong data-start=\"1715\" data-end=\"1725\">T\u016bris:<\/strong> 300 ml<\/p>\n","protected":false},"excerpt":{"rendered":"<p data-start=\"1804\" data-end=\"1845\">Raminamasis kremas-valiklis su pantenoliu<\/p>\n<h2 data-start=\"1847\" data-end=\"2092\"><strong data-start=\"1847\" data-end=\"1887\">Atopalm Panthenol Cream Wash savyb\u0117s<\/strong><\/h2>\n<p data-start=\"1847\" data-end=\"2092\">\u2714\ufe0f \u0160velniai valo, nepa\u017eeid\u017eiant odos barjero<br data-start=\"1934\" data-end=\"1937\" \/>\u2714\ufe0f Ramina jautri\u0105 ir sudirgusi\u0105 od\u0105<br data-start=\"1972\" data-end=\"1975\" \/>\u2714\ufe0f Sud\u0117tyje yra 5 % pantenolio ir MLE komplekso<br data-start=\"2022\" data-end=\"2025\" \/>\u2714\ufe0f Dr\u0117kina ir apsaugo nuo tempimo jausmo<br data-start=\"2065\" data-end=\"2068\" \/>\u2714\ufe0f Tinka veidui ir k\u016bnui<\/p>\n","protected":false},"featured_media":41282,"template":"","meta":[],"pwb-brand":[702],"product_brand":[],"product_cat":[746,740,1192,718],"product_tag":[],"giftcard-category":[],"class_list":{"0":"post-41293","1":"product","2":"type-product","3":"status-publish","4":"has-post-thumbnail","6":"pwb-brand-atopalm","7":"product_cat-jautriai-odai","8":"product_cat-sausai-odai","9":"product_cat-vaikams","10":"product_cat-valymas","12":"first","13":"instock","14":"taxable","15":"shipping-taxable","16":"purchasable","17":"product-type-simple"},"acf":[],"brands":[{"id":702,"name":"Atopalm","slug":"atopalm"}],"_links":{"self":[{"href":"https:\/\/skinstudio.ee\/lt\/wp-json\/wp\/v2\/product\/41293","targetHints":{"allow":["GET"]}}],"collection":[{"href":"https:\/\/skinstudio.ee\/lt\/wp-json\/wp\/v2\/product"}],"about":[{"href":"https:\/\/skinstudio.ee\/lt\/wp-json\/wp\/v2\/types\/product"}],"version-history":[{"count":0,"href":"https:\/\/skinstudio.ee\/lt\/wp-json\/wp\/v2\/product\/41293\/revisions"}],"wp:featuredmedia":[{"embeddable":true,"href":"https:\/\/skinstudio.ee\/lt\/wp-json\/wp\/v2\/media\/41282"}],"wp:attachment":[{"href":"https:\/\/skinstudio.ee\/lt\/wp-json\/wp\/v2\/media?parent=41293"}],"wp:term":[{"taxonomy":"pwb-brand","embeddable":true,"href":"https:\/\/skinstudio.ee\/lt\/wp-json\/wp\/v2\/pwb-brand?post=41293"},{"taxonomy":"product_brand","embeddable":true,"href":"https:\/\/skinstudio.ee\/lt\/wp-json\/wp\/v2\/product_brand?post=41293"},{"taxonomy":"product_cat","embeddable":true,"href":"https:\/\/skinstudio.ee\/lt\/wp-json\/wp\/v2\/product_cat?post=41293"},{"taxonomy":"product_tag","embeddable":true,"href":"https:\/\/skinstudio.ee\/lt\/wp-json\/wp\/v2\/product_tag?post=41293"},{"taxonomy":"giftcard-category","embeddable":true,"href":"https:\/\/skinstudio.ee\/lt\/wp-json\/wp\/v2\/giftcard-category?post=41293"}],"curies":[{"name":"wp","href":"https:\/\/api.w.org\/{rel}","templated":true}]}}