{"id":41328,"date":"2025-08-04T15:24:48","date_gmt":"2025-08-04T15:24:48","guid":{"rendered":"https:\/\/skinstudio.ee\/?post_type=product&#038;p=41328"},"modified":"2026-01-19T15:20:22","modified_gmt":"2026-01-19T15:20:22","slug":"foaming-hand-wash-kids","status":"publish","type":"product","link":"https:\/\/skinstudio.ee\/lt\/catalog\/atopalm\/foaming-hand-wash-kids\/","title":{"rendered":"Foaming Hand Wash Kids"},"content":{"rendered":"<p data-start=\"919\" data-end=\"1336\">Tai nat\u016bralus dr\u0117kinamasis faktorius, i\u0161gautas i\u0161 cukraus komponent\u0173, kuris suformuoja apsaugin\u012f sluoksn\u012f odos barjero pavir\u0161iuje.<br data-start=\"1049\" data-end=\"1052\" \/>Jis padeda i\u0161laikyti dr\u0117gm\u0119 odoje, neleid\u017eia jai pasi\u0161alinti ir tolygiai paskirsto j\u0105 ten, kur jos labiausiai reikia, kad b\u016bt\u0173 palaikytas optimalus dr\u0117gm\u0117s balansas.<br data-start=\"1217\" data-end=\"1220\" \/>Labai koncentruoti aktyvieji ingredientai, i\u0161gauti naudojant oleo-ekstrakcijos technologij\u0105, ypa\u010d tinka sausai odai.<\/p>\n<p data-start=\"1338\" data-end=\"1355\"><strong data-start=\"1338\" data-end=\"1348\">T\u016bris:<\/strong> 300 ml<\/p>\n","protected":false},"excerpt":{"rendered":"<p data-start=\"1452\" data-end=\"1492\">\u0160velnios putojan\u010dios rank\u0173 putos vaikams<\/p>\n<h2 data-start=\"1494\" data-end=\"1713\"><strong data-start=\"1494\" data-end=\"1536\">Atopalm Foaming Hand Wash Kids savyb\u0117s<\/strong><\/h2>\n<p data-start=\"1494\" data-end=\"1713\">\u2714\ufe0f \u0160velniai valo, ned\u017eiovina odos<br data-start=\"1572\" data-end=\"1575\" \/>\u2714\ufe0f Palaiko nat\u016bral\u0173 dr\u0117gm\u0117s balans\u0105<br data-start=\"1610\" data-end=\"1613\" \/>\u2714\ufe0f Sudaro apsaugin\u012f barjer\u0105<br data-start=\"1640\" data-end=\"1643\" \/>\u2714\ufe0f Sud\u0117tyje yra nat\u016brali\u0173 dr\u0117kikli\u0173<br data-start=\"1678\" data-end=\"1681\" \/>\u2714\ufe0f Tinka sausai ir jautriai odai<\/p>\n","protected":false},"featured_media":41319,"template":"","meta":[],"pwb-brand":[702],"product_brand":[],"product_cat":[758,1192],"product_tag":[],"giftcard-category":[],"class_list":{"0":"post-41328","1":"product","2":"type-product","3":"status-publish","4":"has-post-thumbnail","6":"pwb-brand-atopalm","7":"product_cat-kuno-prieziura","8":"product_cat-vaikams","10":"first","11":"instock","12":"taxable","13":"shipping-taxable","14":"purchasable","15":"product-type-simple"},"acf":[],"brands":[{"id":702,"name":"Atopalm","slug":"atopalm"}],"_links":{"self":[{"href":"https:\/\/skinstudio.ee\/lt\/wp-json\/wp\/v2\/product\/41328","targetHints":{"allow":["GET"]}}],"collection":[{"href":"https:\/\/skinstudio.ee\/lt\/wp-json\/wp\/v2\/product"}],"about":[{"href":"https:\/\/skinstudio.ee\/lt\/wp-json\/wp\/v2\/types\/product"}],"version-history":[{"count":0,"href":"https:\/\/skinstudio.ee\/lt\/wp-json\/wp\/v2\/product\/41328\/revisions"}],"wp:featuredmedia":[{"embeddable":true,"href":"https:\/\/skinstudio.ee\/lt\/wp-json\/wp\/v2\/media\/41319"}],"wp:attachment":[{"href":"https:\/\/skinstudio.ee\/lt\/wp-json\/wp\/v2\/media?parent=41328"}],"wp:term":[{"taxonomy":"pwb-brand","embeddable":true,"href":"https:\/\/skinstudio.ee\/lt\/wp-json\/wp\/v2\/pwb-brand?post=41328"},{"taxonomy":"product_brand","embeddable":true,"href":"https:\/\/skinstudio.ee\/lt\/wp-json\/wp\/v2\/product_brand?post=41328"},{"taxonomy":"product_cat","embeddable":true,"href":"https:\/\/skinstudio.ee\/lt\/wp-json\/wp\/v2\/product_cat?post=41328"},{"taxonomy":"product_tag","embeddable":true,"href":"https:\/\/skinstudio.ee\/lt\/wp-json\/wp\/v2\/product_tag?post=41328"},{"taxonomy":"giftcard-category","embeddable":true,"href":"https:\/\/skinstudio.ee\/lt\/wp-json\/wp\/v2\/giftcard-category?post=41328"}],"curies":[{"name":"wp","href":"https:\/\/api.w.org\/{rel}","templated":true}]}}